{"id":478,"date":"2025-04-11T10:37:06","date_gmt":"2025-04-11T10:37:06","guid":{"rendered":"https:\/\/www.percorsipinerolo.it\/youth4happiness\/?page_id=478"},"modified":"2025-05-16T15:39:39","modified_gmt":"2025-05-16T15:39:39","slug":"it2anr_03-terrazze-acaja","status":"publish","type":"page","link":"https:\/\/www.percorsipinerolo.it\/youth4happiness\/it2anr_03-terrazze-acaja\/","title":{"rendered":"Terrazze Acaja"},"content":{"rendered":"\n<div class=\"wp-block-group is-layout-grid wp-container-core-group-is-layout-8d2db683 wp-block-group-is-layout-grid\" style=\"font-size:100px\"><div id=\"metaslider-id-772\" style=\"width: 100%;\" class=\"ml-slider-3-97-0 metaslider metaslider-flex metaslider-772 ml-slider ms-theme-default-base has-dots-nav\" role=\"region\" aria-roledescription=\"Slideshow\" aria-label=\"terrazze acaja\" data-width=\"700\">\n    <div id=\"metaslider_container_772\">\n        <div id=\"metaslider_772\">\n            <ul class='slides'>\n                <li style=\"display: block; width: 100%;\" class=\"slide-775 ms-image \" aria-roledescription=\"slide\" aria-label=\"slide-775\" data-date=\"2025-04-29 08:32:33\"><img loading=\"lazy\" decoding=\"async\" src=\"https:\/\/www.percorsipinerolo.it\/youth4happiness\/wp-content\/uploads\/2025\/04\/96b45b40-a0ad-4d62-a8d9-968be253877e-700x300.jpg\" height=\"300\" width=\"700\" alt=\"\" class=\"slider-772 slide-775\" title=\"96b45b40-a0ad-4d62-a8d9-968be253877e\" \/><\/li>\n                <li style=\"display: none; width: 100%;\" class=\"slide-794 ms-image \" aria-roledescription=\"slide\" aria-label=\"slide-794\" data-date=\"2025-04-29 08:38:30\"><img loading=\"lazy\" decoding=\"async\" src=\"https:\/\/www.percorsipinerolo.it\/youth4happiness\/wp-content\/uploads\/2025\/04\/2-431x184.png\" height=\"300\" width=\"700\" alt=\"\" class=\"slider-772 slide-794\" title=\"2\" \/><\/li>\n            <\/ul>\n        <\/div>\n        \n    <\/div>\n<\/div>\n<\/div>\n\n\n\n<h1 class=\"wp-block-heading\">Descrizione<\/h1>\n\n\n\n<p>Le tre terrazze Acaja sono situate in via Principi d\u2019Acaja, storica salita che congiunge il centro al monte di San Maurizio. Da qui si possono osservare i luoghi pi\u00f9 caratteristici della citt\u00e0, come la Basilica di San Maurizio, il palazzo del Vicario e la chiesa di Sant&#8217;Agostino . Nel tempo ha cambiato volto luogo di fiere e di incontro per i giovani. le tre terrazze hanno\u00a0 diverse destinazioni d\u2019uso: lo spazio\u00a0 pi\u00f9 in alto \u00e8 dedicato a manifestazioni culturali, quello di mezzo a eventi enogastronomici e quella pi\u00f9 in basso a luogo di aggregazione.Salendo alle terrazze, si pu\u00f2 osservare il murales di Oscar Cauda, che ha disegnato elementi astratti per attribuire un significato pi\u00f9 profondo a quella che per i pinerolesi \u00e8 la \u201cconosciuta terrazza\u201d.<\/p>\n\n\n\n<div class=\"wp-block-group is-layout-grid wp-container-core-group-is-layout-baef362d wp-block-group-is-layout-grid\">\n<p>Questo luogo sta particolarmente a cuore ai cittadini; infatti sei associazioni si sono occupate della sua riqualifica nel con il progetto &#8220;Wivi Terrazze Acaja\u201d. In questo modo le terrazze sono diventate un luogo da vivere per&nbsp; tutti.<br><\/p>\n\n\n\n<figure class=\"wp-block-image size-full\"><img loading=\"lazy\" decoding=\"async\" width=\"431\" height=\"607\" src=\"https:\/\/www.percorsipinerolo.it\/youth4happiness\/wp-content\/uploads\/2025\/04\/2.png\" alt=\"\" class=\"wp-image-793\" srcset=\"https:\/\/www.percorsipinerolo.it\/youth4happiness\/wp-content\/uploads\/2025\/04\/2.png 431w, https:\/\/www.percorsipinerolo.it\/youth4happiness\/wp-content\/uploads\/2025\/04\/2-213x300.png 213w\" sizes=\"auto, (max-width: 431px) 100vw, 431px\" \/><\/figure>\n<\/div>\n\n\n\n<h1 class=\"wp-block-heading\">Mappa<\/h1>\n\n\n\n<iframe loading=\"lazy\" width=\"100%\" height=\"300px\" frameborder=\"0\" allowfullscreen allow=\"geolocation\" src=\"\/\/umap.openstreetmap.fr\/it\/map\/punti-di-interesse-pinerolo_1215045?scaleControl=false&#038;miniMap=false&#038;scrollWheelZoom=false&#038;zoomControl=true&#038;editMode=disabled&#038;moreControl=true&#038;searchControl=null&#038;tilelayersControl=null&#038;embedControl=null&#038;datalayersControl=true&#038;onLoadPanel=none&#038;captionBar=false&#038;captionMenus=true#15\/44.8913\/7.3305\"><\/iframe><p><a href=\"\/\/umap.openstreetmap.fr\/it\/map\/punti-di-interesse-pinerolo_1215045?scaleControl=false&#038;miniMap=false&#038;scrollWheelZoom=false&#038;zoomControl=true&#038;editMode=disabled&#038;moreControl=true&#038;searchControl=null&#038;tilelayersControl=null&#038;embedControl=null&#038;datalayersControl=true&#038;onLoadPanel=none&#038;captionBar=false&#038;captionMenus=true#15\/44.8913\/7.3305\">Visualizza a schermo intero<\/a><\/p>\n\n\n\n<p class=\"has-small-font-size\"><\/p>\n\n\n\n<div class=\"wp-block-group is-layout-grid wp-container-core-group-is-layout-da7a6a80 wp-block-group-is-layout-grid\">\n<h1 class=\"wp-block-heading wp-container-content-b4c5012d\">Citazione<\/h1>\n\n\n\n<h1 class=\"wp-block-heading\">Info<\/h1>\n\n\n\n<p class=\"has-text-align-left wp-container-content-b4c5012d\">TERRAZZE ACAJA: IL CANTUCCIO &#8220;Ho attraversata tutta la citt\u00e0. <br>Poi ho salita un&#8217;erta popolosa in principio, in l\u00e0 deserta,<br>chiusa da un muricciolo:<br>un cantuccio in cui solo<br>siedo&#8230;&#8221; <br><em>(da &#8220;Trieste&#8221; U. Saba, in Canzoniere)<br><\/em><\/p>\n\n\n\n<p>Il posto si raggiunge principalmente a piedi ed \u00e8 un posto frequentato da tutte le generazioni, ed \u00e8 un luogo di passaggio per arrivare a San Maurizio.<\/p>\n<\/div>\n\n\n\n<div class=\"wp-block-group is-layout-grid wp-container-core-group-is-layout-baef362d wp-block-group-is-layout-grid\"><\/div>\n\n\n\n<p><\/p>\n","protected":false},"excerpt":{"rendered":"<p>Descrizione Le tre terrazze Acaja sono situate in via Principi d\u2019Acaja, storica salita che congiunge il centro al monte di San Maurizio. Da qui si possono osservare i luoghi pi\u00f9 caratteristici della citt\u00e0, come la Basilica di San Maurizio, il palazzo del Vicario e la chiesa di Sant&#8217;Agostino . Nel tempo ha cambiato volto luogo [&hellip;]<\/p>\n","protected":false},"author":8,"featured_media":0,"parent":0,"menu_order":0,"comment_status":"closed","ping_status":"closed","template":"","meta":{"footnotes":""},"class_list":["post-478","page","type-page","status-publish","hentry"],"_links":{"self":[{"href":"https:\/\/www.percorsipinerolo.it\/youth4happiness\/wp-json\/wp\/v2\/pages\/478","targetHints":{"allow":["GET"]}}],"collection":[{"href":"https:\/\/www.percorsipinerolo.it\/youth4happiness\/wp-json\/wp\/v2\/pages"}],"about":[{"href":"https:\/\/www.percorsipinerolo.it\/youth4happiness\/wp-json\/wp\/v2\/types\/page"}],"author":[{"embeddable":true,"href":"https:\/\/www.percorsipinerolo.it\/youth4happiness\/wp-json\/wp\/v2\/users\/8"}],"replies":[{"embeddable":true,"href":"https:\/\/www.percorsipinerolo.it\/youth4happiness\/wp-json\/wp\/v2\/comments?post=478"}],"version-history":[{"count":16,"href":"https:\/\/www.percorsipinerolo.it\/youth4happiness\/wp-json\/wp\/v2\/pages\/478\/revisions"}],"predecessor-version":[{"id":1875,"href":"https:\/\/www.percorsipinerolo.it\/youth4happiness\/wp-json\/wp\/v2\/pages\/478\/revisions\/1875"}],"wp:attachment":[{"href":"https:\/\/www.percorsipinerolo.it\/youth4happiness\/wp-json\/wp\/v2\/media?parent=478"}],"curies":[{"name":"wp","href":"https:\/\/api.w.org\/{rel}","templated":true}]}}