{"id":467,"date":"2025-04-11T10:37:06","date_gmt":"2025-04-11T10:37:06","guid":{"rendered":"https:\/\/www.percorsipinerolo.it\/youth4happiness\/?page_id=467"},"modified":"2025-05-16T15:47:26","modified_gmt":"2025-05-16T15:47:26","slug":"it2anr_02-monumento-caduti","status":"publish","type":"page","link":"https:\/\/www.percorsipinerolo.it\/youth4happiness\/it2anr_02-monumento-caduti\/","title":{"rendered":"Monumento ai Caduti"},"content":{"rendered":"\n<div class=\"wp-block-group is-layout-grid wp-container-core-group-is-layout-8d2db683 wp-block-group-is-layout-grid\" style=\"font-size:100px\"><div id=\"metaslider-id-804\" style=\"width: 100%;\" class=\"ml-slider-3-97-0 metaslider metaslider-flex metaslider-804 ml-slider ms-theme-default-base has-dots-nav\" role=\"region\" aria-roledescription=\"Slideshow\" aria-label=\"Monumento dei caduti\" data-width=\"700\">\n    <div id=\"metaslider_container_804\">\n        <div id=\"metaslider_804\">\n            <ul class='slides'>\n                <li style=\"display: block; width: 100%;\" class=\"slide-808 ms-image \" aria-roledescription=\"slide\" aria-label=\"slide-808\" data-date=\"2025-04-29 08:48:05\"><img loading=\"lazy\" decoding=\"async\" src=\"https:\/\/www.percorsipinerolo.it\/youth4happiness\/wp-content\/uploads\/2025\/04\/Screenshot-2025-04-29-104626-319x136.png\" height=\"300\" width=\"700\" alt=\"\" class=\"slider-804 slide-808\" title=\"Screenshot 2025-04-29 104626\" \/><\/li>\n                <li style=\"display: none; width: 100%;\" class=\"slide-811 ms-image \" aria-roledescription=\"slide\" aria-label=\"slide-811\" data-date=\"2025-04-29 08:49:26\"><img loading=\"lazy\" decoding=\"async\" src=\"https:\/\/www.percorsipinerolo.it\/youth4happiness\/wp-content\/uploads\/2025\/04\/0842dec8-e07f-48ab-8fa2-ef1cef90a7b9-700x300.jpeg\" height=\"300\" width=\"700\" alt=\"\" class=\"slider-804 slide-811\" title=\"0842dec8-e07f-48ab-8fa2-ef1cef90a7b9\" \/><\/li>\n            <\/ul>\n        <\/div>\n        \n    <\/div>\n<\/div>\n<\/div>\n\n\n\n<h1 class=\"wp-block-heading\">Descrizione<\/h1>\n\n\n\n<p>Il Monumento ai Caduti in via Cesare Battisti ha impressi i nomi di partigiani e antifascisti morti&nbsp; a Pinerolo dal 1943 al 1945 durante la lotta per la liberazione della citt\u00e0 dal regime fascista. Gli scalini circostanti riportano alcuni articoli della Costituzione che nasce grazie anche&nbsp; al sacrificio degli uomini, di cui sono riportati i nomi. Poco distante dal monumento vi \u00e8 un edificio, che dell\u2019oppressione fu a lungo simbolo; si tratta della Casa del Fascio, nota anche come Casa dei Balilla, fondata nel 1937, teatro di inimmaginabili torture. Oggi \u00e8 sede della Guardia di Finanza.&nbsp; Osservando i dintorni del monumento, si percepisce quella libert\u00e0 che \u00e8 fondamento della ricostruzione del senso di comunit\u00e0 a cui lavora tutt&#8217;ora attivamente la Biblioteca \u201cAlliaudi\u201d, collocata accanto.<\/p>\n\n\n<div class=\"wp-block-image\">\n<figure class=\"aligncenter size-full\"><img loading=\"lazy\" decoding=\"async\" width=\"319\" height=\"496\" src=\"https:\/\/www.percorsipinerolo.it\/youth4happiness\/wp-content\/uploads\/2025\/04\/Screenshot-2025-04-29-104626-1.png\" alt=\"\" class=\"wp-image-836\" srcset=\"https:\/\/www.percorsipinerolo.it\/youth4happiness\/wp-content\/uploads\/2025\/04\/Screenshot-2025-04-29-104626-1.png 319w, https:\/\/www.percorsipinerolo.it\/youth4happiness\/wp-content\/uploads\/2025\/04\/Screenshot-2025-04-29-104626-1-193x300.png 193w\" sizes=\"auto, (max-width: 319px) 100vw, 319px\" \/><\/figure>\n<\/div>\n\n\n<h1 class=\"wp-block-heading\">Mappa<\/h1>\n\n\n\n<iframe loading=\"lazy\" width=\"100%\" height=\"300px\" frameborder=\"0\" allowfullscreen allow=\"geolocation\" src=\"\/\/umap.openstreetmap.fr\/it\/map\/punti-di-interesse-pinerolo_1215045?scaleControl=false&#038;miniMap=false&#038;scrollWheelZoom=false&#038;zoomControl=true&#038;editMode=disabled&#038;moreControl=true&#038;searchControl=null&#038;tilelayersControl=null&#038;embedControl=null&#038;datalayersControl=true&#038;onLoadPanel=none&#038;captionBar=false&#038;captionMenus=true&#038;datalayers=9875e192-3ace-4e07-9e9e-a094fa748e8a#16\/44.8899\/7.3298\"><\/iframe><p><a href=\"\/\/umap.openstreetmap.fr\/it\/map\/punti-di-interesse-pinerolo_1215045?scaleControl=false&#038;miniMap=false&#038;scrollWheelZoom=true&#038;zoomControl=true&#038;editMode=disabled&#038;moreControl=true&#038;searchControl=null&#038;tilelayersControl=null&#038;embedControl=null&#038;datalayersControl=true&#038;onLoadPanel=none&#038;captionBar=false&#038;captionMenus=true&#038;datalayers=9875e192-3ace-4e07-9e9e-a094fa748e8a#16\/44.8899\/7.3298\">Visualizza a schermo intero<\/a><\/p>\n\n\n\n<h1 class=\"wp-block-heading\">Poesia<\/h1>\n\n\n\n<div class=\"wp-block-columns is-layout-flex wp-container-core-columns-is-layout-9d6595d7 wp-block-columns-is-layout-flex\">\n<div class=\"wp-block-column is-layout-flow wp-block-column-is-layout-flow\" style=\"flex-basis:100%\">\n<div class=\"wp-block-columns is-layout-flex wp-container-core-columns-is-layout-9d6595d7 wp-block-columns-is-layout-flex\">\n<div class=\"wp-block-column is-layout-flow wp-block-column-is-layout-flow\">\n<p>MONUMENTO AI CADUTI: <\/p>\n\n\n\n<p>LA LIBERT\u00c0 CONTRO L\u2019OPPRESSIONE<\/p>\n\n\n\n<p>\u201cMai Prigioniero sarai &#8211;<\/p>\n\n\n\n<p>Ove la Libert\u00e0 &#8211;<\/p>\n\n\n\n<p>Abiti &#8211; in Te\u201d<\/p>\n\n\n\n<h1 class=\"wp-block-heading\">Poetessa<\/h1>\n\n\n<div class=\"wp-block-image\">\n<figure class=\"aligncenter size-full is-resized\"><img loading=\"lazy\" decoding=\"async\" width=\"317\" height=\"400\" src=\"https:\/\/www.percorsipinerolo.it\/youth4happiness\/wp-content\/uploads\/2025\/04\/Emily-2.jpg\" alt=\"\" class=\"wp-image-871\" style=\"width:255px;height:auto\" srcset=\"https:\/\/www.percorsipinerolo.it\/youth4happiness\/wp-content\/uploads\/2025\/04\/Emily-2.jpg 317w, https:\/\/www.percorsipinerolo.it\/youth4happiness\/wp-content\/uploads\/2025\/04\/Emily-2-238x300.jpg 238w\" sizes=\"auto, (max-width: 317px) 100vw, 317px\" \/><\/figure>\n<\/div>\n\n\n<p class=\"has-text-align-center\"><em>Emily Dickinson &#8211; Tutte le poesie<\/em><\/p>\n<\/div>\n<\/div>\n<\/div>\n<\/div>\n","protected":false},"excerpt":{"rendered":"<p>Descrizione Il Monumento ai Caduti in via Cesare Battisti ha impressi i nomi di partigiani e antifascisti morti&nbsp; a Pinerolo dal 1943 al 1945 durante la lotta per la liberazione della citt\u00e0 dal regime fascista. Gli scalini circostanti riportano alcuni articoli della Costituzione che nasce grazie anche&nbsp; al sacrificio degli uomini, di cui sono riportati [&hellip;]<\/p>\n","protected":false},"author":8,"featured_media":0,"parent":0,"menu_order":0,"comment_status":"closed","ping_status":"closed","template":"","meta":{"footnotes":""},"class_list":["post-467","page","type-page","status-publish","hentry"],"_links":{"self":[{"href":"https:\/\/www.percorsipinerolo.it\/youth4happiness\/wp-json\/wp\/v2\/pages\/467","targetHints":{"allow":["GET"]}}],"collection":[{"href":"https:\/\/www.percorsipinerolo.it\/youth4happiness\/wp-json\/wp\/v2\/pages"}],"about":[{"href":"https:\/\/www.percorsipinerolo.it\/youth4happiness\/wp-json\/wp\/v2\/types\/page"}],"author":[{"embeddable":true,"href":"https:\/\/www.percorsipinerolo.it\/youth4happiness\/wp-json\/wp\/v2\/users\/8"}],"replies":[{"embeddable":true,"href":"https:\/\/www.percorsipinerolo.it\/youth4happiness\/wp-json\/wp\/v2\/comments?post=467"}],"version-history":[{"count":17,"href":"https:\/\/www.percorsipinerolo.it\/youth4happiness\/wp-json\/wp\/v2\/pages\/467\/revisions"}],"predecessor-version":[{"id":1880,"href":"https:\/\/www.percorsipinerolo.it\/youth4happiness\/wp-json\/wp\/v2\/pages\/467\/revisions\/1880"}],"wp:attachment":[{"href":"https:\/\/www.percorsipinerolo.it\/youth4happiness\/wp-json\/wp\/v2\/media?parent=467"}],"curies":[{"name":"wp","href":"https:\/\/api.w.org\/{rel}","templated":true}]}}