{"id":438,"date":"2025-04-11T10:37:06","date_gmt":"2025-04-11T10:37:06","guid":{"rendered":"https:\/\/www.percorsipinerolo.it\/youth4happiness\/?page_id=438"},"modified":"2025-05-21T07:19:46","modified_gmt":"2025-05-21T07:19:46","slug":"it3esa_01-piazza-roma","status":"publish","type":"page","link":"https:\/\/www.percorsipinerolo.it\/youth4happiness\/it3esa_01-piazza-roma\/","title":{"rendered":"Piazza Roma"},"content":{"rendered":"\n<div class=\"wp-block-group is-layout-grid wp-container-core-group-is-layout-8d2db683 wp-block-group-is-layout-grid\" style=\"font-size:100px\"><div id=\"metaslider-id-559\" style=\"width: 100%;\" class=\"ml-slider-3-97-0 metaslider metaslider-flex metaslider-559 ml-slider ms-theme-default-base has-dots-nav\" role=\"region\" aria-roledescription=\"Slideshow\" aria-label=\"Nuova presentazione\" data-width=\"700\">\n    <div id=\"metaslider_container_559\">\n        <div id=\"metaslider_559\">\n            <ul class='slides'>\n                <li style=\"display: block; width: 100%;\" class=\"slide-568 ms-image \" aria-roledescription=\"slide\" aria-label=\"slide-568\" data-date=\"2025-04-16 06:53:34\"><img loading=\"lazy\" decoding=\"async\" src=\"https:\/\/www.percorsipinerolo.it\/youth4happiness\/wp-content\/uploads\/2025\/04\/20250318_091827-scaled-700x300.jpg\" height=\"300\" width=\"700\" alt=\"\" class=\"slider-559 slide-568\" title=\"20250318_091827\" \/><\/li>\n                <li style=\"display: none; width: 100%;\" class=\"slide-583 ms-image \" aria-roledescription=\"slide\" aria-label=\"slide-583\" data-date=\"2025-04-16 06:55:32\"><img loading=\"lazy\" decoding=\"async\" src=\"https:\/\/www.percorsipinerolo.it\/youth4happiness\/wp-content\/uploads\/2025\/04\/mercato-dei-produttori-agricoli-piazza-Roma-a-Pinerolo-1-700x300.jpg\" height=\"300\" width=\"700\" alt=\"\" class=\"slider-559 slide-583\" title=\"mercato dei produttori agricoli piazza Roma a Pinerolo (1)\" \/><\/li>\n                <li style=\"display: none; width: 100%;\" class=\"slide-2033 ms-image \" aria-roledescription=\"slide\" aria-label=\"slide-2033\" data-date=\"2025-05-19 13:43:13\"><img loading=\"lazy\" decoding=\"async\" src=\"https:\/\/www.percorsipinerolo.it\/youth4happiness\/wp-content\/uploads\/2025\/05\/rilpercroma-700x300.jpg\" height=\"300\" width=\"700\" alt=\"\" class=\"slider-559 slide-2033\" title=\"rilpercroma\" \/><\/li>\n                <li style=\"display: none; width: 100%;\" class=\"slide-2034 ms-image \" aria-roledescription=\"slide\" aria-label=\"slide-2034\" data-date=\"2025-05-19 13:43:46\"><img loading=\"lazy\" decoding=\"async\" src=\"https:\/\/www.percorsipinerolo.it\/youth4happiness\/wp-content\/uploads\/2025\/05\/IMG-20250516-WA0004-1-700x300.jpg\" height=\"300\" width=\"700\" alt=\"\" class=\"slider-559 slide-2034\" title=\"IMG-20250516-WA0004 (1)\" \/><\/li>\n                <li style=\"display: none; width: 100%;\" class=\"slide-2035 ms-image \" aria-roledescription=\"slide\" aria-label=\"slide-2035\" data-date=\"2025-05-19 13:43:46\"><img loading=\"lazy\" decoding=\"async\" src=\"https:\/\/www.percorsipinerolo.it\/youth4happiness\/wp-content\/uploads\/2025\/05\/IMG-20250516-WA0005-1-700x300.jpg\" height=\"300\" width=\"700\" alt=\"\" class=\"slider-559 slide-2035\" title=\"IMG-20250516-WA0005 (1)\" \/><\/li>\n                <li style=\"display: none; width: 100%;\" class=\"slide-2036 ms-image \" aria-roledescription=\"slide\" aria-label=\"slide-2036\" data-date=\"2025-05-19 13:43:46\"><img loading=\"lazy\" decoding=\"async\" src=\"https:\/\/www.percorsipinerolo.it\/youth4happiness\/wp-content\/uploads\/2025\/05\/IMG-20250516-WA0001-1-700x300.jpg\" height=\"300\" width=\"700\" alt=\"\" class=\"slider-559 slide-2036\" title=\"IMG-20250516-WA0001 (1)\" \/><\/li>\n            <\/ul>\n        <\/div>\n        \n    <\/div>\n<\/div>\n<\/div>\n\n\n\n<h1 class=\"wp-block-heading\">Descrizione<\/h1>\n\n\n\n<p>Piazza Roma a Pinerolo \u00e8 stata recentemente riqualificata per restituire alla citt\u00e0 uno spazio semi-pedonale moderno e funzionale. Da sempre ospita <em><strong>&#8216;l Merc\u00e0 d\u2019le cavagne<\/strong><\/em> che si svolge ogni mercoled\u00ec e sabato sotto una nuova tettoia ispirata allo skyline del Monviso, simbolo delle montagne che abbracciano Pinerolo. La parola <em>cavagne<\/em> si riferisce ai cesti di vimini usati in campagna per trasportare frutta e verdura, e quindi associati al mercato rurale e contadino locale. Una volta era conosciuto come il \u201cmercato delle donne\u201d perch\u00e9 storicamente gestito da donne contadine.<\/p>\n\n\n\n<p>Quando non c\u2019\u00e8 il mercato la piazza diventa un parcheggio coperto ma pu\u00f2 anche ospitare saltuariamente qualche manifestazione di carattere pubblico (es. mercatini estemporanei o momenti di socialit\u00e0). La recentissima riqualificazione architettonica della piazza&nbsp; ha visto la creazione di zone ombreggiate attraverso la piantumazione di nuovi alberi&nbsp; con l\u2019aggiunta di un certo numero di panchine collocate in zona perimetrale pavimentata in pietra grigia di Luserna. Piazza Roma \u00e8 a suo modo un crocevia vitale ed importante e oggi unisce al meglio tradizione e modernit\u00e0.<\/p>\n\n\n\n<h1 class=\"wp-block-heading\">Mappa<\/h1>\n\n\n\n<iframe loading=\"lazy\" width=\"100%\" height=\"300px\" frameborder=\"0\" allowfullscreen allow=\"geolocation\" src=\"\/\/umap.openstreetmap.fr\/it\/map\/youth4happiness3esa_1192656?scaleControl=false&#038;miniMap=false&#038;scrollWheelZoom=false&#038;zoomControl=true&#038;editMode=disabled&#038;moreControl=true&#038;searchControl=null&#038;tilelayersControl=null&#038;embedControl=null&#038;datalayersControl=true&#038;onLoadPanel=none&#038;captionBar=false&#038;captionMenus=true\"><\/iframe><p><a href=\"\/\/umap.openstreetmap.fr\/it\/map\/youth4happiness3esa_1192656?scaleControl=false&#038;miniMap=false&#038;scrollWheelZoom=true&#038;zoomControl=true&#038;editMode=disabled&#038;moreControl=true&#038;searchControl=null&#038;tilelayersControl=null&#038;embedControl=null&#038;datalayersControl=true&#038;onLoadPanel=none&#038;captionBar=false&#038;captionMenus=true\">Visualizza a schermo intero<\/a><\/p>\n\n\n\n<p class=\"has-small-font-size\">Piazza Roma si trova nel centro storico di Pinerolo. \u00c8 situata tra via Michele Buniva, via Moirano, via Cosimo Bertacchi e corso Torino. Questa posizione la rende facilmente accessibile e ben collegata con le principali vie cittadine.\u200b<\/p>\n\n\n\n<h1 class=\"wp-block-heading\">Itinerari<\/h1>\n\n\n\n<p>Piazza Roma \u00e8 uno dei punti di interesse dell\u2019itinerario perch\u00e8 \u00e8 molto frequentata grazie alla presenza del mercato di frutta verdura bisettimanale, di un supermercato, di negozi di diverso genere e di un paio di bar e ristoranti molto frequentati.E\u2019 inoltre a ridosso della fermata dei bus che ogni giorno trasportano gruppi di numerosi studenti che frequentano le scuole superiori cittadine.<\/p>\n\n\n\n<h1 class=\"wp-block-heading\"><strong>Info<\/strong><\/h1>\n\n\n\n<p>La recente riqualificazione della piazza ha consentito di ripensarla come spazio urbano pi\u00f9 accogliente diventando un luogo coperto che oltre al mercato bisettimanale pu\u00f2 essere riservato&nbsp; ad eventi di natura socio- culturale (concerti, laboratori creativi, mercatini&nbsp; e altro).Nell\u2019ambito del Laboratorio di esplorazione urbana e GIS co-progetto con il dipartimento DIST del Politecnico di Torino si \u00e8 pensato a come integrare le scelte progettuali appena effettuate con altre proposte di arredo urbano in un\u2019ottica di sostenibilit\u00e0 e risparmio energetico al fine di rendere la piazza un luogo pi\u00f9 \u201cfelice.\u201d<\/p>\n","protected":false},"excerpt":{"rendered":"<p>Descrizione Piazza Roma a Pinerolo \u00e8 stata recentemente riqualificata per restituire alla citt\u00e0 uno spazio semi-pedonale moderno e funzionale. Da sempre ospita &#8216;l Merc\u00e0 d\u2019le cavagne che si svolge ogni mercoled\u00ec e sabato sotto una nuova tettoia ispirata allo skyline del Monviso, simbolo delle montagne che abbracciano Pinerolo. La parola cavagne si riferisce ai cesti [&hellip;]<\/p>\n","protected":false},"author":8,"featured_media":0,"parent":0,"menu_order":0,"comment_status":"closed","ping_status":"closed","template":"","meta":{"footnotes":""},"class_list":["post-438","page","type-page","status-publish","hentry"],"_links":{"self":[{"href":"https:\/\/www.percorsipinerolo.it\/youth4happiness\/wp-json\/wp\/v2\/pages\/438","targetHints":{"allow":["GET"]}}],"collection":[{"href":"https:\/\/www.percorsipinerolo.it\/youth4happiness\/wp-json\/wp\/v2\/pages"}],"about":[{"href":"https:\/\/www.percorsipinerolo.it\/youth4happiness\/wp-json\/wp\/v2\/types\/page"}],"author":[{"embeddable":true,"href":"https:\/\/www.percorsipinerolo.it\/youth4happiness\/wp-json\/wp\/v2\/users\/8"}],"replies":[{"embeddable":true,"href":"https:\/\/www.percorsipinerolo.it\/youth4happiness\/wp-json\/wp\/v2\/comments?post=438"}],"version-history":[{"count":19,"href":"https:\/\/www.percorsipinerolo.it\/youth4happiness\/wp-json\/wp\/v2\/pages\/438\/revisions"}],"predecessor-version":[{"id":2088,"href":"https:\/\/www.percorsipinerolo.it\/youth4happiness\/wp-json\/wp\/v2\/pages\/438\/revisions\/2088"}],"wp:attachment":[{"href":"https:\/\/www.percorsipinerolo.it\/youth4happiness\/wp-json\/wp\/v2\/media?parent=438"}],"curies":[{"name":"wp","href":"https:\/\/api.w.org\/{rel}","templated":true}]}}