{"id":425,"date":"2025-04-11T10:37:31","date_gmt":"2025-04-11T10:37:31","guid":{"rendered":"https:\/\/www.percorsipinerolo.it\/youth4happiness\/?page_id=425"},"modified":"2025-05-19T13:29:19","modified_gmt":"2025-05-19T13:29:19","slug":"it3fsa_05-biblioteca-civica-alliaudi","status":"publish","type":"page","link":"https:\/\/www.percorsipinerolo.it\/youth4happiness\/it3fsa_05-biblioteca-civica-alliaudi\/","title":{"rendered":"Biblioteca Civica Alliaudi"},"content":{"rendered":"<div id=\"metaslider-id-1833\" style=\"width: 100%;\" class=\"ml-slider-3-97-0 metaslider metaslider-flex metaslider-1833 ml-slider ms-theme-default-base has-dots-nav\" role=\"region\" aria-roledescription=\"Slideshow\" aria-label=\"Nuova presentazione\" data-width=\"700\">\n    <div id=\"metaslider_container_1833\">\n        <div id=\"metaslider_1833\">\n            <ul class='slides'>\n                <li style=\"display: block; width: 100%;\" class=\"slide-1836 ms-image \" aria-roledescription=\"slide\" aria-label=\"slide-1836\" data-date=\"2025-05-16 12:00:34\"><img loading=\"lazy\" decoding=\"async\" src=\"https:\/\/www.percorsipinerolo.it\/youth4happiness\/wp-content\/uploads\/2025\/05\/6f46f279-a67d-49c8-acde-03b2b4435a30-700x300.jpg\" height=\"300\" width=\"700\" alt=\"\" class=\"slider-1833 slide-1836\" title=\"6f46f279-a67d-49c8-acde-03b2b4435a30\" \/><\/li>\n                <li style=\"display: none; width: 100%;\" class=\"slide-1837 ms-image \" aria-roledescription=\"slide\" aria-label=\"slide-1837\" data-date=\"2025-05-16 12:00:34\"><img loading=\"lazy\" decoding=\"async\" src=\"https:\/\/www.percorsipinerolo.it\/youth4happiness\/wp-content\/uploads\/2025\/05\/dc2a2fd7-6f82-4a61-8d6e-fbf592bcc5b7-700x300.jpg\" height=\"300\" width=\"700\" alt=\"\" class=\"slider-1833 slide-1837\" title=\"dc2a2fd7-6f82-4a61-8d6e-fbf592bcc5b7\" \/><\/li>\n            <\/ul>\n        <\/div>\n        \n    <\/div>\n<\/div>\n\n\n\n<h1 class=\"wp-block-heading\">Uno sguardo d&#8217;autore<\/h1>\n\n\n\n<h3 class=\"wp-block-heading\">Lo spazio di incontro<\/h3>\n\n\n\n<p>Il secondo castello di Atlante \u00e8 il luogo ove ciascun paladino spera (invano) di incontrare la persona che insegue. Nel frattempo, gli incontri reali tra cavalieri, tutti attirati dalla stessa illusione,&nbsp; non portano ad alcun tipo di interazione: ciascuno \u00e8 impegnato esclusivamente nella ricerca del proprio oggetto del desiderio. L&#8217;episodio, tra i pi\u00f9 noti del poema, \u00e8 una metafora della vita umana intesa come eterna ricerca di qualcosa di irraggiungibile.<\/p>\n\n\n\n<h1 class=\"wp-block-heading\">Mappa<\/h1>\n\n\n\n<iframe loading=\"lazy\" width=\"100%\" height=\"300px\" frameborder=\"0\" allowfullscreen allow=\"geolocation\" src=\"\/\/umap.openstreetmap.fr\/it\/map\/it3fsa_luoghiaggregazione-itinerario-3fsa-luoghi-d_1192693?scaleControl=false&#038;miniMap=false&#038;scrollWheelZoom=false&#038;zoomControl=true&#038;editMode=disabled&#038;moreControl=false&#038;searchControl=null&#038;tilelayersControl=null&#038;embedControl=null&#038;datalayersControl=true&#038;onLoadPanel=none&#038;captionBar=false&#038;captionMenus=true&#038;datalayers=e73761d7-daf7-4b1e-b487-45324705ed2c#15\/44.8871\/7.3275\"><\/iframe><p><a href=\"\/\/umap.openstreetmap.fr\/it\/map\/it3fsa_luoghiaggregazione-itinerario-3fsa-luoghi-d_1192693?scaleControl=false&#038;miniMap=false&#038;scrollWheelZoom=true&#038;zoomControl=true&#038;editMode=disabled&#038;moreControl=false&#038;searchControl=null&#038;tilelayersControl=null&#038;embedControl=null&#038;datalayersControl=true&#038;onLoadPanel=none&#038;captionBar=false&#038;captionMenus=true&#038;datalayers=e73761d7-daf7-4b1e-b487-45324705ed2c#15\/44.8871\/7.3275\">Visualizza a schermo intero<\/a><\/p>\n\n\n\n<h4 class=\"wp-block-heading\">Ludovico Ariosto, <em>Orlando Furioso<\/em>, XII, 8-12<\/h4>\n\n\n\n<p>Di vari marmi con suttil lavoro<br>edificato era il palazzo altiero.<br>Corse dentro alla porta messa d&#8217;oro <br>con la donzella in braccio il cavalliero.<br>Dopo non molto giunse Brigliadoro,<br>che porta Orlando disdegnoso e fiero.<br>Orlando, come \u00e8 dentro, gli occhi gira;<br>n\u00e9 pi\u00f9 il guerrier, n\u00e9 la donzella mira.      <\/p>\n\n\n\n<p>Subito smonta, e fulminando passa<br>dove pi\u00f9 dentro il bel tetto s&#8217;alloggia:<br>corre di qua, corre di l\u00e0, n\u00e9 lassa<br>che non vegga ogni camera, ogni loggia.<br>Poi che i segreti d&#8217;ogni stanza bassa <br>ha cerco invan, su per le scale poggia;<br>e non men perde anco a cercar di sopra, <br>che perdessi di sotto, il tempo e l&#8217;opra.<\/p>\n\n\n\n<p>D&#8217;oro e di seta i letti ornati vede: <br>nulla de muri appar n\u00e9 de pareti;<br>che quelle, e il suolo ove si mette il piede,<br>son da cortine ascose e da tapeti.<br>Di su di gi\u00f9 va il conte Orlando e riede; <br>n\u00e9 per questo pu\u00f2 far gli occhi mai lieti<br>che riveggiano Angelica, o quel ladro<br>che n&#8217;ha portato il bel viso leggiadro.<\/p>\n\n\n\n<p>E mentre or quinci or quindi invano il passo<br>movea, pien di travaglio e di pensieri,<br>Ferra\u00f9, Brandimarte e il re Gradasso,<br>re Sacripante ed altri cavallieri <br>vi ritrov\u00f2, ch&#8217;andavano alto e basso,<br>n\u00e9 men facean di lui vani sentieri;<br>e si ramaricavan del malvagio<br>invisibil signor di quel palagio.<\/p>\n\n\n\n<p>Tutti cercando il van, tutti gli d\u00e0nno <br>colpa di furto alcun che lor fatt&#8217;abbia:  <br>del destrier che gli ha tolto, altri \u00e8 in affanno;  <br>ch&#8217;abbia perduta altri la donna, arrabbia;<br>altri d&#8217;altro l&#8217;accusa: e cos\u00ec stanno, <br>che non si san partir di quella gabbia; <br>e vi son molti, a questo inganno presi,<br>stati le settimane intiere e i mesi.                                                                                                                                              <\/p>\n\n\n\n<h3 class=\"wp-block-heading\">Elaborati di Sara Loccisano<\/h3>\n\n\n\n<div class=\"wp-block-columns has-background is-layout-flex wp-container-core-columns-is-layout-9d6595d7 wp-block-columns-is-layout-flex\" style=\"background-color:#f1c260\">\n<div class=\"wp-block-column is-vertically-aligned-center is-layout-flow wp-block-column-is-layout-flow\">\n<p class=\"has-text-align-center\" style=\"font-size:20px\"><strong><em>Proiezione ortogonale<\/em><\/strong><\/p>\n\n\n<div class=\"wp-block-image\">\n<figure data-wp-context=\"{&quot;imageId&quot;:&quot;69eb957405f8b&quot;}\" data-wp-interactive=\"core\/image\" data-wp-key=\"69eb957405f8b\" class=\"aligncenter size-large wp-lightbox-container\"><img loading=\"lazy\" decoding=\"async\" width=\"1024\" height=\"701\" data-wp-class--hide=\"state.isContentHidden\" data-wp-class--show=\"state.isContentVisible\" data-wp-init=\"callbacks.setButtonStyles\" data-wp-on--click=\"actions.showLightbox\" data-wp-on--load=\"callbacks.setButtonStyles\" data-wp-on-window--resize=\"callbacks.setButtonStyles\" src=\"https:\/\/www.percorsipinerolo.it\/youth4happiness\/wp-content\/uploads\/2025\/05\/Sara_Loccisano_proiezione_ortogonale-1024x701.jpg\" alt=\"\" class=\"wp-image-1014\" srcset=\"https:\/\/www.percorsipinerolo.it\/youth4happiness\/wp-content\/uploads\/2025\/05\/Sara_Loccisano_proiezione_ortogonale-1024x701.jpg 1024w, https:\/\/www.percorsipinerolo.it\/youth4happiness\/wp-content\/uploads\/2025\/05\/Sara_Loccisano_proiezione_ortogonale-300x205.jpg 300w, https:\/\/www.percorsipinerolo.it\/youth4happiness\/wp-content\/uploads\/2025\/05\/Sara_Loccisano_proiezione_ortogonale-768x526.jpg 768w, https:\/\/www.percorsipinerolo.it\/youth4happiness\/wp-content\/uploads\/2025\/05\/Sara_Loccisano_proiezione_ortogonale-900x616.jpg 900w, https:\/\/www.percorsipinerolo.it\/youth4happiness\/wp-content\/uploads\/2025\/05\/Sara_Loccisano_proiezione_ortogonale-1280x876.jpg 1280w, https:\/\/www.percorsipinerolo.it\/youth4happiness\/wp-content\/uploads\/2025\/05\/Sara_Loccisano_proiezione_ortogonale.jpg 1483w\" sizes=\"auto, (max-width: 1024px) 100vw, 1024px\" \/><button\n\t\t\tclass=\"lightbox-trigger\"\n\t\t\ttype=\"button\"\n\t\t\taria-haspopup=\"dialog\"\n\t\t\taria-label=\"Ingrandisci\"\n\t\t\tdata-wp-init=\"callbacks.initTriggerButton\"\n\t\t\tdata-wp-on--click=\"actions.showLightbox\"\n\t\t\tdata-wp-style--right=\"state.imageButtonRight\"\n\t\t\tdata-wp-style--top=\"state.imageButtonTop\"\n\t\t>\n\t\t\t<svg xmlns=\"http:\/\/www.w3.org\/2000\/svg\" width=\"12\" height=\"12\" fill=\"none\" viewBox=\"0 0 12 12\">\n\t\t\t\t<path fill=\"#fff\" d=\"M2 0a2 2 0 0 0-2 2v2h1.5V2a.5.5 0 0 1 .5-.5h2V0H2Zm2 10.5H2a.5.5 0 0 1-.5-.5V8H0v2a2 2 0 0 0 2 2h2v-1.5ZM8 12v-1.5h2a.5.5 0 0 0 .5-.5V8H12v2a2 2 0 0 1-2 2H8Zm2-12a2 2 0 0 1 2 2v2h-1.5V2a.5.5 0 0 0-.5-.5H8V0h2Z\" \/>\n\t\t\t<\/svg>\n\t\t<\/button><\/figure>\n<\/div><\/div>\n\n\n\n<div class=\"wp-block-column is-vertically-aligned-center is-layout-flow wp-block-column-is-layout-flow\">\n<p class=\"has-text-align-center\" style=\"font-size:20px\"><strong><em>Assonometria<\/em><\/strong><br><\/p>\n\n\n<div class=\"wp-block-image\">\n<figure data-wp-context=\"{&quot;imageId&quot;:&quot;69eb9574066cd&quot;}\" data-wp-interactive=\"core\/image\" data-wp-key=\"69eb9574066cd\" class=\"aligncenter size-large wp-lightbox-container\"><img loading=\"lazy\" decoding=\"async\" width=\"1024\" height=\"707\" data-wp-class--hide=\"state.isContentHidden\" data-wp-class--show=\"state.isContentVisible\" data-wp-init=\"callbacks.setButtonStyles\" data-wp-on--click=\"actions.showLightbox\" data-wp-on--load=\"callbacks.setButtonStyles\" data-wp-on-window--resize=\"callbacks.setButtonStyles\" src=\"https:\/\/www.percorsipinerolo.it\/youth4happiness\/wp-content\/uploads\/2025\/05\/Sara_Loccisano_assonometria-1024x707.jpg\" alt=\"\" class=\"wp-image-1023\" srcset=\"https:\/\/www.percorsipinerolo.it\/youth4happiness\/wp-content\/uploads\/2025\/05\/Sara_Loccisano_assonometria-1024x707.jpg 1024w, https:\/\/www.percorsipinerolo.it\/youth4happiness\/wp-content\/uploads\/2025\/05\/Sara_Loccisano_assonometria-300x207.jpg 300w, https:\/\/www.percorsipinerolo.it\/youth4happiness\/wp-content\/uploads\/2025\/05\/Sara_Loccisano_assonometria-768x530.jpg 768w, https:\/\/www.percorsipinerolo.it\/youth4happiness\/wp-content\/uploads\/2025\/05\/Sara_Loccisano_assonometria-900x622.jpg 900w, https:\/\/www.percorsipinerolo.it\/youth4happiness\/wp-content\/uploads\/2025\/05\/Sara_Loccisano_assonometria-1280x884.jpg 1280w, https:\/\/www.percorsipinerolo.it\/youth4happiness\/wp-content\/uploads\/2025\/05\/Sara_Loccisano_assonometria.jpg 1503w\" sizes=\"auto, (max-width: 1024px) 100vw, 1024px\" \/><button\n\t\t\tclass=\"lightbox-trigger\"\n\t\t\ttype=\"button\"\n\t\t\taria-haspopup=\"dialog\"\n\t\t\taria-label=\"Ingrandisci\"\n\t\t\tdata-wp-init=\"callbacks.initTriggerButton\"\n\t\t\tdata-wp-on--click=\"actions.showLightbox\"\n\t\t\tdata-wp-style--right=\"state.imageButtonRight\"\n\t\t\tdata-wp-style--top=\"state.imageButtonTop\"\n\t\t>\n\t\t\t<svg xmlns=\"http:\/\/www.w3.org\/2000\/svg\" width=\"12\" height=\"12\" fill=\"none\" viewBox=\"0 0 12 12\">\n\t\t\t\t<path fill=\"#fff\" d=\"M2 0a2 2 0 0 0-2 2v2h1.5V2a.5.5 0 0 1 .5-.5h2V0H2Zm2 10.5H2a.5.5 0 0 1-.5-.5V8H0v2a2 2 0 0 0 2 2h2v-1.5ZM8 12v-1.5h2a.5.5 0 0 0 .5-.5V8H12v2a2 2 0 0 1-2 2H8Zm2-12a2 2 0 0 1 2 2v2h-1.5V2a.5.5 0 0 0-.5-.5H8V0h2Z\" \/>\n\t\t\t<\/svg>\n\t\t<\/button><\/figure>\n<\/div><\/div>\n\n\n\n<div class=\"wp-block-column is-vertically-aligned-bottom is-layout-flow wp-block-column-is-layout-flow\">\n<p class=\"has-text-align-center\" style=\"font-size:20px\"><strong><em>Infografica<\/em><\/strong><br><\/p>\n\n\n<div class=\"wp-block-image\">\n<figure data-wp-context=\"{&quot;imageId&quot;:&quot;69eb957406d85&quot;}\" data-wp-interactive=\"core\/image\" data-wp-key=\"69eb957406d85\" class=\"aligncenter size-large is-resized wp-lightbox-container\"><img loading=\"lazy\" decoding=\"async\" width=\"697\" height=\"1024\" data-wp-class--hide=\"state.isContentHidden\" data-wp-class--show=\"state.isContentVisible\" data-wp-init=\"callbacks.setButtonStyles\" data-wp-on--click=\"actions.showLightbox\" data-wp-on--load=\"callbacks.setButtonStyles\" data-wp-on-window--resize=\"callbacks.setButtonStyles\" src=\"https:\/\/www.percorsipinerolo.it\/youth4happiness\/wp-content\/uploads\/2025\/05\/Sara_Loccisano_infografica-697x1024.jpg\" alt=\"\" class=\"wp-image-1977\" style=\"width:79px;height:auto\" srcset=\"https:\/\/www.percorsipinerolo.it\/youth4happiness\/wp-content\/uploads\/2025\/05\/Sara_Loccisano_infografica-697x1024.jpg 697w, https:\/\/www.percorsipinerolo.it\/youth4happiness\/wp-content\/uploads\/2025\/05\/Sara_Loccisano_infografica-204x300.jpg 204w, https:\/\/www.percorsipinerolo.it\/youth4happiness\/wp-content\/uploads\/2025\/05\/Sara_Loccisano_infografica-768x1128.jpg 768w, https:\/\/www.percorsipinerolo.it\/youth4happiness\/wp-content\/uploads\/2025\/05\/Sara_Loccisano_infografica-1045x1536.jpg 1045w, https:\/\/www.percorsipinerolo.it\/youth4happiness\/wp-content\/uploads\/2025\/05\/Sara_Loccisano_infografica-900x1322.jpg 900w, https:\/\/www.percorsipinerolo.it\/youth4happiness\/wp-content\/uploads\/2025\/05\/Sara_Loccisano_infografica-1280x1881.jpg 1280w, https:\/\/www.percorsipinerolo.it\/youth4happiness\/wp-content\/uploads\/2025\/05\/Sara_Loccisano_infografica.jpg 1298w\" sizes=\"auto, (max-width: 697px) 100vw, 697px\" \/><button\n\t\t\tclass=\"lightbox-trigger\"\n\t\t\ttype=\"button\"\n\t\t\taria-haspopup=\"dialog\"\n\t\t\taria-label=\"Ingrandisci\"\n\t\t\tdata-wp-init=\"callbacks.initTriggerButton\"\n\t\t\tdata-wp-on--click=\"actions.showLightbox\"\n\t\t\tdata-wp-style--right=\"state.imageButtonRight\"\n\t\t\tdata-wp-style--top=\"state.imageButtonTop\"\n\t\t>\n\t\t\t<svg xmlns=\"http:\/\/www.w3.org\/2000\/svg\" width=\"12\" height=\"12\" fill=\"none\" viewBox=\"0 0 12 12\">\n\t\t\t\t<path fill=\"#fff\" d=\"M2 0a2 2 0 0 0-2 2v2h1.5V2a.5.5 0 0 1 .5-.5h2V0H2Zm2 10.5H2a.5.5 0 0 1-.5-.5V8H0v2a2 2 0 0 0 2 2h2v-1.5ZM8 12v-1.5h2a.5.5 0 0 0 .5-.5V8H12v2a2 2 0 0 1-2 2H8Zm2-12a2 2 0 0 1 2 2v2h-1.5V2a.5.5 0 0 0-.5-.5H8V0h2Z\" \/>\n\t\t\t<\/svg>\n\t\t<\/button><\/figure>\n<\/div><\/div>\n<\/div>\n\n\n\n<h3 class=\"wp-block-heading\">Elaborati di Giulia Rosa<\/h3>\n\n\n\n<div class=\"wp-block-columns has-background is-layout-flex wp-container-core-columns-is-layout-9d6595d7 wp-block-columns-is-layout-flex\" style=\"background-color:#f1c260\">\n<div class=\"wp-block-column is-vertically-aligned-center is-layout-flow wp-block-column-is-layout-flow\">\n<p class=\"has-text-align-center\" style=\"font-size:20px\"><strong><em>Proiezione ortogonale<\/em><\/strong><\/p>\n\n\n<div class=\"wp-block-image\">\n<figure data-wp-context=\"{&quot;imageId&quot;:&quot;69eb9574075cb&quot;}\" data-wp-interactive=\"core\/image\" data-wp-key=\"69eb9574075cb\" class=\"aligncenter size-large wp-lightbox-container\"><img loading=\"lazy\" decoding=\"async\" width=\"1024\" height=\"709\" data-wp-class--hide=\"state.isContentHidden\" data-wp-class--show=\"state.isContentVisible\" data-wp-init=\"callbacks.setButtonStyles\" data-wp-on--click=\"actions.showLightbox\" data-wp-on--load=\"callbacks.setButtonStyles\" data-wp-on-window--resize=\"callbacks.setButtonStyles\" src=\"https:\/\/www.percorsipinerolo.it\/youth4happiness\/wp-content\/uploads\/2025\/05\/Giulia_Rosa_proiezione_ortogonale-1024x709.jpg\" alt=\"\" class=\"wp-image-1016\" srcset=\"https:\/\/www.percorsipinerolo.it\/youth4happiness\/wp-content\/uploads\/2025\/05\/Giulia_Rosa_proiezione_ortogonale-1024x709.jpg 1024w, https:\/\/www.percorsipinerolo.it\/youth4happiness\/wp-content\/uploads\/2025\/05\/Giulia_Rosa_proiezione_ortogonale-300x208.jpg 300w, https:\/\/www.percorsipinerolo.it\/youth4happiness\/wp-content\/uploads\/2025\/05\/Giulia_Rosa_proiezione_ortogonale-768x532.jpg 768w, https:\/\/www.percorsipinerolo.it\/youth4happiness\/wp-content\/uploads\/2025\/05\/Giulia_Rosa_proiezione_ortogonale-1536x1064.jpg 1536w, https:\/\/www.percorsipinerolo.it\/youth4happiness\/wp-content\/uploads\/2025\/05\/Giulia_Rosa_proiezione_ortogonale-2048x1418.jpg 2048w, https:\/\/www.percorsipinerolo.it\/youth4happiness\/wp-content\/uploads\/2025\/05\/Giulia_Rosa_proiezione_ortogonale-900x623.jpg 900w, https:\/\/www.percorsipinerolo.it\/youth4happiness\/wp-content\/uploads\/2025\/05\/Giulia_Rosa_proiezione_ortogonale-1280x886.jpg 1280w\" sizes=\"auto, (max-width: 1024px) 100vw, 1024px\" \/><button\n\t\t\tclass=\"lightbox-trigger\"\n\t\t\ttype=\"button\"\n\t\t\taria-haspopup=\"dialog\"\n\t\t\taria-label=\"Ingrandisci\"\n\t\t\tdata-wp-init=\"callbacks.initTriggerButton\"\n\t\t\tdata-wp-on--click=\"actions.showLightbox\"\n\t\t\tdata-wp-style--right=\"state.imageButtonRight\"\n\t\t\tdata-wp-style--top=\"state.imageButtonTop\"\n\t\t>\n\t\t\t<svg xmlns=\"http:\/\/www.w3.org\/2000\/svg\" width=\"12\" height=\"12\" fill=\"none\" viewBox=\"0 0 12 12\">\n\t\t\t\t<path fill=\"#fff\" d=\"M2 0a2 2 0 0 0-2 2v2h1.5V2a.5.5 0 0 1 .5-.5h2V0H2Zm2 10.5H2a.5.5 0 0 1-.5-.5V8H0v2a2 2 0 0 0 2 2h2v-1.5ZM8 12v-1.5h2a.5.5 0 0 0 .5-.5V8H12v2a2 2 0 0 1-2 2H8Zm2-12a2 2 0 0 1 2 2v2h-1.5V2a.5.5 0 0 0-.5-.5H8V0h2Z\" \/>\n\t\t\t<\/svg>\n\t\t<\/button><\/figure>\n<\/div><\/div>\n\n\n\n<div class=\"wp-block-column is-vertically-aligned-center is-layout-flow wp-block-column-is-layout-flow\">\n<p class=\"has-text-align-center\" style=\"font-size:20px\"><strong><em>Assonometria<\/em><\/strong><br><\/p>\n\n\n<div class=\"wp-block-image\">\n<figure data-wp-context=\"{&quot;imageId&quot;:&quot;69eb957407ca8&quot;}\" data-wp-interactive=\"core\/image\" data-wp-key=\"69eb957407ca8\" class=\"aligncenter size-large wp-lightbox-container\"><img loading=\"lazy\" decoding=\"async\" width=\"1024\" height=\"706\" data-wp-class--hide=\"state.isContentHidden\" data-wp-class--show=\"state.isContentVisible\" data-wp-init=\"callbacks.setButtonStyles\" data-wp-on--click=\"actions.showLightbox\" data-wp-on--load=\"callbacks.setButtonStyles\" data-wp-on-window--resize=\"callbacks.setButtonStyles\" src=\"https:\/\/www.percorsipinerolo.it\/youth4happiness\/wp-content\/uploads\/2025\/05\/Giulia_Rosa_assonometria-1024x706.jpg\" alt=\"\" class=\"wp-image-1030\" srcset=\"https:\/\/www.percorsipinerolo.it\/youth4happiness\/wp-content\/uploads\/2025\/05\/Giulia_Rosa_assonometria-1024x706.jpg 1024w, https:\/\/www.percorsipinerolo.it\/youth4happiness\/wp-content\/uploads\/2025\/05\/Giulia_Rosa_assonometria-300x207.jpg 300w, https:\/\/www.percorsipinerolo.it\/youth4happiness\/wp-content\/uploads\/2025\/05\/Giulia_Rosa_assonometria-768x529.jpg 768w, https:\/\/www.percorsipinerolo.it\/youth4happiness\/wp-content\/uploads\/2025\/05\/Giulia_Rosa_assonometria-1536x1058.jpg 1536w, https:\/\/www.percorsipinerolo.it\/youth4happiness\/wp-content\/uploads\/2025\/05\/Giulia_Rosa_assonometria-2048x1411.jpg 2048w, https:\/\/www.percorsipinerolo.it\/youth4happiness\/wp-content\/uploads\/2025\/05\/Giulia_Rosa_assonometria-900x620.jpg 900w, https:\/\/www.percorsipinerolo.it\/youth4happiness\/wp-content\/uploads\/2025\/05\/Giulia_Rosa_assonometria-1280x882.jpg 1280w\" sizes=\"auto, (max-width: 1024px) 100vw, 1024px\" \/><button\n\t\t\tclass=\"lightbox-trigger\"\n\t\t\ttype=\"button\"\n\t\t\taria-haspopup=\"dialog\"\n\t\t\taria-label=\"Ingrandisci\"\n\t\t\tdata-wp-init=\"callbacks.initTriggerButton\"\n\t\t\tdata-wp-on--click=\"actions.showLightbox\"\n\t\t\tdata-wp-style--right=\"state.imageButtonRight\"\n\t\t\tdata-wp-style--top=\"state.imageButtonTop\"\n\t\t>\n\t\t\t<svg xmlns=\"http:\/\/www.w3.org\/2000\/svg\" width=\"12\" height=\"12\" fill=\"none\" viewBox=\"0 0 12 12\">\n\t\t\t\t<path fill=\"#fff\" d=\"M2 0a2 2 0 0 0-2 2v2h1.5V2a.5.5 0 0 1 .5-.5h2V0H2Zm2 10.5H2a.5.5 0 0 1-.5-.5V8H0v2a2 2 0 0 0 2 2h2v-1.5ZM8 12v-1.5h2a.5.5 0 0 0 .5-.5V8H12v2a2 2 0 0 1-2 2H8Zm2-12a2 2 0 0 1 2 2v2h-1.5V2a.5.5 0 0 0-.5-.5H8V0h2Z\" \/>\n\t\t\t<\/svg>\n\t\t<\/button><\/figure>\n<\/div><\/div>\n\n\n\n<div class=\"wp-block-column is-vertically-aligned-bottom is-layout-flow wp-block-column-is-layout-flow\">\n<p class=\"has-text-align-center\" style=\"font-size:20px\"><strong><em>Infografica<\/em><\/strong><br><\/p>\n\n\n<div class=\"wp-block-image\">\n<figure data-wp-context=\"{&quot;imageId&quot;:&quot;69eb957408328&quot;}\" data-wp-interactive=\"core\/image\" data-wp-key=\"69eb957408328\" class=\"aligncenter size-full is-resized wp-lightbox-container\"><img loading=\"lazy\" decoding=\"async\" width=\"645\" height=\"909\" data-wp-class--hide=\"state.isContentHidden\" data-wp-class--show=\"state.isContentVisible\" data-wp-init=\"callbacks.setButtonStyles\" data-wp-on--click=\"actions.showLightbox\" data-wp-on--load=\"callbacks.setButtonStyles\" data-wp-on-window--resize=\"callbacks.setButtonStyles\" src=\"https:\/\/www.percorsipinerolo.it\/youth4happiness\/wp-content\/uploads\/2025\/05\/Giulia_Rosa_infografica-edited.jpg\" alt=\"\" class=\"wp-image-1410\" style=\"width:82px;height:auto\" srcset=\"https:\/\/www.percorsipinerolo.it\/youth4happiness\/wp-content\/uploads\/2025\/05\/Giulia_Rosa_infografica-edited.jpg 645w, https:\/\/www.percorsipinerolo.it\/youth4happiness\/wp-content\/uploads\/2025\/05\/Giulia_Rosa_infografica-edited-213x300.jpg 213w\" sizes=\"auto, (max-width: 645px) 100vw, 645px\" \/><button\n\t\t\tclass=\"lightbox-trigger\"\n\t\t\ttype=\"button\"\n\t\t\taria-haspopup=\"dialog\"\n\t\t\taria-label=\"Ingrandisci\"\n\t\t\tdata-wp-init=\"callbacks.initTriggerButton\"\n\t\t\tdata-wp-on--click=\"actions.showLightbox\"\n\t\t\tdata-wp-style--right=\"state.imageButtonRight\"\n\t\t\tdata-wp-style--top=\"state.imageButtonTop\"\n\t\t>\n\t\t\t<svg xmlns=\"http:\/\/www.w3.org\/2000\/svg\" width=\"12\" height=\"12\" fill=\"none\" viewBox=\"0 0 12 12\">\n\t\t\t\t<path fill=\"#fff\" d=\"M2 0a2 2 0 0 0-2 2v2h1.5V2a.5.5 0 0 1 .5-.5h2V0H2Zm2 10.5H2a.5.5 0 0 1-.5-.5V8H0v2a2 2 0 0 0 2 2h2v-1.5ZM8 12v-1.5h2a.5.5 0 0 0 .5-.5V8H12v2a2 2 0 0 1-2 2H8Zm2-12a2 2 0 0 1 2 2v2h-1.5V2a.5.5 0 0 0-.5-.5H8V0h2Z\" \/>\n\t\t\t<\/svg>\n\t\t<\/button><\/figure>\n<\/div><\/div>\n<\/div>\n","protected":false},"excerpt":{"rendered":"<p>Uno sguardo d&#8217;autore Lo spazio di incontro Il secondo castello di Atlante \u00e8 il luogo ove ciascun paladino spera (invano) di incontrare la persona che insegue. Nel frattempo, gli incontri reali tra cavalieri, tutti attirati dalla stessa illusione,&nbsp; non portano ad alcun tipo di interazione: ciascuno \u00e8 impegnato esclusivamente nella ricerca del proprio oggetto del [&hellip;]<\/p>\n","protected":false},"author":8,"featured_media":0,"parent":0,"menu_order":0,"comment_status":"closed","ping_status":"closed","template":"","meta":{"footnotes":""},"class_list":["post-425","page","type-page","status-publish","hentry"],"_links":{"self":[{"href":"https:\/\/www.percorsipinerolo.it\/youth4happiness\/wp-json\/wp\/v2\/pages\/425","targetHints":{"allow":["GET"]}}],"collection":[{"href":"https:\/\/www.percorsipinerolo.it\/youth4happiness\/wp-json\/wp\/v2\/pages"}],"about":[{"href":"https:\/\/www.percorsipinerolo.it\/youth4happiness\/wp-json\/wp\/v2\/types\/page"}],"author":[{"embeddable":true,"href":"https:\/\/www.percorsipinerolo.it\/youth4happiness\/wp-json\/wp\/v2\/users\/8"}],"replies":[{"embeddable":true,"href":"https:\/\/www.percorsipinerolo.it\/youth4happiness\/wp-json\/wp\/v2\/comments?post=425"}],"version-history":[{"count":57,"href":"https:\/\/www.percorsipinerolo.it\/youth4happiness\/wp-json\/wp\/v2\/pages\/425\/revisions"}],"predecessor-version":[{"id":2024,"href":"https:\/\/www.percorsipinerolo.it\/youth4happiness\/wp-json\/wp\/v2\/pages\/425\/revisions\/2024"}],"wp:attachment":[{"href":"https:\/\/www.percorsipinerolo.it\/youth4happiness\/wp-json\/wp\/v2\/media?parent=425"}],"curies":[{"name":"wp","href":"https:\/\/api.w.org\/{rel}","templated":true}]}}