{"id":403,"date":"2025-04-11T10:37:06","date_gmt":"2025-04-11T10:37:06","guid":{"rendered":"https:\/\/www.percorsipinerolo.it\/youth4happiness\/?page_id=403"},"modified":"2025-05-17T12:54:06","modified_gmt":"2025-05-17T12:54:06","slug":"it3fsa_01-teatro-sociale","status":"publish","type":"page","link":"https:\/\/www.percorsipinerolo.it\/youth4happiness\/it3fsa_01-teatro-sociale\/","title":{"rendered":"Teatro Sociale"},"content":{"rendered":"\n<div class=\"wp-block-group is-layout-grid wp-container-core-group-is-layout-8d2db683 wp-block-group-is-layout-grid\" style=\"font-size:100px\"><div id=\"metaslider-id-1785\" style=\"width: 100%;\" class=\"ml-slider-3-97-0 metaslider metaslider-flex metaslider-1785 ml-slider ms-theme-default-base has-dots-nav\" role=\"region\" aria-roledescription=\"Slideshow\" aria-label=\"teatro sociale\" data-width=\"700\">\n    <div id=\"metaslider_container_1785\">\n        <div id=\"metaslider_1785\">\n            <ul class='slides'>\n                <li style=\"display: block; width: 100%;\" class=\"slide-1789 ms-image \" aria-roledescription=\"slide\" aria-label=\"slide-1789\" data-date=\"2025-05-16 11:53:12\"><img loading=\"lazy\" decoding=\"async\" src=\"https:\/\/www.percorsipinerolo.it\/youth4happiness\/wp-content\/uploads\/2025\/05\/IMG_6801-700x300.jpg\" height=\"300\" width=\"700\" alt=\"\" class=\"slider-1785 slide-1789\" title=\"IMG_6801\" \/><\/li>\n                <li style=\"display: none; width: 100%;\" class=\"slide-1790 ms-image \" aria-roledescription=\"slide\" aria-label=\"slide-1790\" data-date=\"2025-05-16 11:53:12\"><img loading=\"lazy\" decoding=\"async\" src=\"https:\/\/www.percorsipinerolo.it\/youth4happiness\/wp-content\/uploads\/2025\/05\/IMG_20250319_084610-700x300.jpeg\" height=\"300\" width=\"700\" alt=\"\" class=\"slider-1785 slide-1790\" title=\"Oplus_131072\" \/><\/li>\n                <li style=\"display: none; width: 100%;\" class=\"slide-1791 ms-image \" aria-roledescription=\"slide\" aria-label=\"slide-1791\" data-date=\"2025-05-16 11:53:12\"><img loading=\"lazy\" decoding=\"async\" src=\"https:\/\/www.percorsipinerolo.it\/youth4happiness\/wp-content\/uploads\/2025\/05\/teatro-sociale-700x300.jpeg\" height=\"300\" width=\"700\" alt=\"\" class=\"slider-1785 slide-1791\" title=\"teatro sociale\" \/><\/li>\n            <\/ul>\n        <\/div>\n        \n    <\/div>\n<\/div>\n<\/div>\n\n\n\n<h1 class=\"wp-block-heading\">Uno sguardo d&#8217;autore<\/h1>\n\n\n\n<h3 class=\"wp-block-heading\">Lo spazio come teatro del nostro agire<\/h3>\n\n\n\n<p>Il topos del \u201cgran teatro del mondo\u201d, che conosce grande sviluppo nella letteratura rinascimentale, ha radici nella tradizione classica. In questo passo di Seneca, la posizione sociale che occupiamo \u00e8 equiparata al ruolo in uno spettacolo teatrale: i luoghi in cui agiamo sono il nostro palcoscenico, un\u2019ambientazione non scelta da noi attori come del resto il copione assegnato che pu\u00f2 essere modificato solo in minima parte. Compito dell\u2019uomo \u00e8 recitare bene, cio\u00e8 esercitando la Ragione stoica, la parte che gli \u00e8 assegnata.<\/p>\n\n\n\n<h1 class=\"wp-block-heading\">Mappa<\/h1>\n\n\n\n<iframe loading=\"lazy\" width=\"100%\" height=\"300px\" frameborder=\"0\" allowfullscreen allow=\"geolocation\" src=\"\/\/umap.openstreetmap.fr\/it\/map\/it3fsa_luoghiaggregazione-itinerario-3fsa-luoghi-d_1192693?scaleControl=false&#038;miniMap=false&#038;scrollWheelZoom=false&#038;zoomControl=true&#038;editMode=disabled&#038;moreControl=false&#038;searchControl=null&#038;tilelayersControl=null&#038;embedControl=null&#038;datalayersControl=true&#038;onLoadPanel=none&#038;captionBar=false&#038;captionMenus=true&#038;datalayers=e73761d7-daf7-4b1e-b487-45324705ed2c#15\/44.8871\/7.3275\"><\/iframe><p><a href=\"\/\/umap.openstreetmap.fr\/it\/map\/it3fsa_luoghiaggregazione-itinerario-3fsa-luoghi-d_1192693?scaleControl=false&#038;miniMap=false&#038;scrollWheelZoom=true&#038;zoomControl=true&#038;editMode=disabled&#038;moreControl=false&#038;searchControl=null&#038;tilelayersControl=null&#038;embedControl=null&#038;datalayersControl=true&#038;onLoadPanel=none&#038;captionBar=false&#038;captionMenus=true&#038;datalayers=e73761d7-daf7-4b1e-b487-45324705ed2c#15\/44.8871\/7.3275\">Visualizza a schermo intero<\/a><\/p>\n\n\n\n<h4 class=\"wp-block-heading\">Traduzione da Lucio Anneo Seneca, <em>Epistula ad Lucilium LXXX<\/em><\/h4>\n\n\n\n<p>L\u00ecberati innanzitutto dalla paura della morte (quella ci impone il giogo), poi dalla paura della povert\u00e0. Se vuoi sapere quanto in quella non ci sia niente di male, confronta tra loro i volti dei poveri e dei ricchi: il povero ride pi\u00f9 spesso e pi\u00f9 sinceramente; nel profondo non c&#8217;\u00e8 nessuna preoccupazione; anche se c\u00e0pita qualche inquietudine, passa come nube leggera: l&#8217;ilarit\u00e0 di costoro che sono chiamati fortunati \u00e8 finta o pesante e inquinata da tristezza, tanto pi\u00f9 pesante in verit\u00e0 perch\u00e9 di tanto in tanto non \u00e8 possibile essere apertamente infelici, ma in mezzo a sventure che rodono proprio il cuore \u00e8 necessario fare la parte della persona felice. Piuttosto spesso devo utilizzare questo esempio; n\u00e9 infatti con nessuno si esprime pi\u00f9 efficacemente questa farsa della vita umana, che ci assegna ruoli da recitare male. Quello che, sulla scena, dopo esservi stato trasportato, avanza e a testa alta dice queste parole,<\/p>\n\n\n\n<p><em>ecco che comando su Argo; i regni me li ha lasciati Pelope,<\/em><\/p>\n\n\n\n<p><em>dove dall&#8217;Ellesponto e dal mare Ionio<\/em><\/p>\n\n\n\n<p><em>\u00e8 battuto l&#8217;Istmo,<\/em><\/p>\n\n\n\n<p>\u00e8 uno schiavo, riceve cinque moggi e cinque denari. Quello che superbo e altezzoso e borioso per la fiducia nelle proprie forze dice,<\/p>\n\n\n\n<p><em>che se non starai quieto, Menelao, morirai per questa mia destra,<\/em><\/p>\n\n\n\n<p>riceve un compenso giornaliero, dorme in un pagliericcio. La stessa cosa potresti dire di tutti questi raffinati che una lettiga tiene sospesi sopra le teste delle persone e sopra la folla: la felicit\u00e0 di tutti costoro \u00e8 mascherata. Li disprezzerai se li spoglierai.<\/p>\n\n\n\n<p><\/p>\n\n\n\n<h4 class=\"wp-block-heading\">Elaborati grafici di Eleonora Lauciello<\/h4>\n\n\n\n<div class=\"wp-block-columns are-vertically-aligned-center has-background is-layout-flex wp-container-core-columns-is-layout-9d6595d7 wp-block-columns-is-layout-flex\" style=\"background-color:#f1c260\">\n<div class=\"wp-block-column is-vertically-aligned-center is-layout-flow wp-block-column-is-layout-flow\">\n<p class=\"has-text-align-center\" style=\"font-size:20px\"><strong><em>Proiezione ortogonale<\/em><\/strong><\/p>\n\n\n<div class=\"wp-block-image\">\n<figure data-wp-context=\"{&quot;imageId&quot;:&quot;69eb954c9f686&quot;}\" data-wp-interactive=\"core\/image\" data-wp-key=\"69eb954c9f686\" class=\"aligncenter size-large wp-lightbox-container\"><img loading=\"lazy\" decoding=\"async\" width=\"1024\" height=\"703\" data-wp-class--hide=\"state.isContentHidden\" data-wp-class--show=\"state.isContentVisible\" data-wp-init=\"callbacks.setButtonStyles\" data-wp-on--click=\"actions.showLightbox\" data-wp-on--load=\"callbacks.setButtonStyles\" data-wp-on-window--resize=\"callbacks.setButtonStyles\" src=\"https:\/\/www.percorsipinerolo.it\/youth4happiness\/wp-content\/uploads\/2025\/05\/Eleonora_Lauciello_proiezione_ortogonale-1-1-1024x703.jpg\" alt=\"\" class=\"wp-image-945\" srcset=\"https:\/\/www.percorsipinerolo.it\/youth4happiness\/wp-content\/uploads\/2025\/05\/Eleonora_Lauciello_proiezione_ortogonale-1-1-1024x703.jpg 1024w, https:\/\/www.percorsipinerolo.it\/youth4happiness\/wp-content\/uploads\/2025\/05\/Eleonora_Lauciello_proiezione_ortogonale-1-1-300x206.jpg 300w, https:\/\/www.percorsipinerolo.it\/youth4happiness\/wp-content\/uploads\/2025\/05\/Eleonora_Lauciello_proiezione_ortogonale-1-1-768x528.jpg 768w, https:\/\/www.percorsipinerolo.it\/youth4happiness\/wp-content\/uploads\/2025\/05\/Eleonora_Lauciello_proiezione_ortogonale-1-1-900x618.jpg 900w, https:\/\/www.percorsipinerolo.it\/youth4happiness\/wp-content\/uploads\/2025\/05\/Eleonora_Lauciello_proiezione_ortogonale-1-1-1280x879.jpg 1280w, https:\/\/www.percorsipinerolo.it\/youth4happiness\/wp-content\/uploads\/2025\/05\/Eleonora_Lauciello_proiezione_ortogonale-1-1.jpg 1431w\" sizes=\"auto, (max-width: 1024px) 100vw, 1024px\" \/><button\n\t\t\tclass=\"lightbox-trigger\"\n\t\t\ttype=\"button\"\n\t\t\taria-haspopup=\"dialog\"\n\t\t\taria-label=\"Ingrandisci\"\n\t\t\tdata-wp-init=\"callbacks.initTriggerButton\"\n\t\t\tdata-wp-on--click=\"actions.showLightbox\"\n\t\t\tdata-wp-style--right=\"state.imageButtonRight\"\n\t\t\tdata-wp-style--top=\"state.imageButtonTop\"\n\t\t>\n\t\t\t<svg xmlns=\"http:\/\/www.w3.org\/2000\/svg\" width=\"12\" height=\"12\" fill=\"none\" viewBox=\"0 0 12 12\">\n\t\t\t\t<path fill=\"#fff\" d=\"M2 0a2 2 0 0 0-2 2v2h1.5V2a.5.5 0 0 1 .5-.5h2V0H2Zm2 10.5H2a.5.5 0 0 1-.5-.5V8H0v2a2 2 0 0 0 2 2h2v-1.5ZM8 12v-1.5h2a.5.5 0 0 0 .5-.5V8H12v2a2 2 0 0 1-2 2H8Zm2-12a2 2 0 0 1 2 2v2h-1.5V2a.5.5 0 0 0-.5-.5H8V0h2Z\" \/>\n\t\t\t<\/svg>\n\t\t<\/button><\/figure>\n<\/div><\/div>\n\n\n\n<div class=\"wp-block-column is-vertically-aligned-center is-layout-flow wp-block-column-is-layout-flow\">\n<p class=\"has-text-align-center\" style=\"font-size:20px\"><strong><em>Assonometria<\/em><\/strong><br><\/p>\n\n\n<div class=\"wp-block-image\">\n<figure data-wp-context=\"{&quot;imageId&quot;:&quot;69eb954c9fdb4&quot;}\" data-wp-interactive=\"core\/image\" data-wp-key=\"69eb954c9fdb4\" class=\"aligncenter size-large wp-lightbox-container\"><img loading=\"lazy\" decoding=\"async\" width=\"1024\" height=\"708\" data-wp-class--hide=\"state.isContentHidden\" data-wp-class--show=\"state.isContentVisible\" data-wp-init=\"callbacks.setButtonStyles\" data-wp-on--click=\"actions.showLightbox\" data-wp-on--load=\"callbacks.setButtonStyles\" data-wp-on-window--resize=\"callbacks.setButtonStyles\" src=\"https:\/\/www.percorsipinerolo.it\/youth4happiness\/wp-content\/uploads\/2025\/05\/Eleonora_Lauciello_assonometria-1024x708.jpeg\" alt=\"\" class=\"wp-image-1663\" srcset=\"https:\/\/www.percorsipinerolo.it\/youth4happiness\/wp-content\/uploads\/2025\/05\/Eleonora_Lauciello_assonometria-1024x708.jpeg 1024w, https:\/\/www.percorsipinerolo.it\/youth4happiness\/wp-content\/uploads\/2025\/05\/Eleonora_Lauciello_assonometria-300x207.jpeg 300w, https:\/\/www.percorsipinerolo.it\/youth4happiness\/wp-content\/uploads\/2025\/05\/Eleonora_Lauciello_assonometria-768x531.jpeg 768w, https:\/\/www.percorsipinerolo.it\/youth4happiness\/wp-content\/uploads\/2025\/05\/Eleonora_Lauciello_assonometria-1536x1062.jpeg 1536w, https:\/\/www.percorsipinerolo.it\/youth4happiness\/wp-content\/uploads\/2025\/05\/Eleonora_Lauciello_assonometria-2048x1416.jpeg 2048w, https:\/\/www.percorsipinerolo.it\/youth4happiness\/wp-content\/uploads\/2025\/05\/Eleonora_Lauciello_assonometria-900x622.jpeg 900w, https:\/\/www.percorsipinerolo.it\/youth4happiness\/wp-content\/uploads\/2025\/05\/Eleonora_Lauciello_assonometria-1280x885.jpeg 1280w\" sizes=\"auto, (max-width: 1024px) 100vw, 1024px\" \/><button\n\t\t\tclass=\"lightbox-trigger\"\n\t\t\ttype=\"button\"\n\t\t\taria-haspopup=\"dialog\"\n\t\t\taria-label=\"Ingrandisci\"\n\t\t\tdata-wp-init=\"callbacks.initTriggerButton\"\n\t\t\tdata-wp-on--click=\"actions.showLightbox\"\n\t\t\tdata-wp-style--right=\"state.imageButtonRight\"\n\t\t\tdata-wp-style--top=\"state.imageButtonTop\"\n\t\t>\n\t\t\t<svg xmlns=\"http:\/\/www.w3.org\/2000\/svg\" width=\"12\" height=\"12\" fill=\"none\" viewBox=\"0 0 12 12\">\n\t\t\t\t<path fill=\"#fff\" d=\"M2 0a2 2 0 0 0-2 2v2h1.5V2a.5.5 0 0 1 .5-.5h2V0H2Zm2 10.5H2a.5.5 0 0 1-.5-.5V8H0v2a2 2 0 0 0 2 2h2v-1.5ZM8 12v-1.5h2a.5.5 0 0 0 .5-.5V8H12v2a2 2 0 0 1-2 2H8Zm2-12a2 2 0 0 1 2 2v2h-1.5V2a.5.5 0 0 0-.5-.5H8V0h2Z\" \/>\n\t\t\t<\/svg>\n\t\t<\/button><\/figure>\n<\/div><\/div>\n\n\n\n<div class=\"wp-block-column is-vertically-aligned-center is-layout-flow wp-block-column-is-layout-flow\">\n<p class=\"has-text-align-center\" style=\"font-size:20px\"><strong><em>Infografica<\/em><\/strong><br><\/p>\n\n\n<div class=\"wp-block-image\">\n<figure data-wp-context=\"{&quot;imageId&quot;:&quot;69eb954ca044f&quot;}\" data-wp-interactive=\"core\/image\" data-wp-key=\"69eb954ca044f\" class=\"aligncenter size-large wp-lightbox-container\"><img loading=\"lazy\" decoding=\"async\" width=\"1024\" height=\"569\" data-wp-class--hide=\"state.isContentHidden\" data-wp-class--show=\"state.isContentVisible\" data-wp-init=\"callbacks.setButtonStyles\" data-wp-on--click=\"actions.showLightbox\" data-wp-on--load=\"callbacks.setButtonStyles\" data-wp-on-window--resize=\"callbacks.setButtonStyles\" src=\"https:\/\/www.percorsipinerolo.it\/youth4happiness\/wp-content\/uploads\/2025\/05\/Eleonora_Lauciello_infografica-1024x569.jpg\" alt=\"\" class=\"wp-image-950\" srcset=\"https:\/\/www.percorsipinerolo.it\/youth4happiness\/wp-content\/uploads\/2025\/05\/Eleonora_Lauciello_infografica-1024x569.jpg 1024w, https:\/\/www.percorsipinerolo.it\/youth4happiness\/wp-content\/uploads\/2025\/05\/Eleonora_Lauciello_infografica-300x167.jpg 300w, https:\/\/www.percorsipinerolo.it\/youth4happiness\/wp-content\/uploads\/2025\/05\/Eleonora_Lauciello_infografica-768x427.jpg 768w, https:\/\/www.percorsipinerolo.it\/youth4happiness\/wp-content\/uploads\/2025\/05\/Eleonora_Lauciello_infografica-900x500.jpg 900w, https:\/\/www.percorsipinerolo.it\/youth4happiness\/wp-content\/uploads\/2025\/05\/Eleonora_Lauciello_infografica-1280x712.jpg 1280w, https:\/\/www.percorsipinerolo.it\/youth4happiness\/wp-content\/uploads\/2025\/05\/Eleonora_Lauciello_infografica.jpg 1349w\" sizes=\"auto, (max-width: 1024px) 100vw, 1024px\" \/><button\n\t\t\tclass=\"lightbox-trigger\"\n\t\t\ttype=\"button\"\n\t\t\taria-haspopup=\"dialog\"\n\t\t\taria-label=\"Ingrandisci\"\n\t\t\tdata-wp-init=\"callbacks.initTriggerButton\"\n\t\t\tdata-wp-on--click=\"actions.showLightbox\"\n\t\t\tdata-wp-style--right=\"state.imageButtonRight\"\n\t\t\tdata-wp-style--top=\"state.imageButtonTop\"\n\t\t>\n\t\t\t<svg xmlns=\"http:\/\/www.w3.org\/2000\/svg\" width=\"12\" height=\"12\" fill=\"none\" viewBox=\"0 0 12 12\">\n\t\t\t\t<path fill=\"#fff\" d=\"M2 0a2 2 0 0 0-2 2v2h1.5V2a.5.5 0 0 1 .5-.5h2V0H2Zm2 10.5H2a.5.5 0 0 1-.5-.5V8H0v2a2 2 0 0 0 2 2h2v-1.5ZM8 12v-1.5h2a.5.5 0 0 0 .5-.5V8H12v2a2 2 0 0 1-2 2H8Zm2-12a2 2 0 0 1 2 2v2h-1.5V2a.5.5 0 0 0-.5-.5H8V0h2Z\" \/>\n\t\t\t<\/svg>\n\t\t<\/button><\/figure>\n<\/div><\/div>\n<\/div>\n\n\n\n<h4 class=\"wp-block-heading\">Elaborati grafici di Alessandro Rossi<\/h4>\n\n\n\n<div class=\"wp-block-columns has-background is-layout-flex wp-container-core-columns-is-layout-9d6595d7 wp-block-columns-is-layout-flex\" style=\"background-color:#f1c260\">\n<div class=\"wp-block-column is-vertically-aligned-center is-layout-flow wp-block-column-is-layout-flow\">\n<p class=\"has-text-align-center\" style=\"font-size:20px\"><strong><em>Proiezione ortogonale<\/em><\/strong><\/p>\n\n\n<div class=\"wp-block-image\">\n<figure data-wp-context=\"{&quot;imageId&quot;:&quot;69eb954ca0bd5&quot;}\" data-wp-interactive=\"core\/image\" data-wp-key=\"69eb954ca0bd5\" class=\"aligncenter size-large wp-lightbox-container\"><img loading=\"lazy\" decoding=\"async\" width=\"1024\" height=\"710\" data-wp-class--hide=\"state.isContentHidden\" data-wp-class--show=\"state.isContentVisible\" data-wp-init=\"callbacks.setButtonStyles\" data-wp-on--click=\"actions.showLightbox\" data-wp-on--load=\"callbacks.setButtonStyles\" data-wp-on-window--resize=\"callbacks.setButtonStyles\" src=\"https:\/\/www.percorsipinerolo.it\/youth4happiness\/wp-content\/uploads\/2025\/05\/AlessandroMaria_Rossi_proiezione_ortogonale-2-1024x710.jpg\" alt=\"\" class=\"wp-image-1221\" srcset=\"https:\/\/www.percorsipinerolo.it\/youth4happiness\/wp-content\/uploads\/2025\/05\/AlessandroMaria_Rossi_proiezione_ortogonale-2-1024x710.jpg 1024w, https:\/\/www.percorsipinerolo.it\/youth4happiness\/wp-content\/uploads\/2025\/05\/AlessandroMaria_Rossi_proiezione_ortogonale-2-300x208.jpg 300w, https:\/\/www.percorsipinerolo.it\/youth4happiness\/wp-content\/uploads\/2025\/05\/AlessandroMaria_Rossi_proiezione_ortogonale-2-768x533.jpg 768w, https:\/\/www.percorsipinerolo.it\/youth4happiness\/wp-content\/uploads\/2025\/05\/AlessandroMaria_Rossi_proiezione_ortogonale-2-1536x1065.jpg 1536w, https:\/\/www.percorsipinerolo.it\/youth4happiness\/wp-content\/uploads\/2025\/05\/AlessandroMaria_Rossi_proiezione_ortogonale-2-2048x1420.jpg 2048w, https:\/\/www.percorsipinerolo.it\/youth4happiness\/wp-content\/uploads\/2025\/05\/AlessandroMaria_Rossi_proiezione_ortogonale-2-900x624.jpg 900w, https:\/\/www.percorsipinerolo.it\/youth4happiness\/wp-content\/uploads\/2025\/05\/AlessandroMaria_Rossi_proiezione_ortogonale-2-1280x888.jpg 1280w\" sizes=\"auto, (max-width: 1024px) 100vw, 1024px\" \/><button\n\t\t\tclass=\"lightbox-trigger\"\n\t\t\ttype=\"button\"\n\t\t\taria-haspopup=\"dialog\"\n\t\t\taria-label=\"Ingrandisci\"\n\t\t\tdata-wp-init=\"callbacks.initTriggerButton\"\n\t\t\tdata-wp-on--click=\"actions.showLightbox\"\n\t\t\tdata-wp-style--right=\"state.imageButtonRight\"\n\t\t\tdata-wp-style--top=\"state.imageButtonTop\"\n\t\t>\n\t\t\t<svg xmlns=\"http:\/\/www.w3.org\/2000\/svg\" width=\"12\" height=\"12\" fill=\"none\" viewBox=\"0 0 12 12\">\n\t\t\t\t<path fill=\"#fff\" d=\"M2 0a2 2 0 0 0-2 2v2h1.5V2a.5.5 0 0 1 .5-.5h2V0H2Zm2 10.5H2a.5.5 0 0 1-.5-.5V8H0v2a2 2 0 0 0 2 2h2v-1.5ZM8 12v-1.5h2a.5.5 0 0 0 .5-.5V8H12v2a2 2 0 0 1-2 2H8Zm2-12a2 2 0 0 1 2 2v2h-1.5V2a.5.5 0 0 0-.5-.5H8V0h2Z\" \/>\n\t\t\t<\/svg>\n\t\t<\/button><\/figure>\n<\/div><\/div>\n\n\n\n<div class=\"wp-block-column is-vertically-aligned-center is-layout-flow wp-block-column-is-layout-flow\">\n<p class=\"has-text-align-center\" style=\"font-size:20px\"><strong><em>Assonometria<\/em><\/strong><br><\/p>\n\n\n<div class=\"wp-block-image\">\n<figure data-wp-context=\"{&quot;imageId&quot;:&quot;69eb954ca127f&quot;}\" data-wp-interactive=\"core\/image\" data-wp-key=\"69eb954ca127f\" class=\"aligncenter size-large wp-lightbox-container\"><img loading=\"lazy\" decoding=\"async\" width=\"1024\" height=\"710\" data-wp-class--hide=\"state.isContentHidden\" data-wp-class--show=\"state.isContentVisible\" data-wp-init=\"callbacks.setButtonStyles\" data-wp-on--click=\"actions.showLightbox\" data-wp-on--load=\"callbacks.setButtonStyles\" data-wp-on-window--resize=\"callbacks.setButtonStyles\" src=\"https:\/\/www.percorsipinerolo.it\/youth4happiness\/wp-content\/uploads\/2025\/05\/AlessandroMaria_Rossi_assonometria-1024x710.jpg\" alt=\"\" class=\"wp-image-1678\" srcset=\"https:\/\/www.percorsipinerolo.it\/youth4happiness\/wp-content\/uploads\/2025\/05\/AlessandroMaria_Rossi_assonometria-1024x710.jpg 1024w, https:\/\/www.percorsipinerolo.it\/youth4happiness\/wp-content\/uploads\/2025\/05\/AlessandroMaria_Rossi_assonometria-300x208.jpg 300w, https:\/\/www.percorsipinerolo.it\/youth4happiness\/wp-content\/uploads\/2025\/05\/AlessandroMaria_Rossi_assonometria-768x533.jpg 768w, https:\/\/www.percorsipinerolo.it\/youth4happiness\/wp-content\/uploads\/2025\/05\/AlessandroMaria_Rossi_assonometria-1536x1065.jpg 1536w, https:\/\/www.percorsipinerolo.it\/youth4happiness\/wp-content\/uploads\/2025\/05\/AlessandroMaria_Rossi_assonometria-2048x1421.jpg 2048w, https:\/\/www.percorsipinerolo.it\/youth4happiness\/wp-content\/uploads\/2025\/05\/AlessandroMaria_Rossi_assonometria-900x624.jpg 900w, https:\/\/www.percorsipinerolo.it\/youth4happiness\/wp-content\/uploads\/2025\/05\/AlessandroMaria_Rossi_assonometria-1280x888.jpg 1280w\" sizes=\"auto, (max-width: 1024px) 100vw, 1024px\" \/><button\n\t\t\tclass=\"lightbox-trigger\"\n\t\t\ttype=\"button\"\n\t\t\taria-haspopup=\"dialog\"\n\t\t\taria-label=\"Ingrandisci\"\n\t\t\tdata-wp-init=\"callbacks.initTriggerButton\"\n\t\t\tdata-wp-on--click=\"actions.showLightbox\"\n\t\t\tdata-wp-style--right=\"state.imageButtonRight\"\n\t\t\tdata-wp-style--top=\"state.imageButtonTop\"\n\t\t>\n\t\t\t<svg xmlns=\"http:\/\/www.w3.org\/2000\/svg\" width=\"12\" height=\"12\" fill=\"none\" viewBox=\"0 0 12 12\">\n\t\t\t\t<path fill=\"#fff\" d=\"M2 0a2 2 0 0 0-2 2v2h1.5V2a.5.5 0 0 1 .5-.5h2V0H2Zm2 10.5H2a.5.5 0 0 1-.5-.5V8H0v2a2 2 0 0 0 2 2h2v-1.5ZM8 12v-1.5h2a.5.5 0 0 0 .5-.5V8H12v2a2 2 0 0 1-2 2H8Zm2-12a2 2 0 0 1 2 2v2h-1.5V2a.5.5 0 0 0-.5-.5H8V0h2Z\" \/>\n\t\t\t<\/svg>\n\t\t<\/button><\/figure>\n<\/div><\/div>\n\n\n\n<div class=\"wp-block-column is-vertically-aligned-bottom is-layout-flow wp-block-column-is-layout-flow\">\n<p class=\"has-text-align-center\" style=\"font-size:20px\"><strong><em>Infografica<\/em><\/strong><br><\/p>\n\n\n<div class=\"wp-block-image\">\n<figure data-wp-context=\"{&quot;imageId&quot;:&quot;69eb954ca18c9&quot;}\" data-wp-interactive=\"core\/image\" data-wp-key=\"69eb954ca18c9\" class=\"aligncenter size-large wp-lightbox-container\"><img loading=\"lazy\" decoding=\"async\" width=\"1024\" height=\"710\" data-wp-class--hide=\"state.isContentHidden\" data-wp-class--show=\"state.isContentVisible\" data-wp-init=\"callbacks.setButtonStyles\" data-wp-on--click=\"actions.showLightbox\" data-wp-on--load=\"callbacks.setButtonStyles\" data-wp-on-window--resize=\"callbacks.setButtonStyles\" src=\"https:\/\/www.percorsipinerolo.it\/youth4happiness\/wp-content\/uploads\/2025\/05\/AlessandroMaria_Rossi_infografica-3-1024x710.jpg\" alt=\"\" class=\"wp-image-1963\" srcset=\"https:\/\/www.percorsipinerolo.it\/youth4happiness\/wp-content\/uploads\/2025\/05\/AlessandroMaria_Rossi_infografica-3-1024x710.jpg 1024w, https:\/\/www.percorsipinerolo.it\/youth4happiness\/wp-content\/uploads\/2025\/05\/AlessandroMaria_Rossi_infografica-3-300x208.jpg 300w, https:\/\/www.percorsipinerolo.it\/youth4happiness\/wp-content\/uploads\/2025\/05\/AlessandroMaria_Rossi_infografica-3-768x533.jpg 768w, https:\/\/www.percorsipinerolo.it\/youth4happiness\/wp-content\/uploads\/2025\/05\/AlessandroMaria_Rossi_infografica-3-1536x1066.jpg 1536w, https:\/\/www.percorsipinerolo.it\/youth4happiness\/wp-content\/uploads\/2025\/05\/AlessandroMaria_Rossi_infografica-3-2048x1421.jpg 2048w, https:\/\/www.percorsipinerolo.it\/youth4happiness\/wp-content\/uploads\/2025\/05\/AlessandroMaria_Rossi_infografica-3-900x624.jpg 900w, https:\/\/www.percorsipinerolo.it\/youth4happiness\/wp-content\/uploads\/2025\/05\/AlessandroMaria_Rossi_infografica-3-1280x888.jpg 1280w\" sizes=\"auto, (max-width: 1024px) 100vw, 1024px\" \/><button\n\t\t\tclass=\"lightbox-trigger\"\n\t\t\ttype=\"button\"\n\t\t\taria-haspopup=\"dialog\"\n\t\t\taria-label=\"Ingrandisci\"\n\t\t\tdata-wp-init=\"callbacks.initTriggerButton\"\n\t\t\tdata-wp-on--click=\"actions.showLightbox\"\n\t\t\tdata-wp-style--right=\"state.imageButtonRight\"\n\t\t\tdata-wp-style--top=\"state.imageButtonTop\"\n\t\t>\n\t\t\t<svg xmlns=\"http:\/\/www.w3.org\/2000\/svg\" width=\"12\" height=\"12\" fill=\"none\" viewBox=\"0 0 12 12\">\n\t\t\t\t<path fill=\"#fff\" d=\"M2 0a2 2 0 0 0-2 2v2h1.5V2a.5.5 0 0 1 .5-.5h2V0H2Zm2 10.5H2a.5.5 0 0 1-.5-.5V8H0v2a2 2 0 0 0 2 2h2v-1.5ZM8 12v-1.5h2a.5.5 0 0 0 .5-.5V8H12v2a2 2 0 0 1-2 2H8Zm2-12a2 2 0 0 1 2 2v2h-1.5V2a.5.5 0 0 0-.5-.5H8V0h2Z\" \/>\n\t\t\t<\/svg>\n\t\t<\/button><\/figure>\n<\/div><\/div>\n<\/div>\n","protected":false},"excerpt":{"rendered":"<p>Uno sguardo d&#8217;autore Lo spazio come teatro del nostro agire Il topos del \u201cgran teatro del mondo\u201d, che conosce grande sviluppo nella letteratura rinascimentale, ha radici nella tradizione classica. In questo passo di Seneca, la posizione sociale che occupiamo \u00e8 equiparata al ruolo in uno spettacolo teatrale: i luoghi in cui agiamo sono il nostro [&hellip;]<\/p>\n","protected":false},"author":8,"featured_media":0,"parent":0,"menu_order":0,"comment_status":"closed","ping_status":"closed","template":"","meta":{"footnotes":""},"class_list":["post-403","page","type-page","status-publish","hentry"],"_links":{"self":[{"href":"https:\/\/www.percorsipinerolo.it\/youth4happiness\/wp-json\/wp\/v2\/pages\/403","targetHints":{"allow":["GET"]}}],"collection":[{"href":"https:\/\/www.percorsipinerolo.it\/youth4happiness\/wp-json\/wp\/v2\/pages"}],"about":[{"href":"https:\/\/www.percorsipinerolo.it\/youth4happiness\/wp-json\/wp\/v2\/types\/page"}],"author":[{"embeddable":true,"href":"https:\/\/www.percorsipinerolo.it\/youth4happiness\/wp-json\/wp\/v2\/users\/8"}],"replies":[{"embeddable":true,"href":"https:\/\/www.percorsipinerolo.it\/youth4happiness\/wp-json\/wp\/v2\/comments?post=403"}],"version-history":[{"count":52,"href":"https:\/\/www.percorsipinerolo.it\/youth4happiness\/wp-json\/wp\/v2\/pages\/403\/revisions"}],"predecessor-version":[{"id":1972,"href":"https:\/\/www.percorsipinerolo.it\/youth4happiness\/wp-json\/wp\/v2\/pages\/403\/revisions\/1972"}],"wp:attachment":[{"href":"https:\/\/www.percorsipinerolo.it\/youth4happiness\/wp-json\/wp\/v2\/media?parent=403"}],"curies":[{"name":"wp","href":"https:\/\/api.w.org\/{rel}","templated":true}]}}