{"id":1989,"date":"2025-05-17T13:30:31","date_gmt":"2025-05-17T13:30:31","guid":{"rendered":"https:\/\/www.percorsipinerolo.it\/youth4happiness\/?page_id=1989"},"modified":"2025-05-21T11:14:54","modified_gmt":"2025-05-21T11:14:54","slug":"indagine-sui-luoghi-felici","status":"publish","type":"page","link":"https:\/\/www.percorsipinerolo.it\/youth4happiness\/indagine-sui-luoghi-felici\/","title":{"rendered":"INDAGINE SUI LUOGHI FELICI"},"content":{"rendered":"\n<p>Come includere la matematica in un percorso interdisciplinare sulla felicit\u00e0?<strong><br><\/strong>\u00c8 questa la domanda emersa nelle prime fasi di progettazione del progetto <em>Youth4Happiness<\/em>, nell\u2019estate del 2024. La felicit\u00e0 \u00e8 qualcosa che, per molti, appare distante dal proprio vissuto con la matematica. Tuttavia, proprio attraverso questa disciplina,\u00a0 in particolare con la statistica, \u00e8 possibile fare luce su alcuni elementi e variabili che contribuiscono a definire le diverse idee di felicit\u00e0.<br>Nel nostro progetto si \u00e8 deciso quindi di indagare il tema della felicit\u00e0 nei luoghi della quotidianit\u00e0 attraverso un\u2019indagine statistica rivolta agli studenti del Liceo Curie.\u00a0<br>Gli <strong>obiettivi<\/strong> della <em>survey <\/em>qui presentata, progettata dalla classe 3Esa, erano: rilevare come i giovani vivono gli spazi scolastici e della citt\u00e0 e individuare cosa apprezzano di questi luoghi e cosa, invece, ritengono migliorabile.<br>Partendo dal questionario di <a href=\"https:\/\/www.fondazioneperlarchitettura.it\/2024\/07\/17\/building-happiness-il-questionario\/\" target=\"_blank\" rel=\"noreferrer noopener\">Building Happiness<\/a>, progetto di Fondazione per l\u2019architettura di Torino volto a indagare come l\u2019architettura pu\u00f2 influenzare la felicit\u00e0, i ragazzi hanno elaborato nelle ore curricolari di matematica un questionario con Google Form.<br>La messa a fuoco dei contenuti delle domande, la formulazione delle stesse, la definizione della tipologia di risposta e infine la produzione del questionario hanno messo in gioco diverse competenze (tra queste, la <strong>competenza alfabetica funzionale<\/strong>, la <strong>competenza digitale<\/strong>, la <strong>competenza personale, sociale e capacit\u00e0 di imparare a imparare<\/strong>). Si \u00e8 definito quindi un questionario che indagasse tre aree: caratteristiche dei luoghi in cui si \u00e8 felici, il contesto scuola e il contesto citt\u00e0.\u00a0\u00c8 seguita quindi la fase di diffusione del questionario tra gli studenti del Liceo Curie. Gli ideatori si sono recati nelle classi in orario scolastico per presentare brevemente l\u2019iniziativa e fornire l\u2019accesso al form tramite appositi QR code. Ha partecipato al sondaggio un totale di <strong>572 studenti<\/strong>, oltre la met\u00e0 della popolazione scolastica.\u00a0<br>Una volta raccolti i dati si \u00e8 proceduto con l\u2019analisi delle risposte, soprattutto di quelle libere, che sono state riorganizzate manualmente. Anche in questo caso il lavoro \u00e8 stato portato avanti da diversi gruppi, ciascuno dei quali focalizzato su particolari quesiti; gli studenti hanno inoltre cercato di incrociare le risposte date con ulteriori variabili (es. anno frequentato, genere, abitante di Pinerolo) per riuscire a\u00a0 trarre conclusioni pi\u00f9 specifiche dai risultati del sondaggio. Sono emerse e si sono consolidate in questa fase le <strong>competenze matematiche<\/strong> della classe, che rientra tra le classi dei licei potenziati in matematica.<\/p>\n\n\n\n<p>I <strong>risultati<\/strong> ottenuti mostrano che:<\/p>\n\n\n\n<ul class=\"wp-block-list\">\n<li>Gli spazi personali (come la camera o la casa) sono percepiti come luoghi felici per momenti di solitudine; in compagnia, invece, \u00e8 preferita la casa degli amici.<\/li>\n\n\n\n<li>Alcuni ambienti della scuola (es. corridoi, aule, bagni) sono vissuti con emozioni molto contrastanti da gruppi diversi di studenti;<\/li>\n\n\n\n<li>Noia e ansia sono le emozioni negative pi\u00f9 provate dagli studenti negli spazi scolastici, in linea con altre ricerche svolte in contesto italiano;<\/li>\n\n\n\n<li>I luoghi di Pinerolo pi\u00f9 amati dai liceali del Curie sono il <strong>centro storico, San Maurizio e il Parco della Pace<\/strong>;<\/li>\n\n\n\n<li>Le interazioni sociali si confermano un elemento cruciale per la percezione della felicit\u00e0.<\/li>\n<\/ul>\n\n\n\n<p>Il tempo dedicato a questa <em>survey<\/em> pu\u00f2 aver lasciato ai partecipanti nuovi spunti di riflessione sull\u2019impatto che i luoghi della quotidianit\u00e0 hanno sul proprio benessere. Le informazioni raccolte rappresentano un punto di partenza per future riflessioni e azioni concrete volte al miglioramento degli spazi condivisi e, di conseguenza, della qualit\u00e0 della vita di chi li frequenta.<\/p>\n","protected":false},"excerpt":{"rendered":"<p>Come includere la matematica in un percorso interdisciplinare sulla felicit\u00e0?\u00c8 questa la domanda emersa nelle prime fasi di progettazione del progetto Youth4Happiness, nell\u2019estate del 2024. La felicit\u00e0 \u00e8 qualcosa che, per molti, appare distante dal proprio vissuto con la matematica. Tuttavia, proprio attraverso questa disciplina,\u00a0 in particolare con la statistica, \u00e8 possibile fare luce su [&hellip;]<\/p>\n","protected":false},"author":2,"featured_media":0,"parent":0,"menu_order":0,"comment_status":"closed","ping_status":"closed","template":"","meta":{"footnotes":""},"class_list":["post-1989","page","type-page","status-publish","hentry"],"_links":{"self":[{"href":"https:\/\/www.percorsipinerolo.it\/youth4happiness\/wp-json\/wp\/v2\/pages\/1989","targetHints":{"allow":["GET"]}}],"collection":[{"href":"https:\/\/www.percorsipinerolo.it\/youth4happiness\/wp-json\/wp\/v2\/pages"}],"about":[{"href":"https:\/\/www.percorsipinerolo.it\/youth4happiness\/wp-json\/wp\/v2\/types\/page"}],"author":[{"embeddable":true,"href":"https:\/\/www.percorsipinerolo.it\/youth4happiness\/wp-json\/wp\/v2\/users\/2"}],"replies":[{"embeddable":true,"href":"https:\/\/www.percorsipinerolo.it\/youth4happiness\/wp-json\/wp\/v2\/comments?post=1989"}],"version-history":[{"count":5,"href":"https:\/\/www.percorsipinerolo.it\/youth4happiness\/wp-json\/wp\/v2\/pages\/1989\/revisions"}],"predecessor-version":[{"id":2097,"href":"https:\/\/www.percorsipinerolo.it\/youth4happiness\/wp-json\/wp\/v2\/pages\/1989\/revisions\/2097"}],"wp:attachment":[{"href":"https:\/\/www.percorsipinerolo.it\/youth4happiness\/wp-json\/wp\/v2\/media?parent=1989"}],"curies":[{"name":"wp","href":"https:\/\/api.w.org\/{rel}","templated":true}]}}