{"id":1505,"date":"2025-05-13T11:33:18","date_gmt":"2025-05-13T11:33:18","guid":{"rendered":"https:\/\/www.percorsipinerolo.it\/youth4happiness\/?page_id=1505"},"modified":"2025-05-19T13:23:18","modified_gmt":"2025-05-19T13:23:18","slug":"il-tema-della-felicita","status":"publish","type":"page","link":"https:\/\/www.percorsipinerolo.it\/youth4happiness\/il-tema-della-felicita\/","title":{"rendered":"IL TEMA DELLA FELICIT\u00c0"},"content":{"rendered":"\n<figure class=\"wp-block-image size-full\"><img loading=\"lazy\" decoding=\"async\" width=\"1024\" height=\"1024\" src=\"https:\/\/www.percorsipinerolo.it\/youth4happiness\/wp-content\/uploads\/2025\/05\/7B1A4A29-B5F4-4BA0-8A4D-744B693326DA.png\" alt=\"\" class=\"wp-image-1549\" srcset=\"https:\/\/www.percorsipinerolo.it\/youth4happiness\/wp-content\/uploads\/2025\/05\/7B1A4A29-B5F4-4BA0-8A4D-744B693326DA.png 1024w, https:\/\/www.percorsipinerolo.it\/youth4happiness\/wp-content\/uploads\/2025\/05\/7B1A4A29-B5F4-4BA0-8A4D-744B693326DA-300x300.png 300w, https:\/\/www.percorsipinerolo.it\/youth4happiness\/wp-content\/uploads\/2025\/05\/7B1A4A29-B5F4-4BA0-8A4D-744B693326DA-150x150.png 150w, https:\/\/www.percorsipinerolo.it\/youth4happiness\/wp-content\/uploads\/2025\/05\/7B1A4A29-B5F4-4BA0-8A4D-744B693326DA-768x768.png 768w, https:\/\/www.percorsipinerolo.it\/youth4happiness\/wp-content\/uploads\/2025\/05\/7B1A4A29-B5F4-4BA0-8A4D-744B693326DA-88x88.png 88w, https:\/\/www.percorsipinerolo.it\/youth4happiness\/wp-content\/uploads\/2025\/05\/7B1A4A29-B5F4-4BA0-8A4D-744B693326DA-900x900.png 900w\" sizes=\"auto, (max-width: 1024px) 100vw, 1024px\" \/><\/figure>\n\n\n\n<p>\u201cLuoghi della felicit\u00e0\u201d\u2026. Esistono davvero? Tanto in uno spazio aperto (come un giardino pubblico o una piazza), quanto in un luogo chiuso (un cinema, una palestra, una scuola), troviamo persone felici, altre preoccupate, alcune contente, altre ancora arrabbiate, e cos\u00ec via.\u00a0 Pu\u00f2 dunque la felicit\u00e0 dipendere dal luogo? In fondo, le nostre esperienze, i nostri gusti e stili di vita non si assomigliano: alcuni preferiscono i grandi parchi naturali, altri le aree attrezzate, altri ancora vorrebbero locali per il ritrovo, centri sportivi, infrastrutture. Anche come individui ci capita di vivere momenti di felicit\u00e0 e di infelicit\u00e0 in uno stesso posto, che sia lo spazio privato della nostra casa o un luogo che frequentiamo continuamente, come la scuola.\u00a0<\/p>\n\n\n\n<p>Spingendo la riflessione all\u2019estremo, potremmo affermare che la felicit\u00e0 non dipende da alcun luogo: non viveva forse Diogene in una botte? Ed esistono tradizioni spirituali, come il buddismo, per cui non \u00e8 la ricerca della felicit\u00e0, come stato positivo, l\u2019obiettivo della nostra vita, ma la liberazione dalle illusioni, dalle passioni, dai vizi e dai desideri. Eppure anche Diogene, nella sua botte, stava meglio quando su di essa cadeva un raggio di sole; e se la capacit\u00e0 di godere di ci\u00f2 che abbiamo \u00e8 una grande saggezza, almeno nella nostra cultura occidentale non riusciamo a prescindere dal ricercare luoghi nei quali riusciamo a stare bene, o per lo meno meglio che in altri.&nbsp;<\/p>\n\n\n\n<p>Cos\u00ec, porre l\u2019accento sulla relazione tra \u201cluoghi\u201d e \u201cfelicit\u00e0\u201d attiva una serie di riflessioni: innanzitutto su cosa significhi essere felici, o stare bene, e in secondo luogo su come raggiungere questa condizione. Ci rendiamo conto, allora, che intorno al binomio luoghi-felicit\u00e0 si articolano competenze e responsabilit\u00e0 diverse. Se filosofi, letterati, psicoanalisti, sociologi, artisti si interrogano su cosa sia la felicit\u00e0, all\u2019architettura e all\u2019ingegneria viene chiesta una riflessione analoga ma anche la progettazione di&nbsp; spazi e luoghi idonei alle esigenze degli individui e delle comunit\u00e0 che si modificano nel tempo. Dal canto suo l\u2019amministrazione pubblica deve regolare e armonizzare tanto le istanze individuali quanto quelle collettive, porre regole, trovare finanziamenti &#8211; quindi stabilire priorit\u00e0 &#8211; effettuare interventi di tutela e di controllo.&nbsp;<\/p>\n\n\n\n<p>Questo progetto ha provato a far dialogare tra loro alcuni di questi saperi, discipline e pratiche, secondo un approccio metodologico che ci ha spinto ad alzare gli occhi con curiosit\u00e0, per scoprire il patrimonio che ci circonda.&nbsp;&nbsp;<\/p>\n\n\n\n<p>Ci siamo concentrati sulla citt\u00e0 in cui si trova la scuola che frequentiamo, il Liceo scientifico \u201cMaria Curie\u201d, a Pinerolo. Non \u00e8 il luogo dove tutti noi viviamo, ma \u00e8 senz\u2019altro un posto nel quale veniamo spesso, non solo per studiare, e che dunque conosciamo bene.&nbsp;&nbsp;<\/p>\n\n\n\n<h3 class=\"wp-block-heading\">I luoghi di aggregazione<\/h3>\n\n\n\n<figure class=\"wp-block-image size-full\"><img loading=\"lazy\" decoding=\"async\" width=\"615\" height=\"397\" src=\"https:\/\/www.percorsipinerolo.it\/youth4happiness\/wp-content\/uploads\/2025\/05\/Screenshot-2025-05-16-113746.png\" alt=\"\" class=\"wp-image-1561\" srcset=\"https:\/\/www.percorsipinerolo.it\/youth4happiness\/wp-content\/uploads\/2025\/05\/Screenshot-2025-05-16-113746.png 615w, https:\/\/www.percorsipinerolo.it\/youth4happiness\/wp-content\/uploads\/2025\/05\/Screenshot-2025-05-16-113746-300x194.png 300w\" sizes=\"auto, (max-width: 615px) 100vw, 615px\" \/><\/figure>\n\n\n\n<p>Cosa conferisce a un luogo la sua identit\u00e0? Questa domanda, posta a introduzione del percorso dedicato ai luoghi di aggregazione, rimanda a una pi\u00f9 generale che abbiamo gi\u00e0 posto all\u2019inizio: un determinato luogo \u00e8 felice in s\u00e9, o perch\u00e9 noi lo viviamo cos\u00ec?<\/p>\n\n\n\n<p>La filosofia \u00e8 un terreno di gioco fecondissimo sul problema dell\u2019identit\u00e0, perch\u00e9 ci offre un ventaglio di risposte e ci allena a pensare in modo flessibile. \u00c8 possibile attribuire a \u201cqualcosa\u201d o a \u201cqualcuno\u201d caratteristiche univoche, chiare, precise, oppure le \u201ccose\u201d sono cos\u00ec come a ciascuno appaiono, senza possibilit\u00e0 di arrivare a una loro definizione universale?<\/p>\n\n\n\n<p>Intorno a questo interrogativo si sono confrontate alcune grandi correnti di pensiero ancora attuali: prima di tutto ci furono, e ci sono, coloro che ritengono che esista davvero qualcosa di stabile e oggettivo. Potrebbe trattarsi, come pensava Platone, di valori o \u00abidee\u00bb: egli pensava soprattutto alla Giustizia, e poi ad enti matematici come i numeri \u2013 da questo spunto \u00e8 nato il \u00abplatonismo matematico\u00bb di importanti studiosi (ad esempio: Cantor, Frege, G\u00f6del e Hardy); altri filosofi identificavano la verit\u00e0 con Dio (S. Agostino) e per certi versi anche con nostra coscienza (perch\u00e9 anche se dubitiamo di tutto, non possiamo certo dubitare che stiamo dubitando)!<\/p>\n\n\n\n<p>Se ragionassimo come Platone, dovremmo allora riconoscere che in ogni luogo, quindi anche nelle piazze, nei parchi, negli edifici, \u00e8 intrinseca una determinata forma o una commistione di pi\u00f9 forme che li rende pi\u00f9 o meno belli e adatti alla loro funzione: quadrata, rettangolare o ellittica, cubica e cos\u00ec via. Anche le proporzioni tra edifici e tra le loro parti sarebbero importanti e altrettanto oggettive. S. Agostino ci parlerebbe invece di un luogo interiore, quello appunto della nostra anima, nella quale ritroviamo Dio: \u00abnell\u2019interno dell\u2019uomo abita la verit\u00e0\u00bb.<\/p>\n\n\n\n<p>Altre importanti correnti di pensiero, come il relativismo, sostengono, al contrario della prima, che nulla \u00e8 definibile in modo univoco: le cose sono come a ciascuno appaiono, che si tratti di individui o di comunit\u00e0. Protagora e Gorgia, alcuni \u00absofisti\u00bb che hanno dato avvio a questa corrente, ma anche intellettuali come Montaigne, ci invitano quindi a relativizzare il nostro punto di vista, a non formulare giudizi categorici o assoluti. Significa appunto riconoscere che il rapporto luoghi-felicit\u00e0 \u00e8 mutevole e cangiante tanto quanto lo sono gli utenti di quei luoghi, i loro gusti, stati d\u2019animo, ma anche il trascorrere del tempo che modifica le societ\u00e0 e i valori. Conferme dell\u2019importanza di mantenere uno sguardo plurale, duttile e diversificato sono emerse, per esempio, dal sondaggio sul rapporto tra noi studenti e la scuola che frequentiamo, il Liceo Maria Curie.<\/p>\n\n\n\n<p>Questi modi di ragionare non esauriscono affatto le possibilit\u00e0 di riflettere sul rapporto tra luoghi e felicit\u00e0! C\u2019\u00e8 chi, per esempio, potrebbe perfino rifiutarsi di rispondere alla domanda \u201ccosa rende un luogo felice?\u201d ritenendola \u00abindecidibile\u00bb (pensiamo alla corrente dello scetticismo). Altri si affiderebbero al senso comune (Moore) e altri ancora penserebbero che la domanda rappresenta un falso problema, creato da un uso improprio del linguaggio (Wittgenstein). Su posizioni ancora diverse un approccio di tipo ermeneutico cercherebbe di cogliere nel \u00abcircolo\u00bb che lega chi si interroga sul rapporto tra luoghi e la felicit\u00e0 (in questo caso, noi stessi) e l\u2019orizzonte di senso da cui tale interrogare scaturisce (la nostra epoca, le nostre pre-comprensioni) un filo rosso per abbozzare una risposta che non sar\u00e0 mai esaustiva, perch\u00e9 l\u2019essenziale coinvolgimento dell\u2019interprete in ci\u00f2 che interpreta, l\u2019essere immerso in un contesto storico e semantico, implicano che ogni sforzo di comprensione non possa mai risolversi in totale autotrasparenza.<\/p>\n\n\n\n<p>Il percorso che comprende ben sette luoghi di aggregazione \u00e8 talmente vario, ricco e poliedrico che ci \u00e8 sembrato opportuno non proporre una chiave di lettura univoca; ci sembra pi\u00f9 adeguato invitare a una lettura eclettica nella quale coesistono punti di vista ed esperienze diverse. Tali sono anche, come vedrete, le esperienze letterarie associate ai diversi luoghi.<\/p>\n\n\n\n<h3 class=\"wp-block-heading\">Le piazze: luoghi di idee e socializzazione<\/h3>\n\n\n\n<p>Nel corso del tempo, le piazze hanno assolto \u2013 e continuano ad avere \u2013 diverse funzioni fondamentali per la vita urbana e sociale. Ne possiamo individuare almeno tre: una delle pi\u00f9 importanti \u00e8 quella commerciale (negozi, mercati, fiere), poi c\u2019\u00e8 quella politica (comizi, banchetti per la raccolta firme etc.) e, <em>last but not least<\/em>, quella aggregativa (spazi di ritrovo e di gioco).<\/p>\n\n\n\n<p>Quest\u2019ultima riguarda il ruolo delle piazze come spazi di svago, incontro e socializzazione. Sono luoghi dove le persone si ritrovano per divertirsi, partecipare ad eventi culturali (concerti, spettacoli, esibizioni), passeggiare, chiacchierare o semplicemente rilassarsi. In molte citt\u00e0 metropolitane le piazze, specialmente quelle riguadagnate all\u2019uso pedonale, si animano di persone che vi si rilassano, si incontrano nei locali, guardano le vetrine circostanti, o siedono sulle panchine chiacchierando. In questo senso, la piazza diventa un ambiente accogliente e inclusivo, capace di favorire momenti di benessere e anche l\u2019identificazione con la propria citt\u00e0.<\/p>\n\n\n\n<p>La funzione commerciale, dal canto suo, \u00e8 legata alle attivit\u00e0 economiche che si svolgono nella piazza: questo spazio diventa allora un punto imprescindibile per la vivacit\u00e0 economica della citt\u00e0. Non solo i negozi che si affacciano sulla piazza, magari sotto portici o ripari naturali, ma anche i mercati, o le fiere, mettono a contatto le realt\u00e0 del territorio con gli abitanti. Oltre ad assolvere questo ruolo, intorno alla piazza come luogo commerciale si moltiplicano le occasioni di incontro e di svago, si godono occasioni di impiegare il tempo libero, per esempio osservando le vetrine alla ricerca delle ultime novit\u00e0, o incontrando gli amici per un aperitivo.<\/p>\n\n\n\n<p>Non bisogna poi dimenticare la funzione politica delle piazze. In questo senso, da luoghi simbolo di oppressione quale esse erano un tempo (si pensi alle esecuzioni in pubblico), sono assurte a simboli di libert\u00e0 e partecipazione. Piazza Tiananmen \u00e8 un esempio del ruolo delle piazze nella rivendicazione di diritti e riforme. Nel 1989, studenti e cittadini cinesi vi si riunirono per chiedere maggiore democrazia, dimostrando che la partecipazione collettiva pu\u00f2 essere un mezzo per raggiungere la giustizia sociale. Nonostante la dura repressione, la piazza resta un simbolo dell\u2019impegno civico e della lotta per un futuro migliore, mostrando come questo obiettivo possa essere raggiunto attraverso l\u2019espressione collettive delle istanze di cambiamento.<\/p>\n\n\n\n<p>Le piazze, dunque, non sono semplicemente spazi aperti, ma luoghi architettonici di fondamentale importanza nella vita di una comunit\u00e0 organizzata, e vanno progettate adeguatamente. Esse fungono da catalizzatori per il benessere delle persone, per il perseguimento dei loro interessi, nonch\u00e9 per l\u2019espressione delle loro idee e per la socializzazione. Favoriscono il senso di appartenenza alla citt\u00e0, permettono alle persone di esprimersi e di sentirsi parte di una comunit\u00e0. In un\u2019epoca in cui la vita si svolge sempre pi\u00f9 <em>online<\/em>, riscoprire il valore delle piazze potrebbe aiutarci a ritrovare quel senso di vicinanza e condivisione che \u00e8 alla base dello stare assieme e della collettivit\u00e0.Per questo abbiamo deciso di guidarvi in questo itinerario alla scoperta delle piazze di Pinerolo, che per noi spesso rappresentano luoghi dove ci sentiamo a nostro agio incontrando i nostri amici, chiacchierando su una panchina oppure semplicemente passeggiando spensieratamente. In particolare porremo l\u2019attenzione sull\u2019aspetto aggregativo di piazza Facta e Garibaldi e su quello commerciale di piazza Roma. Proporremo inoltre alcune modifiche alle nostre piazze, al fine di renderle sempre pi\u00f9 rispondenti alle esigenze dei cittadini pinerolesi. Speriamo quindi che le nostre piazze possano avere lo stesso effetto anche su di voi!<\/p>\n\n\n\n<h3 class=\"wp-block-heading\">I giardini: luoghi &#8220;privati&#8221; e di socialit\u00e0<\/h3>\n\n\n\n<p>Una giornata di sole, l\u2019aria fresca mescolata al profumo dell\u2019erba, il suono dei passi sui vialetti, le risate dei bambini che giocano, il respiro profondo di chi corre per scaricare lo stress, la tranquillit\u00e0 di chi siede all\u2019ombra sulle panchine: negli spazi verdi, la natura diventa complice del nostro benessere e la citt\u00e0 sembra rallentare, restituendoci il tempo per vivere.<\/p>\n\n\n\n<p>Perci\u00f2 i giardini pubblici non devono essere visti semplicemente come luoghi dove praticare sport e svago, ma come l\u2019espressione di una societ\u00e0 che sceglie di tutelare il ritmo lento quale antidoto alla frenesia, come invito a vivere il presente con consapevolezza, uno sforzo per conservare il legame tra uomo e ambiente. Grazie ad essi la citt\u00e0 si dimostra attenta a una dimensione fondamentale per il benessere individuale e collettivo: infrastrutture, certo, centri commerciali e abitazioni a misura d\u2019uomo, ma anche aree verdi, polmoni naturali, luoghi aperti che fungano da ritrovo \u2013 per la meditazione, per il riposo, per lo sport. Ecco perch\u00e9 dobbiamo proteggere e valorizzare questi spazi.<\/p>\n\n\n\n<p>D\u2019altronde nella letteratura e nella filosofia troviamo cospicui riferimenti che contrappongono la citt\u00e0 alla natura, vista come condizione di una vita sana per il corpo e per la mente. Secondo Jean-Jacques Rousseau in essa l\u2019uomo ritrova le sue radici pi\u00f9 autentiche, dalle quali la civilt\u00e0 lo avrebbe allontanato. Lo stato di natura, dimensione quasi mitologica, evoca allora un ritorno alla semplicit\u00e0 e spontaneit\u00e0, il ricordo nostalgico di una condizione di felicit\u00e0 perduta e di uguaglianza tradita. Come giudicherebbe Rousseau i giardini delle nostre citt\u00e0? Forse gli sembrerebbero spazi addomesticati ad arte, quindi paradossalmente snaturalizzati? Oppure li considererebbe come una sorta di tenue ricordo di un mondo che non c\u2019\u00e8 pi\u00f9? Questi interrogativi fanno emergere l\u2019importanza di progettare giardini pubblici e spazi aperti in modo tale che siano fruibili e si integrino in modo funzionale e armonico nel contesto urbano, valorizzandolo.<\/p>\n\n\n\n<p>In questo senso, sottrarre le aree verdi al degrado \u00e8 un\u2019altra sfida di fondamentale importanza. Rivendichiamo l\u2019idea che i giardini debbano essere spazi per tutti, fruibili da bambini, adolescenti, adulti, anziani. \u00c8 una prospettiva diversa da quella di Epicuro, per il quale il \u00abgiardino\u00bb era un luogo interno alla villa da lui comprata, tra Atene e il Pireo, in cui si riuniva insieme ai suoi seguaci, dando vita ad una comunit\u00e0 che si teneva in disparte dalle agitazioni della citt\u00e0 e della politica, fonti di turbamento. Per noi oggi questa visione pu\u00f2 corrispondere al massimo al nostro giardino privato, ma sentiamo anche l\u2019esigenza di spazi pubblici nel senso proprio del termine, ossia come beni di tutti \u2013 anche perch\u00e9 non tutti possono permettersi un \u00abgiardino\u00bb (appellativo che divenne il nome della scuola di Epicuro)!<\/p>\n\n\n\n<p>Seguendo questa logica, abbiamo individuato alcuni giardini, parchi, e spazi aperti di particolare significato non solo per noi giovani, ma per tutta Pinerolo. Sono luoghi piuttosto diversi tra loro quanto a posizione, utilizzo, significato; ma proprio per questo esprimono bene i molteplici volti della citt\u00e0 e ne diventano una cifra caratteristica.<\/p>\n\n\n\n<p>Essi permettono di ospitare feste, manifestazioni, eventi enograstronomici (Terrazze Acaja), regalano panorami magnifici dalle Alpi alla pianura (Basilica di San Maurizio), custodiscono piante e fiori (Villa Prever). Infine, con i monumenti che ospitano, ci riportano alle origini della nostra libert\u00e0 e della pace di cui, da ormai quasi un secolo, abbiamo potuto godere anche noi nel nostro piccolo (Monumento ai Caduti). Con questo collegamento ideale tra passato e presente si chiude l\u2019itinerario.<\/p>\n","protected":false},"excerpt":{"rendered":"<p>\u201cLuoghi della felicit\u00e0\u201d\u2026. Esistono davvero? Tanto in uno spazio aperto (come un giardino pubblico o una piazza), quanto in un luogo chiuso (un cinema, una palestra, una scuola), troviamo persone felici, altre preoccupate, alcune contente, altre ancora arrabbiate, e cos\u00ec via.\u00a0 Pu\u00f2 dunque la felicit\u00e0 dipendere dal luogo? In fondo, le nostre esperienze, i nostri [&hellip;]<\/p>\n","protected":false},"author":5,"featured_media":0,"parent":0,"menu_order":0,"comment_status":"closed","ping_status":"closed","template":"","meta":{"footnotes":""},"class_list":["post-1505","page","type-page","status-publish","hentry"],"_links":{"self":[{"href":"https:\/\/www.percorsipinerolo.it\/youth4happiness\/wp-json\/wp\/v2\/pages\/1505","targetHints":{"allow":["GET"]}}],"collection":[{"href":"https:\/\/www.percorsipinerolo.it\/youth4happiness\/wp-json\/wp\/v2\/pages"}],"about":[{"href":"https:\/\/www.percorsipinerolo.it\/youth4happiness\/wp-json\/wp\/v2\/types\/page"}],"author":[{"embeddable":true,"href":"https:\/\/www.percorsipinerolo.it\/youth4happiness\/wp-json\/wp\/v2\/users\/5"}],"replies":[{"embeddable":true,"href":"https:\/\/www.percorsipinerolo.it\/youth4happiness\/wp-json\/wp\/v2\/comments?post=1505"}],"version-history":[{"count":8,"href":"https:\/\/www.percorsipinerolo.it\/youth4happiness\/wp-json\/wp\/v2\/pages\/1505\/revisions"}],"predecessor-version":[{"id":2018,"href":"https:\/\/www.percorsipinerolo.it\/youth4happiness\/wp-json\/wp\/v2\/pages\/1505\/revisions\/2018"}],"wp:attachment":[{"href":"https:\/\/www.percorsipinerolo.it\/youth4happiness\/wp-json\/wp\/v2\/media?parent=1505"}],"curies":[{"name":"wp","href":"https:\/\/api.w.org\/{rel}","templated":true}]}}