{"id":572,"date":"2026-04-16T15:22:53","date_gmt":"2026-04-16T15:22:53","guid":{"rendered":"https:\/\/www.percorsipinerolo.it\/youth4artspaces\/?page_id=572"},"modified":"2026-05-15T09:57:06","modified_gmt":"2026-05-15T09:57:06","slug":"serie-zero-paolo-grassino","status":"publish","type":"page","link":"https:\/\/www.percorsipinerolo.it\/youth4artspaces\/serie-zero-paolo-grassino\/","title":{"rendered":"\u201cSerie Zero\u201d &#8211; Paolo Grassino"},"content":{"rendered":"\n<ul class=\"wp-block-list\">\n<li><strong>Indirizzo<\/strong>: Piazza Voltari della libert\u00e0, Angolo via piatti<\/li>\n\n\n\n<li><strong>Autore<\/strong>: Paolo Grassino<\/li>\n<\/ul>\n\n\n\n<p>L&#8217;opera &#8220;Serie Zero&#8221; di Paolo Grassino, situata a Pinerolo in Piazza Volontari della Libert\u00e0, \u00e8 un&#8217;installazione scultorea che raffigura una figura umana stilizzata concepita come un guscio vuoto.<br>L&#8217;opera simboleggia una metamorfosi: dal vuoto centrale del corpo emerge una ramificazione organica che si espande verso l&#8217;esterno, rappresentando una tensione vitale tra l&#8217;artificio e la natura. Attraverso questo lavoro, Grassino riflette sulla fragilit\u00e0 dell&#8217;identit\u00e0 contemporanea e sulla capacit\u00e0 di rinascita interiore.<\/p>\n\n\n\n<div class=\"wp-block-columns is-layout-flex wp-container-core-columns-is-layout-28f84493 wp-block-columns-is-layout-flex\">\n<div class=\"wp-block-column is-layout-flow wp-block-column-is-layout-flow\" style=\"flex-basis:100%\">\n<figure class=\"wp-block-gallery has-nested-images columns-default is-cropped wp-block-gallery-1 is-layout-flex wp-block-gallery-is-layout-flex\">\n<figure data-wp-context=\"{&quot;imageId&quot;:&quot;6a07404a91553&quot;}\" data-wp-interactive=\"core\/image\" data-wp-key=\"6a07404a91553\" class=\"wp-block-image size-large is-resized wp-lightbox-container\"><img loading=\"lazy\" decoding=\"async\" width=\"532\" height=\"809\" data-wp-class--hide=\"state.isContentHidden\" data-wp-class--show=\"state.isContentVisible\" data-wp-init=\"callbacks.setButtonStyles\" data-wp-on--click=\"actions.showLightbox\" data-wp-on--load=\"callbacks.setButtonStyles\" data-wp-on-window--resize=\"callbacks.setButtonStyles\" data-id=\"573\" src=\"https:\/\/www.percorsipinerolo.it\/youth4artspaces\/wp-content\/uploads\/2026\/04\/zero.png\" alt=\"\" class=\"wp-image-573\" style=\"width:375px;height:auto\" srcset=\"https:\/\/www.percorsipinerolo.it\/youth4artspaces\/wp-content\/uploads\/2026\/04\/zero.png 532w, https:\/\/www.percorsipinerolo.it\/youth4artspaces\/wp-content\/uploads\/2026\/04\/zero-197x300.png 197w\" sizes=\"auto, (max-width: 532px) 100vw, 532px\" \/><button\n\t\t\tclass=\"lightbox-trigger\"\n\t\t\ttype=\"button\"\n\t\t\taria-haspopup=\"dialog\"\n\t\t\taria-label=\"Ingrandisci\"\n\t\t\tdata-wp-init=\"callbacks.initTriggerButton\"\n\t\t\tdata-wp-on--click=\"actions.showLightbox\"\n\t\t\tdata-wp-style--right=\"state.imageButtonRight\"\n\t\t\tdata-wp-style--top=\"state.imageButtonTop\"\n\t\t>\n\t\t\t<svg xmlns=\"http:\/\/www.w3.org\/2000\/svg\" width=\"12\" height=\"12\" fill=\"none\" viewBox=\"0 0 12 12\">\n\t\t\t\t<path fill=\"#fff\" d=\"M2 0a2 2 0 0 0-2 2v2h1.5V2a.5.5 0 0 1 .5-.5h2V0H2Zm2 10.5H2a.5.5 0 0 1-.5-.5V8H0v2a2 2 0 0 0 2 2h2v-1.5ZM8 12v-1.5h2a.5.5 0 0 0 .5-.5V8H12v2a2 2 0 0 1-2 2H8Zm2-12a2 2 0 0 1 2 2v2h-1.5V2a.5.5 0 0 0-.5-.5H8V0h2Z\" \/>\n\t\t\t<\/svg>\n\t\t<\/button><\/figure>\n\n\n\n<figure data-wp-context=\"{&quot;imageId&quot;:&quot;6a07404a91c1b&quot;}\" data-wp-interactive=\"core\/image\" data-wp-key=\"6a07404a91c1b\" class=\"wp-block-image size-large wp-lightbox-container\"><img loading=\"lazy\" decoding=\"async\" width=\"432\" height=\"577\" data-wp-class--hide=\"state.isContentHidden\" data-wp-class--show=\"state.isContentVisible\" data-wp-init=\"callbacks.setButtonStyles\" data-wp-on--click=\"actions.showLightbox\" data-wp-on--load=\"callbacks.setButtonStyles\" data-wp-on-window--resize=\"callbacks.setButtonStyles\" data-id=\"574\" src=\"https:\/\/www.percorsipinerolo.it\/youth4artspaces\/wp-content\/uploads\/2026\/04\/schizzo_zero.png\" alt=\"\" class=\"wp-image-574\" srcset=\"https:\/\/www.percorsipinerolo.it\/youth4artspaces\/wp-content\/uploads\/2026\/04\/schizzo_zero.png 432w, https:\/\/www.percorsipinerolo.it\/youth4artspaces\/wp-content\/uploads\/2026\/04\/schizzo_zero-225x300.png 225w\" sizes=\"auto, (max-width: 432px) 100vw, 432px\" \/><button\n\t\t\tclass=\"lightbox-trigger\"\n\t\t\ttype=\"button\"\n\t\t\taria-haspopup=\"dialog\"\n\t\t\taria-label=\"Ingrandisci\"\n\t\t\tdata-wp-init=\"callbacks.initTriggerButton\"\n\t\t\tdata-wp-on--click=\"actions.showLightbox\"\n\t\t\tdata-wp-style--right=\"state.imageButtonRight\"\n\t\t\tdata-wp-style--top=\"state.imageButtonTop\"\n\t\t>\n\t\t\t<svg xmlns=\"http:\/\/www.w3.org\/2000\/svg\" width=\"12\" height=\"12\" fill=\"none\" viewBox=\"0 0 12 12\">\n\t\t\t\t<path fill=\"#fff\" d=\"M2 0a2 2 0 0 0-2 2v2h1.5V2a.5.5 0 0 1 .5-.5h2V0H2Zm2 10.5H2a.5.5 0 0 1-.5-.5V8H0v2a2 2 0 0 0 2 2h2v-1.5ZM8 12v-1.5h2a.5.5 0 0 0 .5-.5V8H12v2a2 2 0 0 1-2 2H8Zm2-12a2 2 0 0 1 2 2v2h-1.5V2a.5.5 0 0 0-.5-.5H8V0h2Z\" \/>\n\t\t\t<\/svg>\n\t\t<\/button><\/figure>\n<\/figure>\n<\/div>\n<\/div>\n\n\n\n<p><\/p>\n\n\n\n<figure data-wp-context=\"{&quot;imageId&quot;:&quot;6a07404a92a6a&quot;}\" data-wp-interactive=\"core\/image\" data-wp-key=\"6a07404a92a6a\" class=\"wp-block-image size-large wp-lightbox-container\"><img loading=\"lazy\" decoding=\"async\" width=\"1024\" height=\"704\" data-wp-class--hide=\"state.isContentHidden\" data-wp-class--show=\"state.isContentVisible\" data-wp-init=\"callbacks.setButtonStyles\" data-wp-on--click=\"actions.showLightbox\" data-wp-on--load=\"callbacks.setButtonStyles\" data-wp-on-window--resize=\"callbacks.setButtonStyles\" src=\"https:\/\/www.percorsipinerolo.it\/youth4artspaces\/wp-content\/uploads\/2026\/04\/IMG-20260424-WA0011-1024x704.jpg\" alt=\"\" class=\"wp-image-1223\" srcset=\"https:\/\/www.percorsipinerolo.it\/youth4artspaces\/wp-content\/uploads\/2026\/04\/IMG-20260424-WA0011-1024x704.jpg 1024w, https:\/\/www.percorsipinerolo.it\/youth4artspaces\/wp-content\/uploads\/2026\/04\/IMG-20260424-WA0011-300x206.jpg 300w, https:\/\/www.percorsipinerolo.it\/youth4artspaces\/wp-content\/uploads\/2026\/04\/IMG-20260424-WA0011-768x528.jpg 768w, https:\/\/www.percorsipinerolo.it\/youth4artspaces\/wp-content\/uploads\/2026\/04\/IMG-20260424-WA0011-1536x1056.jpg 1536w, https:\/\/www.percorsipinerolo.it\/youth4artspaces\/wp-content\/uploads\/2026\/04\/IMG-20260424-WA0011.jpg 2048w\" sizes=\"auto, (max-width: 1024px) 100vw, 1024px\" \/><button\n\t\t\tclass=\"lightbox-trigger\"\n\t\t\ttype=\"button\"\n\t\t\taria-haspopup=\"dialog\"\n\t\t\taria-label=\"Ingrandisci\"\n\t\t\tdata-wp-init=\"callbacks.initTriggerButton\"\n\t\t\tdata-wp-on--click=\"actions.showLightbox\"\n\t\t\tdata-wp-style--right=\"state.imageButtonRight\"\n\t\t\tdata-wp-style--top=\"state.imageButtonTop\"\n\t\t>\n\t\t\t<svg xmlns=\"http:\/\/www.w3.org\/2000\/svg\" width=\"12\" height=\"12\" fill=\"none\" viewBox=\"0 0 12 12\">\n\t\t\t\t<path fill=\"#fff\" d=\"M2 0a2 2 0 0 0-2 2v2h1.5V2a.5.5 0 0 1 .5-.5h2V0H2Zm2 10.5H2a.5.5 0 0 1-.5-.5V8H0v2a2 2 0 0 0 2 2h2v-1.5ZM8 12v-1.5h2a.5.5 0 0 0 .5-.5V8H12v2a2 2 0 0 1-2 2H8Zm2-12a2 2 0 0 1 2 2v2h-1.5V2a.5.5 0 0 0-.5-.5H8V0h2Z\" \/>\n\t\t\t<\/svg>\n\t\t<\/button><\/figure>\n\n\n\n<p class=\"has-text-align-center\"><em><mark style=\"background-color:rgba(0, 0, 0, 0)\" class=\"has-inline-color has-black-color\">Elaborati grafici realizzati da Travet Arianna e Terreno Sara<\/mark><\/em><\/p>\n\n\n\n<p><\/p>\n","protected":false},"excerpt":{"rendered":"<p>L&#8217;opera &#8220;Serie Zero&#8221; di Paolo Grassino, situata a Pinerolo in Piazza Volontari della Libert\u00e0, \u00e8 un&#8217;installazione scultorea che raffigura una figura umana stilizzata concepita come un guscio vuoto.L&#8217;opera simboleggia una metamorfosi: dal vuoto centrale del corpo emerge una ramificazione organica che si espande verso l&#8217;esterno, rappresentando una tensione vitale tra [&hellip;]<\/p>\n","protected":false},"author":2,"featured_media":0,"parent":0,"menu_order":0,"comment_status":"closed","ping_status":"closed","template":"","meta":{"footnotes":"[]"},"class_list":["post-572","page","type-page","status-publish","hentry"],"_links":{"self":[{"href":"https:\/\/www.percorsipinerolo.it\/youth4artspaces\/wp-json\/wp\/v2\/pages\/572","targetHints":{"allow":["GET"]}}],"collection":[{"href":"https:\/\/www.percorsipinerolo.it\/youth4artspaces\/wp-json\/wp\/v2\/pages"}],"about":[{"href":"https:\/\/www.percorsipinerolo.it\/youth4artspaces\/wp-json\/wp\/v2\/types\/page"}],"author":[{"embeddable":true,"href":"https:\/\/www.percorsipinerolo.it\/youth4artspaces\/wp-json\/wp\/v2\/users\/2"}],"replies":[{"embeddable":true,"href":"https:\/\/www.percorsipinerolo.it\/youth4artspaces\/wp-json\/wp\/v2\/comments?post=572"}],"version-history":[{"count":26,"href":"https:\/\/www.percorsipinerolo.it\/youth4artspaces\/wp-json\/wp\/v2\/pages\/572\/revisions"}],"predecessor-version":[{"id":1981,"href":"https:\/\/www.percorsipinerolo.it\/youth4artspaces\/wp-json\/wp\/v2\/pages\/572\/revisions\/1981"}],"wp:attachment":[{"href":"https:\/\/www.percorsipinerolo.it\/youth4artspaces\/wp-json\/wp\/v2\/media?parent=572"}],"curies":[{"name":"wp","href":"https:\/\/api.w.org\/{rel}","templated":true}]}}