{"id":560,"date":"2026-04-16T12:40:29","date_gmt":"2026-04-16T12:40:29","guid":{"rendered":"https:\/\/www.percorsipinerolo.it\/youth4artspaces\/?page_id=560"},"modified":"2026-05-07T14:50:19","modified_gmt":"2026-05-07T14:50:19","slug":"memorial-caprilli-1907-2007-di-sandra-baldoni","status":"publish","type":"page","link":"https:\/\/www.percorsipinerolo.it\/youth4artspaces\/memorial-caprilli-1907-2007-di-sandra-baldoni\/","title":{"rendered":"\u201cMemorial Caprilli 1907-2007\u201d &#8211; Sandra Baldoni (in arte SABA)"},"content":{"rendered":"\n<ul class=\"wp-block-list\">\n<li><strong>Indirizzo<\/strong>: Giardini della stazione, piazza Garibaldi.<\/li>\n\n\n\n<li><strong>Autore<\/strong>: Sandra Baldoni<\/li>\n<\/ul>\n\n\n\n<p>L\u2019opera \u201cTeste di cavallo\u201d si trova all\u2019ingresso dei Giardini della Stazione di Pinerolo, in Piazza Garibaldi. Le due teste equine sono raffigurate su lastre in pietra di diversa altezza: quella di profilo \u00e8 collocata su una lastra pi\u00f9 bassa, mentre quella frontale su una lastra pi\u00f9 alta, creando un equilibrato gioco compositivo. Le figure, realizzate in bronzo e applicate in rilievo sulla pietra, evidenziano la capacit\u00e0 dell\u2019artista di restituire con grande precisione il vigore plastico e i dettagli anatomici dei cavalli. L\u2019uso del bronzo, oltre a valorizzare la resa formale e dinamica delle forme, garantisce nel tempo una notevole resistenza agli agenti atmosferici. Nella sua produzione artistica, documentata anche presso il Museo Storico dell\u2019Arma di Cavalleria, Sandra alternava frequentemente l\u2019impiego del bronzo alla pittura, mantenendo costante una ricerca espressiva fondata su dinamismo ed energia<br><\/p>\n\n\n\n<figure data-wp-context=\"{&quot;imageId&quot;:&quot;6a07401cc45d6&quot;}\" data-wp-interactive=\"core\/image\" data-wp-key=\"6a07401cc45d6\" class=\"wp-block-image size-large wp-lightbox-container\"><img loading=\"lazy\" decoding=\"async\" width=\"1024\" height=\"1024\" data-wp-class--hide=\"state.isContentHidden\" data-wp-class--show=\"state.isContentVisible\" data-wp-init=\"callbacks.setButtonStyles\" data-wp-on--click=\"actions.showLightbox\" data-wp-on--load=\"callbacks.setButtonStyles\" data-wp-on-window--resize=\"callbacks.setButtonStyles\" src=\"https:\/\/www.percorsipinerolo.it\/youth4artspaces\/wp-content\/uploads\/2026\/03\/IT2MAP_PUNTO2_01-1024x1024.jpeg\" alt=\"\" class=\"wp-image-252\" srcset=\"https:\/\/www.percorsipinerolo.it\/youth4artspaces\/wp-content\/uploads\/2026\/03\/IT2MAP_PUNTO2_01-1024x1024.jpeg 1024w, https:\/\/www.percorsipinerolo.it\/youth4artspaces\/wp-content\/uploads\/2026\/03\/IT2MAP_PUNTO2_01-300x300.jpeg 300w, https:\/\/www.percorsipinerolo.it\/youth4artspaces\/wp-content\/uploads\/2026\/03\/IT2MAP_PUNTO2_01-150x150.jpeg 150w, https:\/\/www.percorsipinerolo.it\/youth4artspaces\/wp-content\/uploads\/2026\/03\/IT2MAP_PUNTO2_01-768x768.jpeg 768w, https:\/\/www.percorsipinerolo.it\/youth4artspaces\/wp-content\/uploads\/2026\/03\/IT2MAP_PUNTO2_01-1536x1536.jpeg 1536w, https:\/\/www.percorsipinerolo.it\/youth4artspaces\/wp-content\/uploads\/2026\/03\/IT2MAP_PUNTO2_01-100x100.jpeg 100w, https:\/\/www.percorsipinerolo.it\/youth4artspaces\/wp-content\/uploads\/2026\/03\/IT2MAP_PUNTO2_01-700x700.jpeg 700w, https:\/\/www.percorsipinerolo.it\/youth4artspaces\/wp-content\/uploads\/2026\/03\/IT2MAP_PUNTO2_01-620x620.jpeg 620w, https:\/\/www.percorsipinerolo.it\/youth4artspaces\/wp-content\/uploads\/2026\/03\/IT2MAP_PUNTO2_01-400x400.jpeg 400w, https:\/\/www.percorsipinerolo.it\/youth4artspaces\/wp-content\/uploads\/2026\/03\/IT2MAP_PUNTO2_01.jpeg 2048w\" sizes=\"auto, (max-width: 1024px) 100vw, 1024px\" \/><button\n\t\t\tclass=\"lightbox-trigger\"\n\t\t\ttype=\"button\"\n\t\t\taria-haspopup=\"dialog\"\n\t\t\taria-label=\"Ingrandisci\"\n\t\t\tdata-wp-init=\"callbacks.initTriggerButton\"\n\t\t\tdata-wp-on--click=\"actions.showLightbox\"\n\t\t\tdata-wp-style--right=\"state.imageButtonRight\"\n\t\t\tdata-wp-style--top=\"state.imageButtonTop\"\n\t\t>\n\t\t\t<svg xmlns=\"http:\/\/www.w3.org\/2000\/svg\" width=\"12\" height=\"12\" fill=\"none\" viewBox=\"0 0 12 12\">\n\t\t\t\t<path fill=\"#fff\" d=\"M2 0a2 2 0 0 0-2 2v2h1.5V2a.5.5 0 0 1 .5-.5h2V0H2Zm2 10.5H2a.5.5 0 0 1-.5-.5V8H0v2a2 2 0 0 0 2 2h2v-1.5ZM8 12v-1.5h2a.5.5 0 0 0 .5-.5V8H12v2a2 2 0 0 1-2 2H8Zm2-12a2 2 0 0 1 2 2v2h-1.5V2a.5.5 0 0 0-.5-.5H8V0h2Z\" \/>\n\t\t\t<\/svg>\n\t\t<\/button><\/figure>\n\n\n<div class=\"wp-block-image\">\n<figure data-wp-context=\"{&quot;imageId&quot;:&quot;6a07401cc4f5c&quot;}\" data-wp-interactive=\"core\/image\" data-wp-key=\"6a07401cc4f5c\" class=\"alignleft size-full is-resized wp-lightbox-container\"><img loading=\"lazy\" decoding=\"async\" width=\"433\" height=\"577\" data-wp-class--hide=\"state.isContentHidden\" data-wp-class--show=\"state.isContentVisible\" data-wp-init=\"callbacks.setButtonStyles\" data-wp-on--click=\"actions.showLightbox\" data-wp-on--load=\"callbacks.setButtonStyles\" data-wp-on-window--resize=\"callbacks.setButtonStyles\" src=\"https:\/\/www.percorsipinerolo.it\/youth4artspaces\/wp-content\/uploads\/2026\/04\/IT2SITO_PUNTO2_03-1.png\" alt=\"\" class=\"wp-image-1090\" style=\"aspect-ratio:0.7504551485790107;width:388px;height:auto\" srcset=\"https:\/\/www.percorsipinerolo.it\/youth4artspaces\/wp-content\/uploads\/2026\/04\/IT2SITO_PUNTO2_03-1.png 433w, https:\/\/www.percorsipinerolo.it\/youth4artspaces\/wp-content\/uploads\/2026\/04\/IT2SITO_PUNTO2_03-1-225x300.png 225w\" sizes=\"auto, (max-width: 433px) 100vw, 433px\" \/><button\n\t\t\tclass=\"lightbox-trigger\"\n\t\t\ttype=\"button\"\n\t\t\taria-haspopup=\"dialog\"\n\t\t\taria-label=\"Ingrandisci\"\n\t\t\tdata-wp-init=\"callbacks.initTriggerButton\"\n\t\t\tdata-wp-on--click=\"actions.showLightbox\"\n\t\t\tdata-wp-style--right=\"state.imageButtonRight\"\n\t\t\tdata-wp-style--top=\"state.imageButtonTop\"\n\t\t>\n\t\t\t<svg xmlns=\"http:\/\/www.w3.org\/2000\/svg\" width=\"12\" height=\"12\" fill=\"none\" viewBox=\"0 0 12 12\">\n\t\t\t\t<path fill=\"#fff\" d=\"M2 0a2 2 0 0 0-2 2v2h1.5V2a.5.5 0 0 1 .5-.5h2V0H2Zm2 10.5H2a.5.5 0 0 1-.5-.5V8H0v2a2 2 0 0 0 2 2h2v-1.5ZM8 12v-1.5h2a.5.5 0 0 0 .5-.5V8H12v2a2 2 0 0 1-2 2H8Zm2-12a2 2 0 0 1 2 2v2h-1.5V2a.5.5 0 0 0-.5-.5H8V0h2Z\" \/>\n\t\t\t<\/svg>\n\t\t<\/button><\/figure>\n<\/div>\n\n\n<figure data-wp-context=\"{&quot;imageId&quot;:&quot;6a07401cc5e22&quot;}\" data-wp-interactive=\"core\/image\" data-wp-key=\"6a07401cc5e22\" class=\"wp-block-image size-full wp-lightbox-container\"><img loading=\"lazy\" decoding=\"async\" width=\"433\" height=\"577\" data-wp-class--hide=\"state.isContentHidden\" data-wp-class--show=\"state.isContentVisible\" data-wp-init=\"callbacks.setButtonStyles\" data-wp-on--click=\"actions.showLightbox\" data-wp-on--load=\"callbacks.setButtonStyles\" data-wp-on-window--resize=\"callbacks.setButtonStyles\" src=\"https:\/\/www.percorsipinerolo.it\/youth4artspaces\/wp-content\/uploads\/2026\/04\/IT2SITO_PUNTO2_04-1.png\" alt=\"\" class=\"wp-image-1091\" srcset=\"https:\/\/www.percorsipinerolo.it\/youth4artspaces\/wp-content\/uploads\/2026\/04\/IT2SITO_PUNTO2_04-1.png 433w, https:\/\/www.percorsipinerolo.it\/youth4artspaces\/wp-content\/uploads\/2026\/04\/IT2SITO_PUNTO2_04-1-225x300.png 225w\" sizes=\"auto, (max-width: 433px) 100vw, 433px\" \/><button\n\t\t\tclass=\"lightbox-trigger\"\n\t\t\ttype=\"button\"\n\t\t\taria-haspopup=\"dialog\"\n\t\t\taria-label=\"Ingrandisci\"\n\t\t\tdata-wp-init=\"callbacks.initTriggerButton\"\n\t\t\tdata-wp-on--click=\"actions.showLightbox\"\n\t\t\tdata-wp-style--right=\"state.imageButtonRight\"\n\t\t\tdata-wp-style--top=\"state.imageButtonTop\"\n\t\t>\n\t\t\t<svg xmlns=\"http:\/\/www.w3.org\/2000\/svg\" width=\"12\" height=\"12\" fill=\"none\" viewBox=\"0 0 12 12\">\n\t\t\t\t<path fill=\"#fff\" d=\"M2 0a2 2 0 0 0-2 2v2h1.5V2a.5.5 0 0 1 .5-.5h2V0H2Zm2 10.5H2a.5.5 0 0 1-.5-.5V8H0v2a2 2 0 0 0 2 2h2v-1.5ZM8 12v-1.5h2a.5.5 0 0 0 .5-.5V8H12v2a2 2 0 0 1-2 2H8Zm2-12a2 2 0 0 1 2 2v2h-1.5V2a.5.5 0 0 0-.5-.5H8V0h2Z\" \/>\n\t\t\t<\/svg>\n\t\t<\/button><\/figure>\n\n\n\n<p><\/p>\n","protected":false},"excerpt":{"rendered":"<p>L\u2019opera \u201cTeste di cavallo\u201d si trova all\u2019ingresso dei Giardini della Stazione di Pinerolo, in Piazza Garibaldi. Le due teste equine sono raffigurate su lastre in pietra di diversa altezza: quella di profilo \u00e8 collocata su una lastra pi\u00f9 bassa, mentre quella frontale su una lastra pi\u00f9 alta, creando un equilibrato [&hellip;]<\/p>\n","protected":false},"author":3,"featured_media":0,"parent":0,"menu_order":0,"comment_status":"closed","ping_status":"closed","template":"","meta":{"footnotes":""},"class_list":["post-560","page","type-page","status-publish","hentry"],"_links":{"self":[{"href":"https:\/\/www.percorsipinerolo.it\/youth4artspaces\/wp-json\/wp\/v2\/pages\/560","targetHints":{"allow":["GET"]}}],"collection":[{"href":"https:\/\/www.percorsipinerolo.it\/youth4artspaces\/wp-json\/wp\/v2\/pages"}],"about":[{"href":"https:\/\/www.percorsipinerolo.it\/youth4artspaces\/wp-json\/wp\/v2\/types\/page"}],"author":[{"embeddable":true,"href":"https:\/\/www.percorsipinerolo.it\/youth4artspaces\/wp-json\/wp\/v2\/users\/3"}],"replies":[{"embeddable":true,"href":"https:\/\/www.percorsipinerolo.it\/youth4artspaces\/wp-json\/wp\/v2\/comments?post=560"}],"version-history":[{"count":12,"href":"https:\/\/www.percorsipinerolo.it\/youth4artspaces\/wp-json\/wp\/v2\/pages\/560\/revisions"}],"predecessor-version":[{"id":1513,"href":"https:\/\/www.percorsipinerolo.it\/youth4artspaces\/wp-json\/wp\/v2\/pages\/560\/revisions\/1513"}],"wp:attachment":[{"href":"https:\/\/www.percorsipinerolo.it\/youth4artspaces\/wp-json\/wp\/v2\/media?parent=560"}],"curies":[{"name":"wp","href":"https:\/\/api.w.org\/{rel}","templated":true}]}}