{"id":551,"date":"2026-04-17T08:16:27","date_gmt":"2026-04-17T08:16:27","guid":{"rendered":"https:\/\/www.percorsipinerolo.it\/youth4artspaces\/?page_id=551"},"modified":"2026-05-08T10:01:29","modified_gmt":"2026-05-08T10:01:29","slug":"teatro-del-lavoro","status":"publish","type":"page","link":"https:\/\/www.percorsipinerolo.it\/youth4artspaces\/teatro-del-lavoro\/","title":{"rendered":"Teatro del lavoro"},"content":{"rendered":"\n<ul class=\"wp-block-list\">\n<li><strong>Indirizzo<\/strong>: via Chiappero 12, Pinerolo<\/li>\n\n\n\n<li><strong>Ente<\/strong>: Associazione La Terra Galleggiante<\/li>\n<\/ul>\n\n\n\n<p>Il Teatro del Lavoro \u00e8 situato a Pinerolo in Via Chiappero 12 ed \u00e8 gestito da La Terra Galleggiante, esso \u00e8 un centro indipendente specializzato nel teatro di figura e d&#8217;immagine. La struttura polifunzionale dispone di una sala da 99 posti, foresteria e laboratori artigianali per la creazione di scene e marionette. Oltre a ospitare il festival internazionale &#8220;Immagini dell&#8217;Interno&#8221;, promuove l&#8217;inclusione sociale e la formazione attraverso progetti didattici e collaborazioni con il territorio. \u00c8 un punto di riferimento culturale che unisce la ricerca artistica contemporanea alla partecipazione attiva dei cittadini di ogni et\u00e0.<\/p>\n\n\n\n<figure data-wp-context=\"{&quot;imageId&quot;:&quot;6a0742deb7ff3&quot;}\" data-wp-interactive=\"core\/image\" data-wp-key=\"6a0742deb7ff3\" class=\"wp-block-image size-large is-resized wp-lightbox-container\"><img loading=\"lazy\" decoding=\"async\" width=\"685\" height=\"1024\" data-wp-class--hide=\"state.isContentHidden\" data-wp-class--show=\"state.isContentVisible\" data-wp-init=\"callbacks.setButtonStyles\" data-wp-on--click=\"actions.showLightbox\" data-wp-on--load=\"callbacks.setButtonStyles\" data-wp-on-window--resize=\"callbacks.setButtonStyles\" src=\"https:\/\/www.percorsipinerolo.it\/youth4artspaces\/wp-content\/uploads\/2026\/02\/IT3MAP_PUNTO8_1-685x1024.jpg\" alt=\"\" class=\"wp-image-55\" style=\"aspect-ratio:0.6689562490667463;width:361px;height:auto\" srcset=\"https:\/\/www.percorsipinerolo.it\/youth4artspaces\/wp-content\/uploads\/2026\/02\/IT3MAP_PUNTO8_1-685x1024.jpg 685w, https:\/\/www.percorsipinerolo.it\/youth4artspaces\/wp-content\/uploads\/2026\/02\/IT3MAP_PUNTO8_1-201x300.jpg 201w, https:\/\/www.percorsipinerolo.it\/youth4artspaces\/wp-content\/uploads\/2026\/02\/IT3MAP_PUNTO8_1-768x1147.jpg 768w, https:\/\/www.percorsipinerolo.it\/youth4artspaces\/wp-content\/uploads\/2026\/02\/IT3MAP_PUNTO8_1-1028x1536.jpg 1028w, https:\/\/www.percorsipinerolo.it\/youth4artspaces\/wp-content\/uploads\/2026\/02\/IT3MAP_PUNTO8_1-1371x2048.jpg 1371w, https:\/\/www.percorsipinerolo.it\/youth4artspaces\/wp-content\/uploads\/2026\/02\/IT3MAP_PUNTO8_1-scaled.jpg 1714w\" sizes=\"auto, (max-width: 685px) 100vw, 685px\" \/><button\n\t\t\tclass=\"lightbox-trigger\"\n\t\t\ttype=\"button\"\n\t\t\taria-haspopup=\"dialog\"\n\t\t\taria-label=\"Ingrandisci\"\n\t\t\tdata-wp-init=\"callbacks.initTriggerButton\"\n\t\t\tdata-wp-on--click=\"actions.showLightbox\"\n\t\t\tdata-wp-style--right=\"state.imageButtonRight\"\n\t\t\tdata-wp-style--top=\"state.imageButtonTop\"\n\t\t>\n\t\t\t<svg xmlns=\"http:\/\/www.w3.org\/2000\/svg\" width=\"12\" height=\"12\" fill=\"none\" viewBox=\"0 0 12 12\">\n\t\t\t\t<path fill=\"#fff\" d=\"M2 0a2 2 0 0 0-2 2v2h1.5V2a.5.5 0 0 1 .5-.5h2V0H2Zm2 10.5H2a.5.5 0 0 1-.5-.5V8H0v2a2 2 0 0 0 2 2h2v-1.5ZM8 12v-1.5h2a.5.5 0 0 0 .5-.5V8H12v2a2 2 0 0 1-2 2H8Zm2-12a2 2 0 0 1 2 2v2h-1.5V2a.5.5 0 0 0-.5-.5H8V0h2Z\" \/>\n\t\t\t<\/svg>\n\t\t<\/button><\/figure>\n\n\n\n<p><\/p>\n\n\n\n<p><\/p>\n\n\n\n<p><\/p>\n","protected":false},"excerpt":{"rendered":"<p>Il Teatro del Lavoro \u00e8 situato a Pinerolo in Via Chiappero 12 ed \u00e8 gestito da La Terra Galleggiante, esso \u00e8 un centro indipendente specializzato nel teatro di figura e d&#8217;immagine. La struttura polifunzionale dispone di una sala da 99 posti, foresteria e laboratori artigianali per la creazione di scene [&hellip;]<\/p>\n","protected":false},"author":2,"featured_media":0,"parent":0,"menu_order":0,"comment_status":"closed","ping_status":"closed","template":"","meta":{"footnotes":""},"class_list":["post-551","page","type-page","status-publish","hentry"],"_links":{"self":[{"href":"https:\/\/www.percorsipinerolo.it\/youth4artspaces\/wp-json\/wp\/v2\/pages\/551","targetHints":{"allow":["GET"]}}],"collection":[{"href":"https:\/\/www.percorsipinerolo.it\/youth4artspaces\/wp-json\/wp\/v2\/pages"}],"about":[{"href":"https:\/\/www.percorsipinerolo.it\/youth4artspaces\/wp-json\/wp\/v2\/types\/page"}],"author":[{"embeddable":true,"href":"https:\/\/www.percorsipinerolo.it\/youth4artspaces\/wp-json\/wp\/v2\/users\/2"}],"replies":[{"embeddable":true,"href":"https:\/\/www.percorsipinerolo.it\/youth4artspaces\/wp-json\/wp\/v2\/comments?post=551"}],"version-history":[{"count":14,"href":"https:\/\/www.percorsipinerolo.it\/youth4artspaces\/wp-json\/wp\/v2\/pages\/551\/revisions"}],"predecessor-version":[{"id":1627,"href":"https:\/\/www.percorsipinerolo.it\/youth4artspaces\/wp-json\/wp\/v2\/pages\/551\/revisions\/1627"}],"wp:attachment":[{"href":"https:\/\/www.percorsipinerolo.it\/youth4artspaces\/wp-json\/wp\/v2\/media?parent=551"}],"curies":[{"name":"wp","href":"https:\/\/api.w.org\/{rel}","templated":true}]}}