{"id":410,"date":"2026-04-10T09:24:14","date_gmt":"2026-04-10T09:24:14","guid":{"rendered":"https:\/\/www.percorsipinerolo.it\/youth4artspaces\/?page_id=410"},"modified":"2026-05-15T09:52:12","modified_gmt":"2026-05-15T09:52:12","slug":"biblioteca-civica-camillo-alliaudi","status":"publish","type":"page","link":"https:\/\/www.percorsipinerolo.it\/youth4artspaces\/biblioteca-civica-camillo-alliaudi\/","title":{"rendered":"&#8220;Biblioteca Civica&#8221;- Camillo Alliaudi"},"content":{"rendered":"\n<ul class=\"wp-block-list\">\n<li><strong>Indirizzo<\/strong>: via Cesare Battisti 11, Pinerolo<\/li>\n\n\n\n<li><strong>Ente<\/strong>: Citt\u00e0 di Pinerolo<\/li>\n<\/ul>\n\n\n\n<p>La Biblioteca Civica &#8220;Camillo Alliaudi&#8221; di Pinerolo, fondata nel 1868, \u00e8 una delle pi\u00f9 importanti del Piemonte, con oltre 260.000 volumi. Custodisce un prezioso patrimonio di manoscritti ed edizioni antiche ed \u00e8 oggi un fondamentale punto di riferimento culturale per la comunit\u00e0, luogo di conoscenza, crescita e formazione personale.&nbsp; &nbsp; &nbsp; &nbsp; &nbsp; &nbsp; &nbsp; &nbsp; &nbsp; &nbsp; &nbsp; &nbsp; &nbsp; &nbsp; &nbsp; &nbsp; &nbsp; &nbsp; &nbsp; &nbsp; &nbsp; &nbsp; &nbsp; &nbsp; &nbsp; &nbsp; &nbsp; &nbsp; &nbsp; &nbsp; &nbsp; &nbsp; &nbsp; &nbsp; &nbsp; &nbsp; &nbsp; &nbsp; &nbsp; &nbsp; &nbsp; &nbsp; &nbsp; &nbsp; &nbsp; &nbsp; &nbsp; &nbsp; &nbsp; &nbsp; &nbsp; &nbsp; &nbsp; &nbsp; &nbsp; &nbsp; &nbsp; &nbsp; &nbsp; &nbsp; &nbsp; &nbsp; &nbsp; &nbsp; <\/p>\n\n\n\n<p>Proprio questo tema della crescita e della trasformazione trova un richiamo simbolico nell\u2019opera Serie Zero (2018) di Paolo Grassino, collocata sopra il tetto dell\u2019edificio. La scultura, che raffigura un uomo incappucciato e senza volto da cui si diramano rami, rappresenta la perdita e allo stesso tempo la possibilit\u00e0 di rinascita, suggerendo che dal cambiamento pu\u00f2 nascere una nuova identit\u00e0 \u2014 proprio come la cultura permette all\u2019individuo di evolversi e rinnovarsi.<\/p>\n\n\n\n<figure class=\"wp-block-gallery has-nested-images columns-default is-cropped wp-block-gallery-1 is-layout-flex wp-block-gallery-is-layout-flex\">\n<figure data-wp-context=\"{&quot;imageId&quot;:&quot;6a0743466f567&quot;}\" data-wp-interactive=\"core\/image\" data-wp-key=\"6a0743466f567\" class=\"wp-block-image size-large wp-lightbox-container\"><img loading=\"lazy\" decoding=\"async\" width=\"1024\" height=\"685\" data-wp-class--hide=\"state.isContentHidden\" data-wp-class--show=\"state.isContentVisible\" data-wp-init=\"callbacks.setButtonStyles\" data-wp-on--click=\"actions.showLightbox\" data-wp-on--load=\"callbacks.setButtonStyles\" data-wp-on-window--resize=\"callbacks.setButtonStyles\" data-id=\"57\" src=\"https:\/\/www.percorsipinerolo.it\/youth4artspaces\/wp-content\/uploads\/2026\/02\/IT3MAP_PUNTO3_1-1024x685.jpg\" alt=\"\" class=\"wp-image-57\" srcset=\"https:\/\/www.percorsipinerolo.it\/youth4artspaces\/wp-content\/uploads\/2026\/02\/IT3MAP_PUNTO3_1-1024x685.jpg 1024w, https:\/\/www.percorsipinerolo.it\/youth4artspaces\/wp-content\/uploads\/2026\/02\/IT3MAP_PUNTO3_1-300x201.jpg 300w, https:\/\/www.percorsipinerolo.it\/youth4artspaces\/wp-content\/uploads\/2026\/02\/IT3MAP_PUNTO3_1-768x514.jpg 768w, https:\/\/www.percorsipinerolo.it\/youth4artspaces\/wp-content\/uploads\/2026\/02\/IT3MAP_PUNTO3_1-1536x1028.jpg 1536w, https:\/\/www.percorsipinerolo.it\/youth4artspaces\/wp-content\/uploads\/2026\/02\/IT3MAP_PUNTO3_1-2048x1371.jpg 2048w\" sizes=\"auto, (max-width: 1024px) 100vw, 1024px\" \/><button\n\t\t\tclass=\"lightbox-trigger\"\n\t\t\ttype=\"button\"\n\t\t\taria-haspopup=\"dialog\"\n\t\t\taria-label=\"Ingrandisci\"\n\t\t\tdata-wp-init=\"callbacks.initTriggerButton\"\n\t\t\tdata-wp-on--click=\"actions.showLightbox\"\n\t\t\tdata-wp-style--right=\"state.imageButtonRight\"\n\t\t\tdata-wp-style--top=\"state.imageButtonTop\"\n\t\t>\n\t\t\t<svg xmlns=\"http:\/\/www.w3.org\/2000\/svg\" width=\"12\" height=\"12\" fill=\"none\" viewBox=\"0 0 12 12\">\n\t\t\t\t<path fill=\"#fff\" d=\"M2 0a2 2 0 0 0-2 2v2h1.5V2a.5.5 0 0 1 .5-.5h2V0H2Zm2 10.5H2a.5.5 0 0 1-.5-.5V8H0v2a2 2 0 0 0 2 2h2v-1.5ZM8 12v-1.5h2a.5.5 0 0 0 .5-.5V8H12v2a2 2 0 0 1-2 2H8Zm2-12a2 2 0 0 1 2 2v2h-1.5V2a.5.5 0 0 0-.5-.5H8V0h2Z\" \/>\n\t\t\t<\/svg>\n\t\t<\/button><\/figure>\n\n\n\n<figure data-wp-context=\"{&quot;imageId&quot;:&quot;6a0743466fc4b&quot;}\" data-wp-interactive=\"core\/image\" data-wp-key=\"6a0743466fc4b\" class=\"wp-block-image size-large wp-lightbox-container\"><img loading=\"lazy\" decoding=\"async\" width=\"1024\" height=\"644\" data-wp-class--hide=\"state.isContentHidden\" data-wp-class--show=\"state.isContentVisible\" data-wp-init=\"callbacks.setButtonStyles\" data-wp-on--click=\"actions.showLightbox\" data-wp-on--load=\"callbacks.setButtonStyles\" data-wp-on-window--resize=\"callbacks.setButtonStyles\" data-id=\"141\" src=\"https:\/\/www.percorsipinerolo.it\/youth4artspaces\/wp-content\/uploads\/2026\/03\/Digitalizzato_20260219-6-e1775812665739-1024x644.png\" alt=\"\" class=\"wp-image-141\" srcset=\"https:\/\/www.percorsipinerolo.it\/youth4artspaces\/wp-content\/uploads\/2026\/03\/Digitalizzato_20260219-6-e1775812665739-1024x644.png 1024w, https:\/\/www.percorsipinerolo.it\/youth4artspaces\/wp-content\/uploads\/2026\/03\/Digitalizzato_20260219-6-e1775812665739-300x189.png 300w, https:\/\/www.percorsipinerolo.it\/youth4artspaces\/wp-content\/uploads\/2026\/03\/Digitalizzato_20260219-6-e1775812665739-768x483.png 768w, https:\/\/www.percorsipinerolo.it\/youth4artspaces\/wp-content\/uploads\/2026\/03\/Digitalizzato_20260219-6-e1775812665739-1536x966.png 1536w, https:\/\/www.percorsipinerolo.it\/youth4artspaces\/wp-content\/uploads\/2026\/03\/Digitalizzato_20260219-6-e1775812665739-2048x1288.png 2048w\" sizes=\"auto, (max-width: 1024px) 100vw, 1024px\" \/><button\n\t\t\tclass=\"lightbox-trigger\"\n\t\t\ttype=\"button\"\n\t\t\taria-haspopup=\"dialog\"\n\t\t\taria-label=\"Ingrandisci\"\n\t\t\tdata-wp-init=\"callbacks.initTriggerButton\"\n\t\t\tdata-wp-on--click=\"actions.showLightbox\"\n\t\t\tdata-wp-style--right=\"state.imageButtonRight\"\n\t\t\tdata-wp-style--top=\"state.imageButtonTop\"\n\t\t>\n\t\t\t<svg xmlns=\"http:\/\/www.w3.org\/2000\/svg\" width=\"12\" height=\"12\" fill=\"none\" viewBox=\"0 0 12 12\">\n\t\t\t\t<path fill=\"#fff\" d=\"M2 0a2 2 0 0 0-2 2v2h1.5V2a.5.5 0 0 1 .5-.5h2V0H2Zm2 10.5H2a.5.5 0 0 1-.5-.5V8H0v2a2 2 0 0 0 2 2h2v-1.5ZM8 12v-1.5h2a.5.5 0 0 0 .5-.5V8H12v2a2 2 0 0 1-2 2H8Zm2-12a2 2 0 0 1 2 2v2h-1.5V2a.5.5 0 0 0-.5-.5H8V0h2Z\" \/>\n\t\t\t<\/svg>\n\t\t<\/button><\/figure>\n<\/figure>\n\n\n\n<p class=\"has-text-align-right\"><em><mark style=\"background-color:rgba(0, 0, 0, 0)\" class=\"has-inline-color has-black-color\">Elaborato grafico realizzati da Comba Martina<\/mark><\/em><\/p>\n\n\n\n<div class=\"wp-block-columns is-layout-flex wp-container-core-columns-is-layout-28f84493 wp-block-columns-is-layout-flex\">\n<div class=\"wp-block-column is-layout-flow wp-block-column-is-layout-flow\">\n<figure data-wp-context=\"{&quot;imageId&quot;:&quot;6a074346708f0&quot;}\" data-wp-interactive=\"core\/image\" data-wp-key=\"6a074346708f0\" class=\"wp-block-image size-large wp-lightbox-container\"><img loading=\"lazy\" decoding=\"async\" width=\"710\" height=\"1024\" data-wp-class--hide=\"state.isContentHidden\" data-wp-class--show=\"state.isContentVisible\" data-wp-init=\"callbacks.setButtonStyles\" data-wp-on--click=\"actions.showLightbox\" data-wp-on--load=\"callbacks.setButtonStyles\" data-wp-on-window--resize=\"callbacks.setButtonStyles\" src=\"https:\/\/www.percorsipinerolo.it\/youth4artspaces\/wp-content\/uploads\/2026\/04\/Tavola_zero-710x1024.jpg\" alt=\"\" class=\"wp-image-806\" srcset=\"https:\/\/www.percorsipinerolo.it\/youth4artspaces\/wp-content\/uploads\/2026\/04\/Tavola_zero-710x1024.jpg 710w, https:\/\/www.percorsipinerolo.it\/youth4artspaces\/wp-content\/uploads\/2026\/04\/Tavola_zero-208x300.jpg 208w, https:\/\/www.percorsipinerolo.it\/youth4artspaces\/wp-content\/uploads\/2026\/04\/Tavola_zero-768x1107.jpg 768w, https:\/\/www.percorsipinerolo.it\/youth4artspaces\/wp-content\/uploads\/2026\/04\/Tavola_zero-1065x1536.jpg 1065w, https:\/\/www.percorsipinerolo.it\/youth4artspaces\/wp-content\/uploads\/2026\/04\/Tavola_zero-1421x2048.jpg 1421w, https:\/\/www.percorsipinerolo.it\/youth4artspaces\/wp-content\/uploads\/2026\/04\/Tavola_zero.jpg 1748w\" sizes=\"auto, (max-width: 710px) 100vw, 710px\" \/><button\n\t\t\tclass=\"lightbox-trigger\"\n\t\t\ttype=\"button\"\n\t\t\taria-haspopup=\"dialog\"\n\t\t\taria-label=\"Ingrandisci\"\n\t\t\tdata-wp-init=\"callbacks.initTriggerButton\"\n\t\t\tdata-wp-on--click=\"actions.showLightbox\"\n\t\t\tdata-wp-style--right=\"state.imageButtonRight\"\n\t\t\tdata-wp-style--top=\"state.imageButtonTop\"\n\t\t>\n\t\t\t<svg xmlns=\"http:\/\/www.w3.org\/2000\/svg\" width=\"12\" height=\"12\" fill=\"none\" viewBox=\"0 0 12 12\">\n\t\t\t\t<path fill=\"#fff\" d=\"M2 0a2 2 0 0 0-2 2v2h1.5V2a.5.5 0 0 1 .5-.5h2V0H2Zm2 10.5H2a.5.5 0 0 1-.5-.5V8H0v2a2 2 0 0 0 2 2h2v-1.5ZM8 12v-1.5h2a.5.5 0 0 0 .5-.5V8H12v2a2 2 0 0 1-2 2H8Zm2-12a2 2 0 0 1 2 2v2h-1.5V2a.5.5 0 0 0-.5-.5H8V0h2Z\" \/>\n\t\t\t<\/svg>\n\t\t<\/button><\/figure>\n<\/div>\n\n\n\n<div class=\"wp-block-column is-layout-flow wp-block-column-is-layout-flow\">\n<figure data-wp-context=\"{&quot;imageId&quot;:&quot;6a07434670f81&quot;}\" data-wp-interactive=\"core\/image\" data-wp-key=\"6a07434670f81\" class=\"wp-block-image size-large wp-lightbox-container\"><img loading=\"lazy\" decoding=\"async\" width=\"702\" height=\"1024\" data-wp-class--hide=\"state.isContentHidden\" data-wp-class--show=\"state.isContentVisible\" data-wp-init=\"callbacks.setButtonStyles\" data-wp-on--click=\"actions.showLightbox\" data-wp-on--load=\"callbacks.setButtonStyles\" data-wp-on-window--resize=\"callbacks.setButtonStyles\" src=\"https:\/\/www.percorsipinerolo.it\/youth4artspaces\/wp-content\/uploads\/2026\/05\/CamScanner-28-04-2026-11.26_1-702x1024.jpg\" alt=\"\" class=\"wp-image-1486\" srcset=\"https:\/\/www.percorsipinerolo.it\/youth4artspaces\/wp-content\/uploads\/2026\/05\/CamScanner-28-04-2026-11.26_1-702x1024.jpg 702w, https:\/\/www.percorsipinerolo.it\/youth4artspaces\/wp-content\/uploads\/2026\/05\/CamScanner-28-04-2026-11.26_1-206x300.jpg 206w, https:\/\/www.percorsipinerolo.it\/youth4artspaces\/wp-content\/uploads\/2026\/05\/CamScanner-28-04-2026-11.26_1-768x1120.jpg 768w, https:\/\/www.percorsipinerolo.it\/youth4artspaces\/wp-content\/uploads\/2026\/05\/CamScanner-28-04-2026-11.26_1-1053x1536.jpg 1053w, https:\/\/www.percorsipinerolo.it\/youth4artspaces\/wp-content\/uploads\/2026\/05\/CamScanner-28-04-2026-11.26_1-1404x2048.jpg 1404w, https:\/\/www.percorsipinerolo.it\/youth4artspaces\/wp-content\/uploads\/2026\/05\/CamScanner-28-04-2026-11.26_1.jpg 1736w\" sizes=\"auto, (max-width: 702px) 100vw, 702px\" \/><button\n\t\t\tclass=\"lightbox-trigger\"\n\t\t\ttype=\"button\"\n\t\t\taria-haspopup=\"dialog\"\n\t\t\taria-label=\"Ingrandisci\"\n\t\t\tdata-wp-init=\"callbacks.initTriggerButton\"\n\t\t\tdata-wp-on--click=\"actions.showLightbox\"\n\t\t\tdata-wp-style--right=\"state.imageButtonRight\"\n\t\t\tdata-wp-style--top=\"state.imageButtonTop\"\n\t\t>\n\t\t\t<svg xmlns=\"http:\/\/www.w3.org\/2000\/svg\" width=\"12\" height=\"12\" fill=\"none\" viewBox=\"0 0 12 12\">\n\t\t\t\t<path fill=\"#fff\" d=\"M2 0a2 2 0 0 0-2 2v2h1.5V2a.5.5 0 0 1 .5-.5h2V0H2Zm2 10.5H2a.5.5 0 0 1-.5-.5V8H0v2a2 2 0 0 0 2 2h2v-1.5ZM8 12v-1.5h2a.5.5 0 0 0 .5-.5V8H12v2a2 2 0 0 1-2 2H8Zm2-12a2 2 0 0 1 2 2v2h-1.5V2a.5.5 0 0 0-.5-.5H8V0h2Z\" \/>\n\t\t\t<\/svg>\n\t\t<\/button><\/figure>\n<\/div>\n<\/div>\n\n\n\n<p><em><mark style=\"background-color:rgba(0, 0, 0, 0)\" class=\"has-inline-color has-black-color\">Elaborati grafici realizzati da Comba Martina<\/mark><\/em><\/p>\n\n\n\n<p><\/p>\n\n\n\n<p><\/p>\n","protected":false},"excerpt":{"rendered":"<p>La Biblioteca Civica &#8220;Camillo Alliaudi&#8221; di Pinerolo, fondata nel 1868, \u00e8 una delle pi\u00f9 importanti del Piemonte, con oltre 260.000 volumi. Custodisce un prezioso patrimonio di manoscritti ed edizioni antiche ed \u00e8 oggi un fondamentale punto di riferimento culturale per la comunit\u00e0, luogo di conoscenza, crescita e formazione personale.&nbsp; &nbsp; [&hellip;]<\/p>\n","protected":false},"author":2,"featured_media":0,"parent":0,"menu_order":0,"comment_status":"closed","ping_status":"closed","template":"","meta":{"footnotes":""},"class_list":["post-410","page","type-page","status-publish","hentry"],"_links":{"self":[{"href":"https:\/\/www.percorsipinerolo.it\/youth4artspaces\/wp-json\/wp\/v2\/pages\/410","targetHints":{"allow":["GET"]}}],"collection":[{"href":"https:\/\/www.percorsipinerolo.it\/youth4artspaces\/wp-json\/wp\/v2\/pages"}],"about":[{"href":"https:\/\/www.percorsipinerolo.it\/youth4artspaces\/wp-json\/wp\/v2\/types\/page"}],"author":[{"embeddable":true,"href":"https:\/\/www.percorsipinerolo.it\/youth4artspaces\/wp-json\/wp\/v2\/users\/2"}],"replies":[{"embeddable":true,"href":"https:\/\/www.percorsipinerolo.it\/youth4artspaces\/wp-json\/wp\/v2\/comments?post=410"}],"version-history":[{"count":20,"href":"https:\/\/www.percorsipinerolo.it\/youth4artspaces\/wp-json\/wp\/v2\/pages\/410\/revisions"}],"predecessor-version":[{"id":1974,"href":"https:\/\/www.percorsipinerolo.it\/youth4artspaces\/wp-json\/wp\/v2\/pages\/410\/revisions\/1974"}],"wp:attachment":[{"href":"https:\/\/www.percorsipinerolo.it\/youth4artspaces\/wp-json\/wp\/v2\/media?parent=410"}],"curies":[{"name":"wp","href":"https:\/\/api.w.org\/{rel}","templated":true}]}}