{"id":1832,"date":"2026-05-14T09:31:42","date_gmt":"2026-05-14T09:31:42","guid":{"rendered":"https:\/\/www.percorsipinerolo.it\/youth4artspaces\/?page_id=1832"},"modified":"2026-05-15T08:18:14","modified_gmt":"2026-05-15T08:18:14","slug":"staffetta-pixel-pancho","status":"publish","type":"page","link":"https:\/\/www.percorsipinerolo.it\/youth4artspaces\/staffetta-pixel-pancho\/","title":{"rendered":"&#8220;Staffetta&#8221; &#8211; Pixel Pancho"},"content":{"rendered":"\n<p><strong>Indirizzo<\/strong>: Viale Grande Torino, Palazzetto dello sport<\/p>\n\n\n\n<p><strong>Autore<\/strong>: Pixel Pancho<\/p>\n\n\n\n<p>L&#8217;opera rappresenta tre figure meccaniche che sembrano fatte di ferro arrugginito e ingranaggi; in posizione centrale e pi\u00f9 grande appare una staffetta partigiana rappresentata con sembianze umane che sembra provenire dal passato, mentre i robot&nbsp; portano il messaggio della Resistenza in un futuro post-industriale.<\/p>\n\n\n\n<p>Il murales trasforma la staffetta in un&#8217;icona senza tempo. Non \u00e8 pi\u00f9 solo un personaggio del 1944, ma un&#8217;entit\u00e0 che attraversa i secoli, dimostrando che il concetto di libert\u00e0 deve essere alimentato e &#8220;riparato&#8221; costantemente, proprio come un delicato meccanismo.<\/p>\n\n\n\n<figure data-wp-context=\"{&quot;imageId&quot;:&quot;6a074024e0500&quot;}\" data-wp-interactive=\"core\/image\" data-wp-key=\"6a074024e0500\" class=\"wp-block-image size-large wp-lightbox-container\"><img loading=\"lazy\" decoding=\"async\" width=\"1024\" height=\"606\" data-wp-class--hide=\"state.isContentHidden\" data-wp-class--show=\"state.isContentVisible\" data-wp-init=\"callbacks.setButtonStyles\" data-wp-on--click=\"actions.showLightbox\" data-wp-on--load=\"callbacks.setButtonStyles\" data-wp-on-window--resize=\"callbacks.setButtonStyles\" src=\"https:\/\/www.percorsipinerolo.it\/youth4artspaces\/wp-content\/uploads\/2026\/05\/Staffetta-1-1024x606.jpg\" alt=\"\" class=\"wp-image-1837\" srcset=\"https:\/\/www.percorsipinerolo.it\/youth4artspaces\/wp-content\/uploads\/2026\/05\/Staffetta-1-1024x606.jpg 1024w, https:\/\/www.percorsipinerolo.it\/youth4artspaces\/wp-content\/uploads\/2026\/05\/Staffetta-1-300x178.jpg 300w, https:\/\/www.percorsipinerolo.it\/youth4artspaces\/wp-content\/uploads\/2026\/05\/Staffetta-1-768x455.jpg 768w, https:\/\/www.percorsipinerolo.it\/youth4artspaces\/wp-content\/uploads\/2026\/05\/Staffetta-1-1536x909.jpg 1536w, https:\/\/www.percorsipinerolo.it\/youth4artspaces\/wp-content\/uploads\/2026\/05\/Staffetta-1-2048x1212.jpg 2048w\" sizes=\"auto, (max-width: 1024px) 100vw, 1024px\" \/><button\n\t\t\tclass=\"lightbox-trigger\"\n\t\t\ttype=\"button\"\n\t\t\taria-haspopup=\"dialog\"\n\t\t\taria-label=\"Ingrandisci\"\n\t\t\tdata-wp-init=\"callbacks.initTriggerButton\"\n\t\t\tdata-wp-on--click=\"actions.showLightbox\"\n\t\t\tdata-wp-style--right=\"state.imageButtonRight\"\n\t\t\tdata-wp-style--top=\"state.imageButtonTop\"\n\t\t>\n\t\t\t<svg xmlns=\"http:\/\/www.w3.org\/2000\/svg\" width=\"12\" height=\"12\" fill=\"none\" viewBox=\"0 0 12 12\">\n\t\t\t\t<path fill=\"#fff\" d=\"M2 0a2 2 0 0 0-2 2v2h1.5V2a.5.5 0 0 1 .5-.5h2V0H2Zm2 10.5H2a.5.5 0 0 1-.5-.5V8H0v2a2 2 0 0 0 2 2h2v-1.5ZM8 12v-1.5h2a.5.5 0 0 0 .5-.5V8H12v2a2 2 0 0 1-2 2H8Zm2-12a2 2 0 0 1 2 2v2h-1.5V2a.5.5 0 0 0-.5-.5H8V0h2Z\" \/>\n\t\t\t<\/svg>\n\t\t<\/button><\/figure>\n\n\n\n<p><\/p>\n\n\n\n<p><\/p>\n\n\n\n<p><\/p>\n","protected":false},"excerpt":{"rendered":"<p>Indirizzo: Viale Grande Torino, Palazzetto dello sport Autore: Pixel Pancho L&#8217;opera rappresenta tre figure meccaniche che sembrano fatte di ferro arrugginito e ingranaggi; in posizione centrale e pi\u00f9 grande appare una staffetta partigiana rappresentata con sembianze umane che sembra provenire dal passato, mentre i robot&nbsp; portano il messaggio della Resistenza [&hellip;]<\/p>\n","protected":false},"author":1,"featured_media":0,"parent":0,"menu_order":0,"comment_status":"closed","ping_status":"closed","template":"","meta":{"footnotes":""},"class_list":["post-1832","page","type-page","status-publish","hentry"],"_links":{"self":[{"href":"https:\/\/www.percorsipinerolo.it\/youth4artspaces\/wp-json\/wp\/v2\/pages\/1832","targetHints":{"allow":["GET"]}}],"collection":[{"href":"https:\/\/www.percorsipinerolo.it\/youth4artspaces\/wp-json\/wp\/v2\/pages"}],"about":[{"href":"https:\/\/www.percorsipinerolo.it\/youth4artspaces\/wp-json\/wp\/v2\/types\/page"}],"author":[{"embeddable":true,"href":"https:\/\/www.percorsipinerolo.it\/youth4artspaces\/wp-json\/wp\/v2\/users\/1"}],"replies":[{"embeddable":true,"href":"https:\/\/www.percorsipinerolo.it\/youth4artspaces\/wp-json\/wp\/v2\/comments?post=1832"}],"version-history":[{"count":4,"href":"https:\/\/www.percorsipinerolo.it\/youth4artspaces\/wp-json\/wp\/v2\/pages\/1832\/revisions"}],"predecessor-version":[{"id":1859,"href":"https:\/\/www.percorsipinerolo.it\/youth4artspaces\/wp-json\/wp\/v2\/pages\/1832\/revisions\/1859"}],"wp:attachment":[{"href":"https:\/\/www.percorsipinerolo.it\/youth4artspaces\/wp-json\/wp\/v2\/media?parent=1832"}],"curies":[{"name":"wp","href":"https:\/\/api.w.org\/{rel}","templated":true}]}}