{"id":1421,"date":"2026-05-08T08:36:50","date_gmt":"2026-05-08T08:36:50","guid":{"rendered":"https:\/\/www.percorsipinerolo.it\/youth4artspaces\/?page_id=1421"},"modified":"2026-05-12T15:57:01","modified_gmt":"2026-05-12T15:57:01","slug":"laboratorio-synthesis","status":"publish","type":"page","link":"https:\/\/www.percorsipinerolo.it\/youth4artspaces\/laboratorio-synthesis\/","title":{"rendered":"Laboratorio grafico: vedute e visioni"},"content":{"rendered":"\n<h2 class=\"wp-block-heading has-text-align-center\"><strong>Schizzi estemporanei&nbsp;e riqualificazioni visionarie di spazi urbani&nbsp;<\/strong><\/h2>\n\n\n\n<p class=\"has-text-align-center\"><strong><em>&nbsp;&nbsp;Oltre lo Sguardo&nbsp;<\/em><\/strong><br><\/p>\n\n\n\n<p>Benvenuti in uno spazio virtuale dove <strong>il noto <\/strong>si apre <strong>all&#8217;inedito<\/strong>. Questo \u00e8 il risultato di un <strong>Laboratorio di rigenerazione visionaria dello spazio urbano&nbsp; <\/strong>collegato ad un <strong>Laboratorio di&nbsp; generazione narrativa<\/strong> condotto dalla <strong>pedagogista MANUELA RAVECCA <\/strong>&nbsp;della Scuola di narrazione Melisirio, un percorso formativo che abita il tempo sospeso che precede l\u2019atto creativo, l\u00ec dove un\u2019idea inizia a prendere forma.<\/p>\n\n\n\n<p>Il progetto ha guidato gli studenti e le studentesse della 4 Dsa&nbsp; in un viaggio diviso in due momenti fondamentali:<\/p>\n\n\n\n<ul class=\"wp-block-list\">\n<li><strong>L\u2019Emersione del S\u00e9:<\/strong> attraverso schizzi estemporanei delle <strong>VEDUTE<\/strong> urbane<strong>,<\/strong> ogni studente ha inizialmente osservato la realt\u00e0, usando il disegno come strumento per far emergere la propria soggettivit\u00e0 e i propri talenti.<\/li>\n\n\n\n<li><strong>La Visione Condivisa:<\/strong> successivamente, la realt\u00e0 osservata \u00e8 stata trasfigurata. Il &#8220;noto&#8221; dei profili cittadini \u00e8 diventato il terreno d&#8217;innesto per il &#8220;nuovo&#8221;, trasformando i disegni in <strong>VISIONI <\/strong>di fantasia, sogni collettivi e possibilit\u00e0 inesplorate.<\/li>\n<\/ul>\n\n\n\n<p>Quello che vedete pubblicato non \u00e8 solo una serie di vedute urbane, ma la testimonianza di un desiderio che diventa consapevolezza: la capacit\u00e0 di agire sul mondo attraverso l&#8217;immaginazione per rendere visibile ci\u00f2 che, prima, non c\u2019era.<\/p>\n\n\n\n<div id=\"metaslider-id-1804\" style=\"width: 100%;\" class=\"ml-slider-3-106-0 metaslider metaslider-flex metaslider-1804 ml-slider hide-navigation-smartphone has-dots-nav ms-theme-bubble\" role=\"region\" aria-label=\"Vedute e Visioni\" data-height=\"700\" data-width=\"1000\">\n    <div id=\"metaslider_container_1804\">\n        <div id=\"metaslider_1804\">\n            <ul aria-live='off' class='slides'>\n                <li style=\"display: block; width: 100%;\" class=\"slide-1805 ms-image \" aria-roledescription=\"slide\" data-date=\"2026-05-12 15:50:10\" data-filename=\"principi_dAcaja-1-scaled-1000x700.jpg\" data-slide-type=\"image\"><img loading=\"lazy\" decoding=\"async\" src=\"https:\/\/www.percorsipinerolo.it\/youth4artspaces\/wp-content\/uploads\/2026\/05\/principi_dAcaja-1-scaled-1000x700.jpg\" height=\"700\" width=\"1000\" alt=\"\" class=\"slider-1804 slide-1805 msDefaultImage\" title=\"principi_dAcaja\" \/><\/li>\n                <li style=\"display: none; width: 100%;\" class=\"slide-1806 ms-image \" aria-roledescription=\"slide\" data-date=\"2026-05-12 15:50:20\" data-filename=\"piazzale_DonMilani-scaled-1000x700.jpg\" data-slide-type=\"image\"><img loading=\"lazy\" decoding=\"async\" src=\"https:\/\/www.percorsipinerolo.it\/youth4artspaces\/wp-content\/uploads\/2026\/05\/piazzale_DonMilani-scaled-1000x700.jpg\" height=\"700\" width=\"1000\" alt=\"\" class=\"slider-1804 slide-1806 msDefaultImage\" title=\"piazzale_DonMilani\" \/><\/li>\n                <li style=\"display: none; width: 100%;\" class=\"slide-1807 ms-image \" aria-roledescription=\"slide\" data-date=\"2026-05-12 15:50:32\" data-filename=\"Piazzale_barbero-1-scaled-1000x700.jpg\" data-slide-type=\"image\"><img loading=\"lazy\" decoding=\"async\" src=\"https:\/\/www.percorsipinerolo.it\/youth4artspaces\/wp-content\/uploads\/2026\/05\/Piazzale_barbero-1-scaled-1000x700.jpg\" height=\"700\" width=\"1000\" alt=\"\" class=\"slider-1804 slide-1807 msDefaultImage\" title=\"Piazzale_barbero\" \/><\/li>\n                <li style=\"display: none; width: 100%;\" class=\"slide-1808 ms-image \" aria-roledescription=\"slide\" data-date=\"2026-05-12 15:51:02\" data-filename=\"sottopasso_centrale-scaled-1000x700.jpg\" data-slide-type=\"image\"><img loading=\"lazy\" decoding=\"async\" src=\"https:\/\/www.percorsipinerolo.it\/youth4artspaces\/wp-content\/uploads\/2026\/05\/sottopasso_centrale-scaled-1000x700.jpg\" height=\"700\" width=\"1000\" alt=\"\" class=\"slider-1804 slide-1808 msDefaultImage\" title=\"sottopasso_centrale\" \/><\/li>\n                <li style=\"display: none; width: 100%;\" class=\"slide-1809 ms-image \" aria-roledescription=\"slide\" data-date=\"2026-05-12 15:51:09\" data-filename=\"sottopasso_olimpica-scaled-1000x700.jpg\" data-slide-type=\"image\"><img loading=\"lazy\" decoding=\"async\" src=\"https:\/\/www.percorsipinerolo.it\/youth4artspaces\/wp-content\/uploads\/2026\/05\/sottopasso_olimpica-scaled-1000x700.jpg\" height=\"700\" width=\"1000\" alt=\"\" class=\"slider-1804 slide-1809 msDefaultImage\" title=\"sottopasso_olimpica\" \/><\/li>\n                <li style=\"display: none; width: 100%;\" class=\"slide-1810 ms-image \" aria-roledescription=\"slide\" data-date=\"2026-05-12 15:51:15\" data-filename=\"Volontari_liberta-scaled-1000x700.jpg\" data-slide-type=\"image\"><img loading=\"lazy\" decoding=\"async\" src=\"https:\/\/www.percorsipinerolo.it\/youth4artspaces\/wp-content\/uploads\/2026\/05\/Volontari_liberta-scaled-1000x700.jpg\" height=\"700\" width=\"1000\" alt=\"\" class=\"slider-1804 slide-1810 msDefaultImage\" title=\"Volontari_libert\u00e0\" \/><\/li>\n                <li style=\"display: none; width: 100%;\" class=\"slide-1811 ms-image \" aria-roledescription=\"slide\" data-date=\"2026-05-12 15:51:24\" data-filename=\"IMG-20260505-WA0004-1000x700.jpg\" data-slide-type=\"image\"><img loading=\"lazy\" decoding=\"async\" src=\"https:\/\/www.percorsipinerolo.it\/youth4artspaces\/wp-content\/uploads\/2026\/05\/IMG-20260505-WA0004-1000x700.jpg\" height=\"700\" width=\"1000\" alt=\"\" class=\"slider-1804 slide-1811 msDefaultImage\" title=\"viale_giolitti\" \/><\/li>\n                <li style=\"display: none; width: 100%;\" class=\"slide-1812 ms-image \" aria-roledescription=\"slide\" data-date=\"2026-05-12 15:51:34\" data-filename=\"IMG-20260505-WA0003-1000x700.jpg\" data-slide-type=\"image\"><img loading=\"lazy\" decoding=\"async\" src=\"https:\/\/www.percorsipinerolo.it\/youth4artspaces\/wp-content\/uploads\/2026\/05\/IMG-20260505-WA0003-1000x700.jpg\" height=\"700\" width=\"1000\" alt=\"\" class=\"slider-1804 slide-1812 msDefaultImage\" title=\"visioni_future\" \/><\/li>\n                <li style=\"display: none; width: 100%;\" class=\"slide-1813 ms-image \" aria-roledescription=\"slide\" data-date=\"2026-05-12 15:51:39\" data-filename=\"IMG-20260505-WA0002-1000x700.jpg\" data-slide-type=\"image\"><img loading=\"lazy\" decoding=\"async\" src=\"https:\/\/www.percorsipinerolo.it\/youth4artspaces\/wp-content\/uploads\/2026\/05\/IMG-20260505-WA0002-1000x700.jpg\" height=\"700\" width=\"1000\" alt=\"\" class=\"slider-1804 slide-1813 msDefaultImage\" title=\"piazza_verdi\" \/><\/li>\n                <li style=\"display: none; width: 100%;\" class=\"slide-1814 ms-image \" aria-roledescription=\"slide\" data-date=\"2026-05-12 15:51:44\" data-filename=\"IMG-20260505-WA0001-1000x700.jpg\" data-slide-type=\"image\"><img loading=\"lazy\" decoding=\"async\" src=\"https:\/\/www.percorsipinerolo.it\/youth4artspaces\/wp-content\/uploads\/2026\/05\/IMG-20260505-WA0001-1000x700.jpg\" height=\"700\" width=\"1000\" alt=\"\" class=\"slider-1804 slide-1814 msDefaultImage\" title=\"visioni_future_planimetria\" \/><\/li>\n            <\/ul>\n        <\/div>\n        \n    <\/div>\n<\/div>\n\n\n\n<p><\/p>\n\n\n\n<style>\n   .youth26-fig-inc\n    {\n    width: 100%; \n    margin: auto; \n    margin-bottom: 20px;\n    }\n   \n<\/style>\n\n<figure class=\"youth26-fig-inc\">\n<div style=\"width: 100%; margin: auto; aspect-ratio: 16 \/ 9;\">\n<iframe loading=\"lazy\" width=\"100%\" height=\"100%\" src=\"https:\/\/www.youtube.com\/embed\/t_wPVY7VxZI?si=5WqwGB4gTOvhvHvo\" title=\"YouTube video player\" frameborder=\"0\" allow=\"accelerometer; autoplay; clipboard-write; encrypted-media; gyroscope; picture-in-picture; web-share\" referrerpolicy=\"strict-origin-when-cross-origin\" allowfullscreen>\n<\/iframe>\n<\/div>\n<figcaption style=\"text-align: center;\">\nUna raccolta dei momenti pi\u00f9 significativi vissuti dalla classe 4Dsa, impegnata nell&#8217;indagine degli spazi urbani e delle loro espressioni artistiche contemporanee (a cura di Gioele Verra) \n<\/figcaption>\n<\/figure>\n\n\n\n<p><\/p>\n","protected":false},"excerpt":{"rendered":"<p>Schizzi estemporanei&nbsp;e riqualificazioni visionarie di spazi urbani&nbsp; &nbsp;&nbsp;Oltre lo Sguardo&nbsp; Benvenuti in uno spazio virtuale dove il noto si apre all&#8217;inedito. Questo \u00e8 il risultato di un Laboratorio di rigenerazione visionaria dello spazio urbano&nbsp; collegato ad un Laboratorio di&nbsp; generazione narrativa condotto dalla pedagogista MANUELA RAVECCA &nbsp;della Scuola di narrazione [&hellip;]<\/p>\n","protected":false},"author":2,"featured_media":0,"parent":0,"menu_order":0,"comment_status":"closed","ping_status":"closed","template":"","meta":{"footnotes":""},"class_list":["post-1421","page","type-page","status-publish","hentry"],"_links":{"self":[{"href":"https:\/\/www.percorsipinerolo.it\/youth4artspaces\/wp-json\/wp\/v2\/pages\/1421","targetHints":{"allow":["GET"]}}],"collection":[{"href":"https:\/\/www.percorsipinerolo.it\/youth4artspaces\/wp-json\/wp\/v2\/pages"}],"about":[{"href":"https:\/\/www.percorsipinerolo.it\/youth4artspaces\/wp-json\/wp\/v2\/types\/page"}],"author":[{"embeddable":true,"href":"https:\/\/www.percorsipinerolo.it\/youth4artspaces\/wp-json\/wp\/v2\/users\/2"}],"replies":[{"embeddable":true,"href":"https:\/\/www.percorsipinerolo.it\/youth4artspaces\/wp-json\/wp\/v2\/comments?post=1421"}],"version-history":[{"count":10,"href":"https:\/\/www.percorsipinerolo.it\/youth4artspaces\/wp-json\/wp\/v2\/pages\/1421\/revisions"}],"predecessor-version":[{"id":1816,"href":"https:\/\/www.percorsipinerolo.it\/youth4artspaces\/wp-json\/wp\/v2\/pages\/1421\/revisions\/1816"}],"wp:attachment":[{"href":"https:\/\/www.percorsipinerolo.it\/youth4artspaces\/wp-json\/wp\/v2\/media?parent=1421"}],"curies":[{"name":"wp","href":"https:\/\/api.w.org\/{rel}","templated":true}]}}