{"id":126,"date":"2026-04-10T08:44:52","date_gmt":"2026-04-10T08:44:52","guid":{"rendered":"https:\/\/www.percorsipinerolo.it\/youth4artspaces\/?page_id=126"},"modified":"2026-05-15T09:59:00","modified_gmt":"2026-05-15T09:59:00","slug":"civico-istituto-musicale-corelli-pinerolo","status":"publish","type":"page","link":"https:\/\/www.percorsipinerolo.it\/youth4artspaces\/civico-istituto-musicale-corelli-pinerolo\/","title":{"rendered":"Civico Istituto Musicale Corelli Pinerolo"},"content":{"rendered":"\n<ul class=\"wp-block-list\">\n<li><strong>Indirizzo<\/strong>: Via della Rimembranza, 77 &#8211; Pinerolo<\/li>\n\n\n\n<li><strong>Ente <\/strong>: Citt\u00e0 di Pinerolo, DOC Educational<\/li>\n<\/ul>\n\n\n\n<p class=\"has-text-align-left\">il Corelli \u00e8 un&#8217;istituzione che ospita la bellezza. Tuttavia, la sua particolarit\u00e0 risiede nella sua natura immateriale: l&#8217;opera d&#8217;arte qui prodotta \u00e8 il suono, che si stratifica sulla storia delle palazzine novecentesche, rinnovandone il senso e la funzione sociale.<\/p>\n\n\n\n<p class=\"has-text-align-left\">Attraverso la pluralit\u00e0 dei suoi itinerari didattici, il Corelli incarna perfettamente il ruolo dell\u2019arte nel contesto urbano: un\u2019entit\u00e0 dinamica che educa, connette e trasforma lo spazio pubblico in un luogo di incontro vivo.<br><\/p>\n\n\n\n<p>Ospitato in due eleganti palazzine dei primi del Novecento, il <strong>Civico Istituto Musicale \u201cA. Corelli\u201d<\/strong> rappresenta una tappa fondamentale dell&#8217;itinerario. Nato nel 1965 dalla visione dell\u2019Amministrazione Comunale e di Giovanni Toselli, l&#8217;Istituto oggi \u2014 sotto la gestione di <em>DOC EDUCATIONAL<\/em> e la coordinazione di Giovanni Freiria \u2014 non \u00e8 solo una scuola, ma un vero <strong>laboratorio di arte contemporanea sonora<\/strong>.<br><\/p>\n\n\n\n<figure class=\"wp-block-gallery has-nested-images columns-default is-cropped wp-block-gallery-1 is-layout-flex wp-block-gallery-is-layout-flex\">\n<figure data-wp-context=\"{&quot;imageId&quot;:&quot;6a07404bb1dcf&quot;}\" data-wp-interactive=\"core\/image\" data-wp-key=\"6a07404bb1dcf\" class=\"wp-block-image size-large wp-lightbox-container\"><img loading=\"lazy\" decoding=\"async\" width=\"1024\" height=\"679\" data-wp-class--hide=\"state.isContentHidden\" data-wp-class--show=\"state.isContentVisible\" data-wp-init=\"callbacks.setButtonStyles\" data-wp-on--click=\"actions.showLightbox\" data-wp-on--load=\"callbacks.setButtonStyles\" data-wp-on-window--resize=\"callbacks.setButtonStyles\" data-id=\"135\" src=\"https:\/\/www.percorsipinerolo.it\/youth4artspaces\/wp-content\/uploads\/2026\/03\/corelli-sfondo-pentagramma-1-1024x679.png\" alt=\"\" class=\"wp-image-135\" srcset=\"https:\/\/www.percorsipinerolo.it\/youth4artspaces\/wp-content\/uploads\/2026\/03\/corelli-sfondo-pentagramma-1-1024x679.png 1024w, https:\/\/www.percorsipinerolo.it\/youth4artspaces\/wp-content\/uploads\/2026\/03\/corelli-sfondo-pentagramma-1-300x199.png 300w, https:\/\/www.percorsipinerolo.it\/youth4artspaces\/wp-content\/uploads\/2026\/03\/corelli-sfondo-pentagramma-1-768x509.png 768w, https:\/\/www.percorsipinerolo.it\/youth4artspaces\/wp-content\/uploads\/2026\/03\/corelli-sfondo-pentagramma-1-1536x1018.png 1536w, https:\/\/www.percorsipinerolo.it\/youth4artspaces\/wp-content\/uploads\/2026\/03\/corelli-sfondo-pentagramma-1-2048x1358.png 2048w\" sizes=\"auto, (max-width: 1024px) 100vw, 1024px\" \/><button\n\t\t\tclass=\"lightbox-trigger\"\n\t\t\ttype=\"button\"\n\t\t\taria-haspopup=\"dialog\"\n\t\t\taria-label=\"Ingrandisci\"\n\t\t\tdata-wp-init=\"callbacks.initTriggerButton\"\n\t\t\tdata-wp-on--click=\"actions.showLightbox\"\n\t\t\tdata-wp-style--right=\"state.imageButtonRight\"\n\t\t\tdata-wp-style--top=\"state.imageButtonTop\"\n\t\t>\n\t\t\t<svg xmlns=\"http:\/\/www.w3.org\/2000\/svg\" width=\"12\" height=\"12\" fill=\"none\" viewBox=\"0 0 12 12\">\n\t\t\t\t<path fill=\"#fff\" d=\"M2 0a2 2 0 0 0-2 2v2h1.5V2a.5.5 0 0 1 .5-.5h2V0H2Zm2 10.5H2a.5.5 0 0 1-.5-.5V8H0v2a2 2 0 0 0 2 2h2v-1.5ZM8 12v-1.5h2a.5.5 0 0 0 .5-.5V8H12v2a2 2 0 0 1-2 2H8Zm2-12a2 2 0 0 1 2 2v2h-1.5V2a.5.5 0 0 0-.5-.5H8V0h2Z\" \/>\n\t\t\t<\/svg>\n\t\t<\/button><\/figure>\n\n\n\n<figure data-wp-context=\"{&quot;imageId&quot;:&quot;6a07404bb241f&quot;}\" data-wp-interactive=\"core\/image\" data-wp-key=\"6a07404bb241f\" class=\"wp-block-image size-large wp-lightbox-container\"><img loading=\"lazy\" decoding=\"async\" width=\"1024\" height=\"1024\" data-wp-class--hide=\"state.isContentHidden\" data-wp-class--show=\"state.isContentVisible\" data-wp-init=\"callbacks.setButtonStyles\" data-wp-on--click=\"actions.showLightbox\" data-wp-on--load=\"callbacks.setButtonStyles\" data-wp-on-window--resize=\"callbacks.setButtonStyles\" data-id=\"152\" src=\"https:\/\/www.percorsipinerolo.it\/youth4artspaces\/wp-content\/uploads\/2026\/03\/Digitalizzato_20260219-edited-2-1024x1024.png\" alt=\"\" class=\"wp-image-152\" srcset=\"https:\/\/www.percorsipinerolo.it\/youth4artspaces\/wp-content\/uploads\/2026\/03\/Digitalizzato_20260219-edited-2-1024x1024.png 1024w, https:\/\/www.percorsipinerolo.it\/youth4artspaces\/wp-content\/uploads\/2026\/03\/Digitalizzato_20260219-edited-2-300x300.png 300w, https:\/\/www.percorsipinerolo.it\/youth4artspaces\/wp-content\/uploads\/2026\/03\/Digitalizzato_20260219-edited-2-150x150.png 150w, https:\/\/www.percorsipinerolo.it\/youth4artspaces\/wp-content\/uploads\/2026\/03\/Digitalizzato_20260219-edited-2-768x768.png 768w, https:\/\/www.percorsipinerolo.it\/youth4artspaces\/wp-content\/uploads\/2026\/03\/Digitalizzato_20260219-edited-2-100x100.png 100w, https:\/\/www.percorsipinerolo.it\/youth4artspaces\/wp-content\/uploads\/2026\/03\/Digitalizzato_20260219-edited-2.png 1315w\" sizes=\"auto, (max-width: 1024px) 100vw, 1024px\" \/><button\n\t\t\tclass=\"lightbox-trigger\"\n\t\t\ttype=\"button\"\n\t\t\taria-haspopup=\"dialog\"\n\t\t\taria-label=\"Ingrandisci\"\n\t\t\tdata-wp-init=\"callbacks.initTriggerButton\"\n\t\t\tdata-wp-on--click=\"actions.showLightbox\"\n\t\t\tdata-wp-style--right=\"state.imageButtonRight\"\n\t\t\tdata-wp-style--top=\"state.imageButtonTop\"\n\t\t>\n\t\t\t<svg xmlns=\"http:\/\/www.w3.org\/2000\/svg\" width=\"12\" height=\"12\" fill=\"none\" viewBox=\"0 0 12 12\">\n\t\t\t\t<path fill=\"#fff\" d=\"M2 0a2 2 0 0 0-2 2v2h1.5V2a.5.5 0 0 1 .5-.5h2V0H2Zm2 10.5H2a.5.5 0 0 1-.5-.5V8H0v2a2 2 0 0 0 2 2h2v-1.5ZM8 12v-1.5h2a.5.5 0 0 0 .5-.5V8H12v2a2 2 0 0 1-2 2H8Zm2-12a2 2 0 0 1 2 2v2h-1.5V2a.5.5 0 0 0-.5-.5H8V0h2Z\" \/>\n\t\t\t<\/svg>\n\t\t<\/button><\/figure>\n<\/figure>\n\n\n\n<p><\/p>\n\n\n\n<div class=\"wp-block-columns is-layout-flex wp-container-core-columns-is-layout-28f84493 wp-block-columns-is-layout-flex\">\n<div class=\"wp-block-column is-layout-flow wp-block-column-is-layout-flow\">\n<figure data-wp-context=\"{&quot;imageId&quot;:&quot;6a07404bb3017&quot;}\" data-wp-interactive=\"core\/image\" data-wp-key=\"6a07404bb3017\" class=\"wp-block-image size-large wp-lightbox-container\"><img loading=\"lazy\" decoding=\"async\" width=\"1024\" height=\"732\" data-wp-class--hide=\"state.isContentHidden\" data-wp-class--show=\"state.isContentVisible\" data-wp-init=\"callbacks.setButtonStyles\" data-wp-on--click=\"actions.showLightbox\" data-wp-on--load=\"callbacks.setButtonStyles\" data-wp-on-window--resize=\"callbacks.setButtonStyles\" src=\"https:\/\/www.percorsipinerolo.it\/youth4artspaces\/wp-content\/uploads\/2026\/04\/Tavola_IstitutoCorelli-scaled-e1776416149399-1024x732.jpg\" alt=\"\" class=\"wp-image-796\" srcset=\"https:\/\/www.percorsipinerolo.it\/youth4artspaces\/wp-content\/uploads\/2026\/04\/Tavola_IstitutoCorelli-scaled-e1776416149399-1024x732.jpg 1024w, https:\/\/www.percorsipinerolo.it\/youth4artspaces\/wp-content\/uploads\/2026\/04\/Tavola_IstitutoCorelli-scaled-e1776416149399-300x214.jpg 300w, https:\/\/www.percorsipinerolo.it\/youth4artspaces\/wp-content\/uploads\/2026\/04\/Tavola_IstitutoCorelli-scaled-e1776416149399-768x549.jpg 768w, https:\/\/www.percorsipinerolo.it\/youth4artspaces\/wp-content\/uploads\/2026\/04\/Tavola_IstitutoCorelli-scaled-e1776416149399-1536x1097.jpg 1536w, https:\/\/www.percorsipinerolo.it\/youth4artspaces\/wp-content\/uploads\/2026\/04\/Tavola_IstitutoCorelli-scaled-e1776416149399-2048x1463.jpg 2048w\" sizes=\"auto, (max-width: 1024px) 100vw, 1024px\" \/><button\n\t\t\tclass=\"lightbox-trigger\"\n\t\t\ttype=\"button\"\n\t\t\taria-haspopup=\"dialog\"\n\t\t\taria-label=\"Ingrandisci\"\n\t\t\tdata-wp-init=\"callbacks.initTriggerButton\"\n\t\t\tdata-wp-on--click=\"actions.showLightbox\"\n\t\t\tdata-wp-style--right=\"state.imageButtonRight\"\n\t\t\tdata-wp-style--top=\"state.imageButtonTop\"\n\t\t>\n\t\t\t<svg xmlns=\"http:\/\/www.w3.org\/2000\/svg\" width=\"12\" height=\"12\" fill=\"none\" viewBox=\"0 0 12 12\">\n\t\t\t\t<path fill=\"#fff\" d=\"M2 0a2 2 0 0 0-2 2v2h1.5V2a.5.5 0 0 1 .5-.5h2V0H2Zm2 10.5H2a.5.5 0 0 1-.5-.5V8H0v2a2 2 0 0 0 2 2h2v-1.5ZM8 12v-1.5h2a.5.5 0 0 0 .5-.5V8H12v2a2 2 0 0 1-2 2H8Zm2-12a2 2 0 0 1 2 2v2h-1.5V2a.5.5 0 0 0-.5-.5H8V0h2Z\" \/>\n\t\t\t<\/svg>\n\t\t<\/button><\/figure>\n<\/div>\n\n\n\n<div class=\"wp-block-column is-layout-flow wp-block-column-is-layout-flow\">\n<figure data-wp-context=\"{&quot;imageId&quot;:&quot;6a07404bb3693&quot;}\" data-wp-interactive=\"core\/image\" data-wp-key=\"6a07404bb3693\" class=\"wp-block-image size-large wp-lightbox-container\"><img loading=\"lazy\" decoding=\"async\" width=\"1024\" height=\"711\" data-wp-class--hide=\"state.isContentHidden\" data-wp-class--show=\"state.isContentVisible\" data-wp-init=\"callbacks.setButtonStyles\" data-wp-on--click=\"actions.showLightbox\" data-wp-on--load=\"callbacks.setButtonStyles\" data-wp-on-window--resize=\"callbacks.setButtonStyles\" src=\"https:\/\/www.percorsipinerolo.it\/youth4artspaces\/wp-content\/uploads\/2026\/05\/CamScanner-28-04-2026-11.26_6-e1778231892398-1024x711.jpg\" alt=\"\" class=\"wp-image-1495\" srcset=\"https:\/\/www.percorsipinerolo.it\/youth4artspaces\/wp-content\/uploads\/2026\/05\/CamScanner-28-04-2026-11.26_6-e1778231892398-1024x711.jpg 1024w, https:\/\/www.percorsipinerolo.it\/youth4artspaces\/wp-content\/uploads\/2026\/05\/CamScanner-28-04-2026-11.26_6-e1778231892398-300x208.jpg 300w, https:\/\/www.percorsipinerolo.it\/youth4artspaces\/wp-content\/uploads\/2026\/05\/CamScanner-28-04-2026-11.26_6-e1778231892398-768x533.jpg 768w, https:\/\/www.percorsipinerolo.it\/youth4artspaces\/wp-content\/uploads\/2026\/05\/CamScanner-28-04-2026-11.26_6-e1778231892398-1536x1066.jpg 1536w, https:\/\/www.percorsipinerolo.it\/youth4artspaces\/wp-content\/uploads\/2026\/05\/CamScanner-28-04-2026-11.26_6-e1778231892398-2048x1421.jpg 2048w\" sizes=\"auto, (max-width: 1024px) 100vw, 1024px\" \/><button\n\t\t\tclass=\"lightbox-trigger\"\n\t\t\ttype=\"button\"\n\t\t\taria-haspopup=\"dialog\"\n\t\t\taria-label=\"Ingrandisci\"\n\t\t\tdata-wp-init=\"callbacks.initTriggerButton\"\n\t\t\tdata-wp-on--click=\"actions.showLightbox\"\n\t\t\tdata-wp-style--right=\"state.imageButtonRight\"\n\t\t\tdata-wp-style--top=\"state.imageButtonTop\"\n\t\t>\n\t\t\t<svg xmlns=\"http:\/\/www.w3.org\/2000\/svg\" width=\"12\" height=\"12\" fill=\"none\" viewBox=\"0 0 12 12\">\n\t\t\t\t<path fill=\"#fff\" d=\"M2 0a2 2 0 0 0-2 2v2h1.5V2a.5.5 0 0 1 .5-.5h2V0H2Zm2 10.5H2a.5.5 0 0 1-.5-.5V8H0v2a2 2 0 0 0 2 2h2v-1.5ZM8 12v-1.5h2a.5.5 0 0 0 .5-.5V8H12v2a2 2 0 0 1-2 2H8Zm2-12a2 2 0 0 1 2 2v2h-1.5V2a.5.5 0 0 0-.5-.5H8V0h2Z\" \/>\n\t\t\t<\/svg>\n\t\t<\/button><\/figure>\n<\/div>\n<\/div>\n\n\n\n<p class=\"has-text-align-center\"><\/p>\n\n\n\n<p class=\"has-text-align-center\"><em><mark style=\"background-color:rgba(0, 0, 0, 0)\" class=\"has-inline-color has-black-color\">Elaborati grafici realizzati da Sallen Sofia<\/mark><\/em><\/p>\n\n\n\n<p><\/p>\n","protected":false},"excerpt":{"rendered":"<p>il Corelli \u00e8 un&#8217;istituzione che ospita la bellezza. Tuttavia, la sua particolarit\u00e0 risiede nella sua natura immateriale: l&#8217;opera d&#8217;arte qui prodotta \u00e8 il suono, che si stratifica sulla storia delle palazzine novecentesche, rinnovandone il senso e la funzione sociale. Attraverso la pluralit\u00e0 dei suoi itinerari didattici, il Corelli incarna perfettamente [&hellip;]<\/p>\n","protected":false},"author":2,"featured_media":0,"parent":0,"menu_order":0,"comment_status":"closed","ping_status":"closed","template":"","meta":{"footnotes":""},"class_list":["post-126","page","type-page","status-publish","hentry"],"_links":{"self":[{"href":"https:\/\/www.percorsipinerolo.it\/youth4artspaces\/wp-json\/wp\/v2\/pages\/126","targetHints":{"allow":["GET"]}}],"collection":[{"href":"https:\/\/www.percorsipinerolo.it\/youth4artspaces\/wp-json\/wp\/v2\/pages"}],"about":[{"href":"https:\/\/www.percorsipinerolo.it\/youth4artspaces\/wp-json\/wp\/v2\/types\/page"}],"author":[{"embeddable":true,"href":"https:\/\/www.percorsipinerolo.it\/youth4artspaces\/wp-json\/wp\/v2\/users\/2"}],"replies":[{"embeddable":true,"href":"https:\/\/www.percorsipinerolo.it\/youth4artspaces\/wp-json\/wp\/v2\/comments?post=126"}],"version-history":[{"count":24,"href":"https:\/\/www.percorsipinerolo.it\/youth4artspaces\/wp-json\/wp\/v2\/pages\/126\/revisions"}],"predecessor-version":[{"id":1985,"href":"https:\/\/www.percorsipinerolo.it\/youth4artspaces\/wp-json\/wp\/v2\/pages\/126\/revisions\/1985"}],"wp:attachment":[{"href":"https:\/\/www.percorsipinerolo.it\/youth4artspaces\/wp-json\/wp\/v2\/media?parent=126"}],"curies":[{"name":"wp","href":"https:\/\/api.w.org\/{rel}","templated":true}]}}